{"id":705,"date":"2021-06-18T17:52:32","date_gmt":"2021-06-18T17:52:32","guid":{"rendered":"https:\/\/wildhogoverland.com\/?post_type=product&#038;p=705"},"modified":"2025-07-15T18:20:34","modified_gmt":"2025-07-15T18:20:34","slug":"eslinga-kinetica-22mm","status":"publish","type":"product","link":"https:\/\/wildhogoverland.com\/?product=eslinga-kinetica-22mm","title":{"rendered":"Eslinga kinetica 22mm"},"content":{"rendered":"<p>La eslinga el\u00e1stica o kin\u00e9tica es la mas apropiada para que un veh\u00edculo tire de otro que se ha quedado atascado. El hecho de que sea el\u00e1stica resulta fundamental en estos casos. Puede llegar a estirarse hasta un 30% de su longitud.<\/p>\n<p>Su uso deber\u00eda limitarse a la operaci\u00f3n necesaria para sacar a otro veh\u00edculo de donde ha quedado atascado. Nos referimos a terrenos resbaladizos, pedregosos y lodazales.<\/p>\n<p>22mm (7\/8&#8243;) \u00a0x 9 metros<\/p>\n<p>Capacidad 12 Ton<\/p>\n<p>Incluye estuche de transporte<\/p>\n","protected":false},"excerpt":{"rendered":"<p>La eslinga el\u00e1stica o kin\u00e9tica es la mas apropiada para que un veh\u00edculo tire de otro que se ha quedado atascado. El hecho de que sea el\u00e1stica resulta fundamental en estos casos. Puede llegar a estirarse hasta un 30% de su longitud. Su uso deber\u00eda limitarse a la operaci\u00f3n necesaria para sacar a otro veh\u00edculo&hellip;&nbsp;<a href=\"https:\/\/wildhogoverland.com\/?product=eslinga-kinetica-22mm\" rel=\"bookmark\">Read More &raquo;<span class=\"screen-reader-text\">Eslinga kinetica 22mm<\/span><\/a><\/p>\n","protected":false},"featured_media":3169,"template":"","meta":{"neve_meta_sidebar":"","neve_meta_container":"","neve_meta_enable_content_width":"off","neve_meta_content_width":100,"neve_meta_title_alignment":"","neve_meta_author_avatar":"","neve_post_elements_order":"","neve_meta_disable_header":"","neve_meta_disable_footer":"","neve_meta_disable_title":"","neve_meta_reading_time":""},"product_brand":[],"product_cat":[25],"product_tag":[],"class_list":{"0":"post-705","1":"product","2":"type-product","3":"status-publish","4":"has-post-thumbnail","6":"product_cat-equipo","7":"product_shipping_class-fedex","9":"first","10":"outofstock","11":"shipping-taxable","12":"purchasable","13":"product-type-simple"},"_links":{"self":[{"href":"https:\/\/wildhogoverland.com\/index.php?rest_route=\/wp\/v2\/product\/705","targetHints":{"allow":["GET"]}}],"collection":[{"href":"https:\/\/wildhogoverland.com\/index.php?rest_route=\/wp\/v2\/product"}],"about":[{"href":"https:\/\/wildhogoverland.com\/index.php?rest_route=\/wp\/v2\/types\/product"}],"wp:featuredmedia":[{"embeddable":true,"href":"https:\/\/wildhogoverland.com\/index.php?rest_route=\/wp\/v2\/media\/3169"}],"wp:attachment":[{"href":"https:\/\/wildhogoverland.com\/index.php?rest_route=%2Fwp%2Fv2%2Fmedia&parent=705"}],"wp:term":[{"taxonomy":"product_brand","embeddable":true,"href":"https:\/\/wildhogoverland.com\/index.php?rest_route=%2Fwp%2Fv2%2Fproduct_brand&post=705"},{"taxonomy":"product_cat","embeddable":true,"href":"https:\/\/wildhogoverland.com\/index.php?rest_route=%2Fwp%2Fv2%2Fproduct_cat&post=705"},{"taxonomy":"product_tag","embeddable":true,"href":"https:\/\/wildhogoverland.com\/index.php?rest_route=%2Fwp%2Fv2%2Fproduct_tag&post=705"}],"curies":[{"name":"wp","href":"https:\/\/api.w.org\/{rel}","templated":true}]}}