{"id":691,"date":"2021-05-27T23:05:08","date_gmt":"2021-05-27T23:05:08","guid":{"rendered":"https:\/\/wildhogoverland.com\/?post_type=product&#038;p=691"},"modified":"2026-04-01T19:22:53","modified_gmt":"2026-04-01T19:22:53","slug":"eslinga-cinetica-wild-hog","status":"publish","type":"product","link":"https:\/\/wildhogoverland.com\/?product=eslinga-cinetica-wild-hog","title":{"rendered":"Eslinga kinetica WHO"},"content":{"rendered":"<p>La eslinga el\u00e1stica o kin\u00e9tica es la m\u00e1s apropiada para que un veh\u00edculo tire de otro que se ha quedado atascado. El hecho de que sea el\u00e1stica resulta fundamental en estos casos. Puede llegar a estirarse hasta un 30% de su longitud.<\/p>\n<p>Su uso deber\u00eda limitarse a la operaci\u00f3n necesaria para sacar a otro veh\u00edculo de donde ha quedado atascado en terrenos resbaladizos, pedregosos y lodazales.<\/p>\n<p>22mm (7\/8&#8243;) x 9 metros<\/p>\n<p>Capacidad 10 Ton<\/p>\n","protected":false},"excerpt":{"rendered":"<p>La eslinga el\u00e1stica o kin\u00e9tica es la m\u00e1s apropiada para que un veh\u00edculo tire de otro que se ha quedado atascado. El hecho de que sea el\u00e1stica resulta fundamental en estos casos. Puede llegar a estirarse hasta un 30% de su longitud. Su uso deber\u00eda limitarse a la operaci\u00f3n necesaria para sacar a otro veh\u00edculo&hellip;&nbsp;<a href=\"https:\/\/wildhogoverland.com\/?product=eslinga-cinetica-wild-hog\" rel=\"bookmark\">Read More &raquo;<span class=\"screen-reader-text\">Eslinga kinetica WHO<\/span><\/a><\/p>\n","protected":false},"featured_media":2515,"template":"","meta":{"neve_meta_sidebar":"","neve_meta_container":"","neve_meta_enable_content_width":"off","neve_meta_content_width":100,"neve_meta_title_alignment":"","neve_meta_author_avatar":"","neve_post_elements_order":"","neve_meta_disable_header":"","neve_meta_disable_footer":"","neve_meta_disable_title":"","neve_meta_reading_time":""},"product_brand":[],"product_cat":[25],"product_tag":[],"class_list":{"0":"post-691","1":"product","2":"type-product","3":"status-publish","4":"has-post-thumbnail","6":"product_cat-equipo","7":"product_shipping_class-fedex","9":"first","10":"instock","11":"sale","12":"shipping-taxable","13":"purchasable","14":"product-type-simple"},"_links":{"self":[{"href":"https:\/\/wildhogoverland.com\/index.php?rest_route=\/wp\/v2\/product\/691","targetHints":{"allow":["GET"]}}],"collection":[{"href":"https:\/\/wildhogoverland.com\/index.php?rest_route=\/wp\/v2\/product"}],"about":[{"href":"https:\/\/wildhogoverland.com\/index.php?rest_route=\/wp\/v2\/types\/product"}],"wp:featuredmedia":[{"embeddable":true,"href":"https:\/\/wildhogoverland.com\/index.php?rest_route=\/wp\/v2\/media\/2515"}],"wp:attachment":[{"href":"https:\/\/wildhogoverland.com\/index.php?rest_route=%2Fwp%2Fv2%2Fmedia&parent=691"}],"wp:term":[{"taxonomy":"product_brand","embeddable":true,"href":"https:\/\/wildhogoverland.com\/index.php?rest_route=%2Fwp%2Fv2%2Fproduct_brand&post=691"},{"taxonomy":"product_cat","embeddable":true,"href":"https:\/\/wildhogoverland.com\/index.php?rest_route=%2Fwp%2Fv2%2Fproduct_cat&post=691"},{"taxonomy":"product_tag","embeddable":true,"href":"https:\/\/wildhogoverland.com\/index.php?rest_route=%2Fwp%2Fv2%2Fproduct_tag&post=691"}],"curies":[{"name":"wp","href":"https:\/\/api.w.org\/{rel}","templated":true}]}}