{"id":480,"date":"2020-11-03T20:15:23","date_gmt":"2020-11-03T20:15:23","guid":{"rendered":"https:\/\/wildhogoverland.com\/?post_type=product&#038;p=480"},"modified":"2026-03-08T20:13:39","modified_gmt":"2026-03-08T20:13:39","slug":"eslinga-redonda-3-mts","status":"publish","type":"product","link":"https:\/\/wildhogoverland.com\/?product=eslinga-redonda-3-mts","title":{"rendered":"Eslinga redonda 3 mts"},"content":{"rendered":"<p>Eslingas elaboradas orgullosamente en Mexico, con materiales de la m\u00e1s alta calidad, cada detalle en el proceso de elaboraci\u00f3n esta debidamente cuidado para ofrecerle un producto premium de calidad industrial.<\/p>\n<p>Las eslingas redondas sin fin son las m\u00e1s avanzadas en cuanto a tecnolog\u00eda, se componen por m\u00faltiples fibras de poli\u00e9ster enrolladas en su circunferencia y tienen una funda doble tambi\u00e9n de poli\u00e9ster, debido a esta constituci\u00f3n de m\u00faltiples fibras las eslingas redondas son muy maleables y flexibles.<\/p>\n<p>Cumplen con la norma WSTDA WS-1 WS-2 TH-1 . Con un factor de seguridad 5:1, que se refiere a que las eslingas resisten cinco veces la capacidad que se describe en la etiqueta. Cada eslinga cuenta con un\u00a0 certificado de calidad.<\/p>\n<div class=\"page\" title=\"Page 1\">\n<div class=\"layoutArea\">\n<div class=\"column\"><\/div>\n<div class=\"column\">\n<p>Largo 3 metros, capacidad vertical 2,404 kg<\/p>\n<\/div>\n<\/div>\n<\/div>\n","protected":false},"excerpt":{"rendered":"<p>Eslingas elaboradas orgullosamente en Mexico, con materiales de la m\u00e1s alta calidad, cada detalle en el proceso de elaboraci\u00f3n esta debidamente cuidado para ofrecerle un producto premium de calidad industrial. Las eslingas redondas sin fin son las m\u00e1s avanzadas en cuanto a tecnolog\u00eda, se componen por m\u00faltiples fibras de poli\u00e9ster enrolladas en su circunferencia y&hellip;&nbsp;<a href=\"https:\/\/wildhogoverland.com\/?product=eslinga-redonda-3-mts\" rel=\"bookmark\">Read More &raquo;<span class=\"screen-reader-text\">Eslinga redonda 3 mts<\/span><\/a><\/p>\n","protected":false},"featured_media":481,"template":"","meta":{"neve_meta_sidebar":"","neve_meta_container":"","neve_meta_enable_content_width":"off","neve_meta_content_width":100,"neve_meta_title_alignment":"","neve_meta_author_avatar":"","neve_post_elements_order":"","neve_meta_disable_header":"","neve_meta_disable_footer":"","neve_meta_disable_title":"","neve_meta_reading_time":""},"product_brand":[],"product_cat":[25],"product_tag":[],"class_list":{"0":"post-480","1":"product","2":"type-product","3":"status-publish","4":"has-post-thumbnail","6":"product_cat-equipo","7":"product_shipping_class-fedex","9":"first","10":"outofstock","11":"sale","12":"shipping-taxable","13":"purchasable","14":"product-type-simple"},"_links":{"self":[{"href":"https:\/\/wildhogoverland.com\/index.php?rest_route=\/wp\/v2\/product\/480","targetHints":{"allow":["GET"]}}],"collection":[{"href":"https:\/\/wildhogoverland.com\/index.php?rest_route=\/wp\/v2\/product"}],"about":[{"href":"https:\/\/wildhogoverland.com\/index.php?rest_route=\/wp\/v2\/types\/product"}],"wp:featuredmedia":[{"embeddable":true,"href":"https:\/\/wildhogoverland.com\/index.php?rest_route=\/wp\/v2\/media\/481"}],"wp:attachment":[{"href":"https:\/\/wildhogoverland.com\/index.php?rest_route=%2Fwp%2Fv2%2Fmedia&parent=480"}],"wp:term":[{"taxonomy":"product_brand","embeddable":true,"href":"https:\/\/wildhogoverland.com\/index.php?rest_route=%2Fwp%2Fv2%2Fproduct_brand&post=480"},{"taxonomy":"product_cat","embeddable":true,"href":"https:\/\/wildhogoverland.com\/index.php?rest_route=%2Fwp%2Fv2%2Fproduct_cat&post=480"},{"taxonomy":"product_tag","embeddable":true,"href":"https:\/\/wildhogoverland.com\/index.php?rest_route=%2Fwp%2Fv2%2Fproduct_tag&post=480"}],"curies":[{"name":"wp","href":"https:\/\/api.w.org\/{rel}","templated":true}]}}