{"id":3916,"date":"2025-10-03T23:41:25","date_gmt":"2025-10-03T23:41:25","guid":{"rendered":"https:\/\/wildhogoverland.com\/?post_type=product&#038;p=3916"},"modified":"2026-01-13T17:59:08","modified_gmt":"2026-01-13T17:59:08","slug":"base-rugged-para-radio-jeep-jl","status":"publish","type":"product","link":"https:\/\/wildhogoverland.com\/?product=base-rugged-para-radio-jeep-jl","title":{"rendered":"Base Rugged para radio Jeep Jl"},"content":{"rendered":"<p class=\"p1\">Monta f\u00e1cilmente tu radio en un Jeep JL o JT Gladiator sin necesidad de perforar ni cortar. Este soporte de radio para Jeep permite una colocaci\u00f3n conveniente del radio en el lado del pasajero de la consola central, utilizando los puntos de montaje originales de f\u00e1brica.<\/p>\n<p class=\"p1\">Nuestro soporte en U (incluido con tu Rugged Radio) se fija directamente al montaje usando la torniller\u00eda incluida. Tambi\u00e9n es compatible con la mayor\u00eda de los soportes universales para radios m\u00f3viles.<\/p>\n<p class=\"p3\"><b>Caracter\u00edsticas principales:<\/b><b><\/b><\/p>\n<ul>\n<li>\n<p class=\"p1\">Soporte universal para radios m\u00f3viles<\/p>\n<\/li>\n<li>\n<p class=\"p1\">Se instala c\u00f3modamente en el lado del pasajero de la consola central<\/p>\n<\/li>\n<li>\n<p class=\"p1\">Recubrimiento negro con textura ligera en polvo<\/p>\n<\/li>\n<li>\n<p class=\"p1\">No requiere perforaci\u00f3n ni cortes<\/p>\n<\/li>\n<li>\n<p class=\"p1\">Utiliza los puntos de montaje de f\u00e1brica<\/p>\n<\/li>\n<li>\n<p class=\"p1\">\u00a1El soporte sin complicaciones para Jeep JL y JT que necesitas!<\/p>\n<\/li>\n<\/ul>\n<p class=\"p3\"><b>Compatibilidad con veh\u00edculos:<\/b><b><\/b><\/p>\n<ul>\n<li>\n<p class=\"p1\">Jeep Wrangler JL, JLU (2018 a la fecha)<\/p>\n<\/li>\n<li>\n<p class=\"p1\">Jeep Gladiator JT (2020 a la fecha)<\/p>\n<\/li>\n<li>\n<p class=\"p1\">Jeep JL 4xe (contactar para orientaci\u00f3n espec\u00edfica de compatibilidad)<\/p>\n<\/li>\n<\/ul>\n<p class=\"p3\"><b>Compatibilidad con radios:<\/b><b><\/b><\/p>\n<p class=\"p1\">Rugged Radios GMR25, GMR45, RDM-DB, M1, G1, G4, Motorola CM300D, Icom F5021, ABM25, o cualquier otro radio m\u00f3vil.<\/p>\n","protected":false},"excerpt":{"rendered":"<p>Monta f\u00e1cilmente tu radio en un Jeep JL o JT Gladiator sin necesidad de perforar ni cortar. Este soporte de radio para Jeep permite una colocaci\u00f3n conveniente del radio en el lado del pasajero de la consola central, utilizando los puntos de montaje originales de f\u00e1brica. Nuestro soporte en U (incluido con tu Rugged Radio)&hellip;&nbsp;<a href=\"https:\/\/wildhogoverland.com\/?product=base-rugged-para-radio-jeep-jl\" rel=\"bookmark\">Read More &raquo;<span class=\"screen-reader-text\">Base Rugged para radio Jeep Jl<\/span><\/a><\/p>\n","protected":false},"featured_media":3917,"template":"","meta":{"neve_meta_sidebar":"","neve_meta_container":"","neve_meta_enable_content_width":"off","neve_meta_content_width":100,"neve_meta_title_alignment":"","neve_meta_author_avatar":"","neve_post_elements_order":"","neve_meta_disable_header":"","neve_meta_disable_footer":"","neve_meta_disable_title":"","neve_meta_reading_time":""},"product_brand":[],"product_cat":[51],"product_tag":[],"class_list":{"0":"post-3916","1":"product","2":"type-product","3":"status-publish","4":"has-post-thumbnail","6":"product_cat-ruggedradios","7":"product_shipping_class-fedex","9":"first","10":"instock","11":"shipping-taxable","12":"purchasable","13":"product-type-simple"},"_links":{"self":[{"href":"https:\/\/wildhogoverland.com\/index.php?rest_route=\/wp\/v2\/product\/3916","targetHints":{"allow":["GET"]}}],"collection":[{"href":"https:\/\/wildhogoverland.com\/index.php?rest_route=\/wp\/v2\/product"}],"about":[{"href":"https:\/\/wildhogoverland.com\/index.php?rest_route=\/wp\/v2\/types\/product"}],"wp:featuredmedia":[{"embeddable":true,"href":"https:\/\/wildhogoverland.com\/index.php?rest_route=\/wp\/v2\/media\/3917"}],"wp:attachment":[{"href":"https:\/\/wildhogoverland.com\/index.php?rest_route=%2Fwp%2Fv2%2Fmedia&parent=3916"}],"wp:term":[{"taxonomy":"product_brand","embeddable":true,"href":"https:\/\/wildhogoverland.com\/index.php?rest_route=%2Fwp%2Fv2%2Fproduct_brand&post=3916"},{"taxonomy":"product_cat","embeddable":true,"href":"https:\/\/wildhogoverland.com\/index.php?rest_route=%2Fwp%2Fv2%2Fproduct_cat&post=3916"},{"taxonomy":"product_tag","embeddable":true,"href":"https:\/\/wildhogoverland.com\/index.php?rest_route=%2Fwp%2Fv2%2Fproduct_tag&post=3916"}],"curies":[{"name":"wp","href":"https:\/\/api.w.org\/{rel}","templated":true}]}}