{"id":3912,"date":"2025-10-03T23:40:07","date_gmt":"2025-10-03T23:40:07","guid":{"rendered":"https:\/\/wildhogoverland.com\/?post_type=product&#038;p=3912"},"modified":"2025-10-09T17:26:46","modified_gmt":"2025-10-09T17:26:46","slug":"base-rugged-para-radio-jeep-jk","status":"publish","type":"product","link":"https:\/\/wildhogoverland.com\/?product=base-rugged-para-radio-jeep-jk","title":{"rendered":"Base Rugged para radio Jeep JK"},"content":{"rendered":"<p class=\"p1\">\u00a1Monta f\u00e1cilmente tu radio en un <span class=\"s1\"><b>Jeep Wrangler JK<\/b><\/span> y <span class=\"s1\"><b>Unlimited (JKU)<\/b><\/span> sin necesidad de perforar ni cortar! Este soporte para radio permite una colocaci\u00f3n pr\u00e1ctica en el lado del pasajero de la consola central, utilizando los puntos de montaje originales de f\u00e1brica.<\/p>\n<p class=\"p1\">Usa los soportes de montaje de bajo perfil incluidos o nuestro soporte en U (incluido con tu radio Rugged Radio) para fijarlo directamente. Tambi\u00e9n es compatible con la mayor\u00eda de los soportes universales para radios.<\/p>\n<p class=\"p3\"><b>Caracter\u00edsticas principales:<\/b><b><\/b><\/p>\n<ul>\n<li>\n<p class=\"p1\">Soporte universal para radios m\u00f3viles<\/p>\n<\/li>\n<li>\n<p class=\"p1\">Montaje pr\u00e1ctico en el lado del pasajero de la consola central<\/p>\n<\/li>\n<li>\n<p class=\"p1\">Acabado en pintura negra texturizada en polvo<\/p>\n<\/li>\n<li>\n<p class=\"p1\">No requiere perforar ni cortar<\/p>\n<\/li>\n<li>\n<p class=\"p1\">Utiliza los puntos de montaje de f\u00e1brica<\/p>\n<\/li>\n<li>\n<p class=\"p1\">F\u00e1cil instalaci\u00f3n y colocaci\u00f3n perfecta en tu Jeep<\/p>\n<\/li>\n<\/ul>\n<p class=\"p3\"><b>Compatibilidad con veh\u00edculos:<\/b><b><\/b><\/p>\n<ul>\n<li>\n<p class=\"p1\">Jeep Wrangler JK 2 puertas (2007-2010)<\/p>\n<\/li>\n<li>\n<p class=\"p1\">Jeep Wrangler JKU 4 puertas (2007-2019)<\/p>\n<\/li>\n<\/ul>\n<p class=\"p1\"><span class=\"s1\"><b>NOTA:<\/b><\/span> Si tienes un Jeep Wrangler JK de 2 puertas (2011-2018), utiliza este soporte.<\/p>\n<p class=\"p3\"><b>Compatibilidad con radios:<\/b><b><\/b><\/p>\n<p class=\"p1\">Rugged Radios GMR25, GMR45, RDM-DB, M1, G1, G4, Motorola CM300D, Icom F5021, ABM25 o cualquier otro radio m\u00f3vil.<\/p>\n","protected":false},"excerpt":{"rendered":"<p>\u00a1Monta f\u00e1cilmente tu radio en un Jeep Wrangler JK y Unlimited (JKU) sin necesidad de perforar ni cortar! Este soporte para radio permite una colocaci\u00f3n pr\u00e1ctica en el lado del pasajero de la consola central, utilizando los puntos de montaje originales de f\u00e1brica. Usa los soportes de montaje de bajo perfil incluidos o nuestro soporte&hellip;&nbsp;<a href=\"https:\/\/wildhogoverland.com\/?product=base-rugged-para-radio-jeep-jk\" rel=\"bookmark\">Read More &raquo;<span class=\"screen-reader-text\">Base Rugged para radio Jeep JK<\/span><\/a><\/p>\n","protected":false},"featured_media":3913,"template":"","meta":{"neve_meta_sidebar":"","neve_meta_container":"","neve_meta_enable_content_width":"off","neve_meta_content_width":100,"neve_meta_title_alignment":"","neve_meta_author_avatar":"","neve_post_elements_order":"","neve_meta_disable_header":"","neve_meta_disable_footer":"","neve_meta_disable_title":"","neve_meta_reading_time":""},"product_brand":[],"product_cat":[51],"product_tag":[],"class_list":{"0":"post-3912","1":"product","2":"type-product","3":"status-publish","4":"has-post-thumbnail","6":"product_cat-ruggedradios","7":"product_shipping_class-fedex","9":"first","10":"instock","11":"shipping-taxable","12":"purchasable","13":"product-type-simple"},"_links":{"self":[{"href":"https:\/\/wildhogoverland.com\/index.php?rest_route=\/wp\/v2\/product\/3912","targetHints":{"allow":["GET"]}}],"collection":[{"href":"https:\/\/wildhogoverland.com\/index.php?rest_route=\/wp\/v2\/product"}],"about":[{"href":"https:\/\/wildhogoverland.com\/index.php?rest_route=\/wp\/v2\/types\/product"}],"wp:featuredmedia":[{"embeddable":true,"href":"https:\/\/wildhogoverland.com\/index.php?rest_route=\/wp\/v2\/media\/3913"}],"wp:attachment":[{"href":"https:\/\/wildhogoverland.com\/index.php?rest_route=%2Fwp%2Fv2%2Fmedia&parent=3912"}],"wp:term":[{"taxonomy":"product_brand","embeddable":true,"href":"https:\/\/wildhogoverland.com\/index.php?rest_route=%2Fwp%2Fv2%2Fproduct_brand&post=3912"},{"taxonomy":"product_cat","embeddable":true,"href":"https:\/\/wildhogoverland.com\/index.php?rest_route=%2Fwp%2Fv2%2Fproduct_cat&post=3912"},{"taxonomy":"product_tag","embeddable":true,"href":"https:\/\/wildhogoverland.com\/index.php?rest_route=%2Fwp%2Fv2%2Fproduct_tag&post=3912"}],"curies":[{"name":"wp","href":"https:\/\/api.w.org\/{rel}","templated":true}]}}