{"id":3905,"date":"2025-10-02T20:57:27","date_gmt":"2025-10-02T20:57:27","guid":{"rendered":"https:\/\/wildhogoverland.com\/?post_type=product&#038;p=3905"},"modified":"2025-10-14T03:20:49","modified_gmt":"2025-10-14T03:20:49","slug":"funda-para-radios-rugged","status":"publish","type":"product","link":"https:\/\/wildhogoverland.com\/?product=funda-para-radios-rugged","title":{"rendered":"Funda para radios Rugged"},"content":{"rendered":"<p class=\"p1\">Dise\u00f1ada para las condiciones m\u00e1s exigentes, esta bolsa de nailon bal\u00edstico de <span class=\"s1\"><b>Rugged Radios<\/b><\/span> protege tu radio port\u00e1til contra vibraciones, impactos y el desgaste del camino. Ya sea que est\u00e9s compitiendo en off-road, trabajando en construcci\u00f3n o explorando terrenos remotos, esta bolsa acolchada mantiene tu equipo seguro y protegido.<\/p>\n<p class=\"p1\">La resistente tapa con cierre asegura que tu radio permanezca en su lugar, mientras que las m\u00faltiples opciones de montaje facilitan sujetar la bolsa donde se necesite: en una jaula antivuelco, barra de UTV, equipo de herramientas o estuche de transporte.<\/p>\n<p class=\"p3\"><b>Caracter\u00edsticas:<\/b><b><\/b><\/p>\n<ul>\n<li>\n<p class=\"p1\">Construcci\u00f3n en nailon bal\u00edstico para m\u00e1xima protecci\u00f3n contra impactos y abrasi\u00f3n<\/p>\n<\/li>\n<li>\n<p class=\"p1\">Interior acolchado con absorci\u00f3n de impactos para proteger tu radio en ambientes dif\u00edciles<\/p>\n<\/li>\n<li>\n<p class=\"p1\">Cierre superior con cremallera para acceso seguro y almacenamiento confiable<\/p>\n<\/li>\n<li>\n<p class=\"p1\">Panel superior removible para operaci\u00f3n flexible del radio o acceso r\u00e1pido<\/p>\n<\/li>\n<li>\n<p class=\"p1\">Correa de Velcro de montaje r\u00e1pido para instalaci\u00f3n f\u00e1cil y ajustable en barras o rejillas<\/p>\n<\/li>\n<li>\n<p class=\"p1\">(4) puntos integrados para bridas de sujeci\u00f3n adicional<\/p>\n<\/li>\n<\/ul>\n<p class=\"p3\"><b>Compatibilidad:<\/b><b><\/b><\/p>\n<ul>\n<li>\n<p class=\"p1\">Con bater\u00eda est\u00e1ndar y XL: R1, GMR2, GMR2-PLUS, RDH16C, RDH-X<\/p>\n<\/li>\n<li>\n<p class=\"p1\">Con bater\u00eda est\u00e1ndar solamente: RH-5R, RH5R-V2, V3<\/p>\n<\/li>\n<\/ul>\n<p>&nbsp;<\/p>\n","protected":false},"excerpt":{"rendered":"<p>Dise\u00f1ada para las condiciones m\u00e1s exigentes, esta bolsa de nailon bal\u00edstico de Rugged Radios protege tu radio port\u00e1til contra vibraciones, impactos y el desgaste del camino. Ya sea que est\u00e9s compitiendo en off-road, trabajando en construcci\u00f3n o explorando terrenos remotos, esta bolsa acolchada mantiene tu equipo seguro y protegido. La resistente tapa con cierre asegura&hellip;&nbsp;<a href=\"https:\/\/wildhogoverland.com\/?product=funda-para-radios-rugged\" rel=\"bookmark\">Read More &raquo;<span class=\"screen-reader-text\">Funda para radios Rugged<\/span><\/a><\/p>\n","protected":false},"featured_media":3906,"template":"","meta":{"neve_meta_sidebar":"","neve_meta_container":"","neve_meta_enable_content_width":"off","neve_meta_content_width":100,"neve_meta_title_alignment":"","neve_meta_author_avatar":"","neve_post_elements_order":"","neve_meta_disable_header":"","neve_meta_disable_footer":"","neve_meta_disable_title":"","neve_meta_reading_time":""},"product_brand":[],"product_cat":[51],"product_tag":[],"class_list":{"0":"post-3905","1":"product","2":"type-product","3":"status-publish","4":"has-post-thumbnail","6":"product_cat-ruggedradios","7":"product_shipping_class-fedex","9":"first","10":"instock","11":"shipping-taxable","12":"purchasable","13":"product-type-simple"},"_links":{"self":[{"href":"https:\/\/wildhogoverland.com\/index.php?rest_route=\/wp\/v2\/product\/3905","targetHints":{"allow":["GET"]}}],"collection":[{"href":"https:\/\/wildhogoverland.com\/index.php?rest_route=\/wp\/v2\/product"}],"about":[{"href":"https:\/\/wildhogoverland.com\/index.php?rest_route=\/wp\/v2\/types\/product"}],"wp:featuredmedia":[{"embeddable":true,"href":"https:\/\/wildhogoverland.com\/index.php?rest_route=\/wp\/v2\/media\/3906"}],"wp:attachment":[{"href":"https:\/\/wildhogoverland.com\/index.php?rest_route=%2Fwp%2Fv2%2Fmedia&parent=3905"}],"wp:term":[{"taxonomy":"product_brand","embeddable":true,"href":"https:\/\/wildhogoverland.com\/index.php?rest_route=%2Fwp%2Fv2%2Fproduct_brand&post=3905"},{"taxonomy":"product_cat","embeddable":true,"href":"https:\/\/wildhogoverland.com\/index.php?rest_route=%2Fwp%2Fv2%2Fproduct_cat&post=3905"},{"taxonomy":"product_tag","embeddable":true,"href":"https:\/\/wildhogoverland.com\/index.php?rest_route=%2Fwp%2Fv2%2Fproduct_tag&post=3905"}],"curies":[{"name":"wp","href":"https:\/\/api.w.org\/{rel}","templated":true}]}}