{"id":3899,"date":"2025-10-01T22:47:47","date_gmt":"2025-10-01T22:47:47","guid":{"rendered":"https:\/\/wildhogoverland.com\/?post_type=product&#038;p=3899"},"modified":"2025-10-11T00:11:34","modified_gmt":"2025-10-11T00:11:34","slug":"base-para-antena-en-ditch-lights","status":"publish","type":"product","link":"https:\/\/wildhogoverland.com\/?product=base-para-antena-en-ditch-lights","title":{"rendered":"Base para antena en ditch lights"},"content":{"rendered":"<p class=\"p3\">Agrega una <span class=\"s2\"><b>ubicaci\u00f3n de antena apta para off-road<\/b><\/span> a tus luces auxiliares de A-Pillar para aventuras overlanding. El <span class=\"s2\"><b>adaptador de antena Rugged<\/b><\/span> se atornilla f\u00e1cilmente a tu soporte actual de iluminaci\u00f3n en el A-Pillar.<\/p>\n<p class=\"p4\"><span class=\"s3\">Solo necesitas <\/span><b>atornillarlo, conectar tu antena y estar\u00e1s listo para tu pr\u00f3xima aventura<\/b><span class=\"s3\">.<\/span><\/p>\n<h3><b>Caracter\u00edsticas<\/b><\/h3>\n<ul>\n<li>\n<p class=\"p1\"><span class=\"s1\">Construcci\u00f3n en <\/span><b>acero de alta resistencia<\/b><span class=\"s1\">.<\/span><\/p>\n<\/li>\n<li>\n<p class=\"p1\"><b>Acabado con recubrimiento en polvo<\/b><span class=\"s1\"> para mayor durabilidad.<\/span><\/p>\n<\/li>\n<li>\n<p class=\"p1\"><span class=\"s1\">Dise\u00f1o de <\/span><b>ajuste f\u00e1cil<\/b><span class=\"s1\">.<\/span><\/p>\n<\/li>\n<li>\n<p class=\"p1\"><span class=\"s1\"><b>Compatibilidad:<\/b><\/span> Funciona con la mayor\u00eda de los soportes de A-Pillar o ditch lights.<\/p>\n<\/li>\n<\/ul>\n","protected":false},"excerpt":{"rendered":"<p>Agrega una ubicaci\u00f3n de antena apta para off-road a tus luces auxiliares de A-Pillar para aventuras overlanding. El adaptador de antena Rugged se atornilla f\u00e1cilmente a tu soporte actual de iluminaci\u00f3n en el A-Pillar. Solo necesitas atornillarlo, conectar tu antena y estar\u00e1s listo para tu pr\u00f3xima aventura. Caracter\u00edsticas Construcci\u00f3n en acero de alta resistencia. Acabado&hellip;&nbsp;<a href=\"https:\/\/wildhogoverland.com\/?product=base-para-antena-en-ditch-lights\" rel=\"bookmark\">Read More &raquo;<span class=\"screen-reader-text\">Base para antena en ditch lights<\/span><\/a><\/p>\n","protected":false},"featured_media":3902,"template":"","meta":{"neve_meta_sidebar":"","neve_meta_container":"","neve_meta_enable_content_width":"off","neve_meta_content_width":100,"neve_meta_title_alignment":"","neve_meta_author_avatar":"","neve_post_elements_order":"","neve_meta_disable_header":"","neve_meta_disable_footer":"","neve_meta_disable_title":"","neve_meta_reading_time":""},"product_brand":[],"product_cat":[51],"product_tag":[],"class_list":{"0":"post-3899","1":"product","2":"type-product","3":"status-publish","4":"has-post-thumbnail","6":"product_cat-ruggedradios","7":"product_shipping_class-fedex","9":"first","10":"instock","11":"shipping-taxable","12":"purchasable","13":"product-type-simple"},"_links":{"self":[{"href":"https:\/\/wildhogoverland.com\/index.php?rest_route=\/wp\/v2\/product\/3899","targetHints":{"allow":["GET"]}}],"collection":[{"href":"https:\/\/wildhogoverland.com\/index.php?rest_route=\/wp\/v2\/product"}],"about":[{"href":"https:\/\/wildhogoverland.com\/index.php?rest_route=\/wp\/v2\/types\/product"}],"wp:featuredmedia":[{"embeddable":true,"href":"https:\/\/wildhogoverland.com\/index.php?rest_route=\/wp\/v2\/media\/3902"}],"wp:attachment":[{"href":"https:\/\/wildhogoverland.com\/index.php?rest_route=%2Fwp%2Fv2%2Fmedia&parent=3899"}],"wp:term":[{"taxonomy":"product_brand","embeddable":true,"href":"https:\/\/wildhogoverland.com\/index.php?rest_route=%2Fwp%2Fv2%2Fproduct_brand&post=3899"},{"taxonomy":"product_cat","embeddable":true,"href":"https:\/\/wildhogoverland.com\/index.php?rest_route=%2Fwp%2Fv2%2Fproduct_cat&post=3899"},{"taxonomy":"product_tag","embeddable":true,"href":"https:\/\/wildhogoverland.com\/index.php?rest_route=%2Fwp%2Fv2%2Fproduct_tag&post=3899"}],"curies":[{"name":"wp","href":"https:\/\/api.w.org\/{rel}","templated":true}]}}