{"id":3897,"date":"2025-10-01T20:58:07","date_gmt":"2025-10-01T20:58:07","guid":{"rendered":"https:\/\/wildhogoverland.com\/?post_type=product&#038;p=3897"},"modified":"2025-10-11T00:11:15","modified_gmt":"2025-10-11T00:11:15","slug":"base-de-antena-nmo-para-tubo","status":"publish","type":"product","link":"https:\/\/wildhogoverland.com\/?product=base-de-antena-nmo-para-tubo","title":{"rendered":"Base de antena NMO para tubo"},"content":{"rendered":"<p class=\"p3\">Fabricado en construcci\u00f3n <span class=\"s2\"><b>heavy duty<\/b><\/span>, este soporte de antena NMO ofrece opciones adicionales de montaje en tubos de bastidor. Compatible con tubos de <span class=\"s2\"><b>0.5\u201d a 1\u201d de di\u00e1metro<\/b><\/span>, este resistente bracket permite colocar la antena en tubos verticales u horizontales.<\/p>\n<h3><b>Caracter\u00edsticas<\/b><\/h3>\n<ul>\n<li>\n<p class=\"p1\">Soporte y torniller\u00eda de <span class=\"s1\"><b>acero inoxidable pulido<\/b><\/span>.<\/p>\n<\/li>\n<li>\n<p class=\"p1\">Funciona con tubos de <span class=\"s1\"><b>0.5\u201d a 1\u201d de di\u00e1metro<\/b><\/span>.<\/p>\n<\/li>\n<li>\n<p class=\"p1\">Dise\u00f1ado espec\u00edficamente para usarse con cables coaxiales estilo NMO de <span class=\"s1\"><b>3\/8\u201d<\/b><\/span>.<\/p>\n<\/li>\n<\/ul>\n<p>&nbsp;<\/p>\n","protected":false},"excerpt":{"rendered":"<p>Fabricado en construcci\u00f3n heavy duty, este soporte de antena NMO ofrece opciones adicionales de montaje en tubos de bastidor. Compatible con tubos de 0.5\u201d a 1\u201d de di\u00e1metro, este resistente bracket permite colocar la antena en tubos verticales u horizontales. Caracter\u00edsticas Soporte y torniller\u00eda de acero inoxidable pulido. Funciona con tubos de 0.5\u201d a 1\u201d&hellip;&nbsp;<a href=\"https:\/\/wildhogoverland.com\/?product=base-de-antena-nmo-para-tubo\" rel=\"bookmark\">Read More &raquo;<span class=\"screen-reader-text\">Base de antena NMO para tubo<\/span><\/a><\/p>\n","protected":false},"featured_media":3898,"template":"","meta":{"neve_meta_sidebar":"","neve_meta_container":"","neve_meta_enable_content_width":"off","neve_meta_content_width":100,"neve_meta_title_alignment":"","neve_meta_author_avatar":"","neve_post_elements_order":"","neve_meta_disable_header":"","neve_meta_disable_footer":"","neve_meta_disable_title":"","neve_meta_reading_time":""},"product_brand":[],"product_cat":[51],"product_tag":[],"class_list":{"0":"post-3897","1":"product","2":"type-product","3":"status-publish","4":"has-post-thumbnail","6":"product_cat-ruggedradios","7":"product_shipping_class-fedex","9":"first","10":"instock","11":"shipping-taxable","12":"purchasable","13":"product-type-simple"},"_links":{"self":[{"href":"https:\/\/wildhogoverland.com\/index.php?rest_route=\/wp\/v2\/product\/3897","targetHints":{"allow":["GET"]}}],"collection":[{"href":"https:\/\/wildhogoverland.com\/index.php?rest_route=\/wp\/v2\/product"}],"about":[{"href":"https:\/\/wildhogoverland.com\/index.php?rest_route=\/wp\/v2\/types\/product"}],"wp:featuredmedia":[{"embeddable":true,"href":"https:\/\/wildhogoverland.com\/index.php?rest_route=\/wp\/v2\/media\/3898"}],"wp:attachment":[{"href":"https:\/\/wildhogoverland.com\/index.php?rest_route=%2Fwp%2Fv2%2Fmedia&parent=3897"}],"wp:term":[{"taxonomy":"product_brand","embeddable":true,"href":"https:\/\/wildhogoverland.com\/index.php?rest_route=%2Fwp%2Fv2%2Fproduct_brand&post=3897"},{"taxonomy":"product_cat","embeddable":true,"href":"https:\/\/wildhogoverland.com\/index.php?rest_route=%2Fwp%2Fv2%2Fproduct_cat&post=3897"},{"taxonomy":"product_tag","embeddable":true,"href":"https:\/\/wildhogoverland.com\/index.php?rest_route=%2Fwp%2Fv2%2Fproduct_tag&post=3897"}],"curies":[{"name":"wp","href":"https:\/\/api.w.org\/{rel}","templated":true}]}}