{"id":3894,"date":"2025-10-01T18:02:07","date_gmt":"2025-10-01T18:02:07","guid":{"rendered":"https:\/\/wildhogoverland.com\/?post_type=product&#038;p=3894"},"modified":"2025-10-14T03:35:56","modified_gmt":"2025-10-14T03:35:56","slug":"cube3-bag","status":"publish","type":"product","link":"https:\/\/wildhogoverland.com\/?product=cube3-bag","title":{"rendered":"Malet\u00edn Cube 3"},"content":{"rendered":"<p class=\"p1\">Otra excelente opci\u00f3n de almacenamiento con el <span class=\"s1\"><b>Rugged Radios CUBE 3<\/b><\/span>. Dise\u00f1ada para guardar herramientas, cables, accesorios de comunicaci\u00f3n, snacks o esenciales de ruta, esta <span class=\"s1\"><b>bolsa de equipo compacta<\/b><\/span> cabe perfectamente dentro de la <span class=\"s1\"><b>bolsa Rugged HS2<\/b><\/span>, ya sea sola o apilada.<\/p>\n<p class=\"p1\">Construido en <span class=\"s1\"><b>nylon bal\u00edstico<\/b><\/span> y con un asa de transporte resistente, el <span class=\"s1\"><b>CUBE 3<\/b><\/span> est\u00e1 listo para acompa\u00f1arte en la carretera, la pista o el taller. Cuenta con una franja frontal para colocar parches o etiquetas y un cierre de cremallera que mantiene todo seguro.<\/p>\n<h3><b>Caracter\u00edsticas<\/b><\/h3>\n<ul>\n<li>\n<p class=\"p1\"><span class=\"s1\">Dimensiones: <\/span><b>20 cm ancho \u00d7 27 cm alto \u00d7 7.5 cm profundidad<\/b><span class=\"s1\"> \u2013 compacta y f\u00e1cil de empacar.<\/span><\/p>\n<\/li>\n<li>\n<p class=\"p1\">Construcci\u00f3n en <span class=\"s1\"><b>nylon bal\u00edstico<\/b><\/span> para m\u00e1xima durabilidad.<\/p>\n<\/li>\n<li>\n<p class=\"p1\">Logo bordado de Rugged Radios para un acabado limpio y profesional.<\/p>\n<\/li>\n<li>\n<p class=\"p1\">Asa superior de transporte para mayor comodidad.<\/p>\n<\/li>\n<li>\n<p class=\"p1\">Franja frontal de velcro para etiquetas o personalizaci\u00f3n.<\/p>\n<\/li>\n<li>\n<p class=\"p1\"><span class=\"s1\"><b>Cierre YKK de alta resistencia<\/b><\/span> para un almacenamiento seguro.<\/p>\n<\/li>\n<li>\n<p class=\"p1\"><span class=\"s1\">Ajuste perfecto: <\/span><b>dos bolsas Cube 3 caben exactamente en la Bolsa de Almacenamiento Mediana<\/b><span class=\"s1\">.<\/span><\/p>\n<\/li>\n<li>PRECIO POR PIEZA<\/li>\n<\/ul>\n<p>&nbsp;<\/p>\n","protected":false},"excerpt":{"rendered":"<p>Otra excelente opci\u00f3n de almacenamiento con el Rugged Radios CUBE 3. Dise\u00f1ada para guardar herramientas, cables, accesorios de comunicaci\u00f3n, snacks o esenciales de ruta, esta bolsa de equipo compacta cabe perfectamente dentro de la bolsa Rugged HS2, ya sea sola o apilada. Construido en nylon bal\u00edstico y con un asa de transporte resistente, el CUBE&hellip;&nbsp;<a href=\"https:\/\/wildhogoverland.com\/?product=cube3-bag\" rel=\"bookmark\">Read More &raquo;<span class=\"screen-reader-text\">Malet\u00edn Cube 3<\/span><\/a><\/p>\n","protected":false},"featured_media":3896,"template":"","meta":{"neve_meta_sidebar":"","neve_meta_container":"","neve_meta_enable_content_width":"off","neve_meta_content_width":100,"neve_meta_title_alignment":"","neve_meta_author_avatar":"","neve_post_elements_order":"","neve_meta_disable_header":"","neve_meta_disable_footer":"","neve_meta_disable_title":"","neve_meta_reading_time":""},"product_brand":[],"product_cat":[51],"product_tag":[],"class_list":{"0":"post-3894","1":"product","2":"type-product","3":"status-publish","4":"has-post-thumbnail","6":"product_cat-ruggedradios","7":"product_shipping_class-fedex","9":"first","10":"instock","11":"shipping-taxable","12":"purchasable","13":"product-type-simple"},"_links":{"self":[{"href":"https:\/\/wildhogoverland.com\/index.php?rest_route=\/wp\/v2\/product\/3894","targetHints":{"allow":["GET"]}}],"collection":[{"href":"https:\/\/wildhogoverland.com\/index.php?rest_route=\/wp\/v2\/product"}],"about":[{"href":"https:\/\/wildhogoverland.com\/index.php?rest_route=\/wp\/v2\/types\/product"}],"wp:featuredmedia":[{"embeddable":true,"href":"https:\/\/wildhogoverland.com\/index.php?rest_route=\/wp\/v2\/media\/3896"}],"wp:attachment":[{"href":"https:\/\/wildhogoverland.com\/index.php?rest_route=%2Fwp%2Fv2%2Fmedia&parent=3894"}],"wp:term":[{"taxonomy":"product_brand","embeddable":true,"href":"https:\/\/wildhogoverland.com\/index.php?rest_route=%2Fwp%2Fv2%2Fproduct_brand&post=3894"},{"taxonomy":"product_cat","embeddable":true,"href":"https:\/\/wildhogoverland.com\/index.php?rest_route=%2Fwp%2Fv2%2Fproduct_cat&post=3894"},{"taxonomy":"product_tag","embeddable":true,"href":"https:\/\/wildhogoverland.com\/index.php?rest_route=%2Fwp%2Fv2%2Fproduct_tag&post=3894"}],"curies":[{"name":"wp","href":"https:\/\/api.w.org\/{rel}","templated":true}]}}