{"id":3892,"date":"2025-10-01T17:54:32","date_gmt":"2025-10-01T17:54:32","guid":{"rendered":"https:\/\/wildhogoverland.com\/?post_type=product&#038;p=3892"},"modified":"2025-10-14T03:28:12","modified_gmt":"2025-10-14T03:28:12","slug":"rugged-radios-bag","status":"publish","type":"product","link":"https:\/\/wildhogoverland.com\/?product=rugged-radios-bag","title":{"rendered":"Maletin Rugged Radios"},"content":{"rendered":"<p class=\"p1\">Fabricado con un forro interior suave, exterior de nylon resistente y cierre seguro, es la manera ideal de mantener tu equipo protegido en todo momento.<\/p>\n<h3><b>Caracter\u00edsticas<\/b><\/h3>\n<ul>\n<li>\n<p class=\"p1\">Interior acolchado para mayor protecci\u00f3n.<\/p>\n<\/li>\n<li>\n<p class=\"p1\">Exterior de nylon duradero con cierre de cremallera.<\/p>\n<\/li>\n<li>\n<p class=\"p1\">Compatible con todos los <span class=\"s1\"><b>headsets Rugged Radios<\/b><\/span>: aviaci\u00f3n, off-road, inal\u00e1mbricos y m\u00e1s.<\/p>\n<\/li>\n<li>\n<p class=\"p1\">Espacio de almacenamiento para <span class=\"s1\"><b>una diadema<\/b><\/span>.<\/p>\n<\/li>\n<li>\n<p class=\"p1\"><span class=\"s1\">Compatible tambi\u00e9n con marcas como <\/span><b>David Clark, Bose, Sennheiser, Peltor, Softcomm, Flightcomm<\/b><span class=\"s1\">, entre otras.<\/span><\/p>\n<\/li>\n<\/ul>\n<p>&nbsp;<\/p>\n","protected":false},"excerpt":{"rendered":"<p>Fabricado con un forro interior suave, exterior de nylon resistente y cierre seguro, es la manera ideal de mantener tu equipo protegido en todo momento. Caracter\u00edsticas Interior acolchado para mayor protecci\u00f3n. Exterior de nylon duradero con cierre de cremallera. Compatible con todos los headsets Rugged Radios: aviaci\u00f3n, off-road, inal\u00e1mbricos y m\u00e1s. Espacio de almacenamiento para&hellip;&nbsp;<a href=\"https:\/\/wildhogoverland.com\/?product=rugged-radios-bag\" rel=\"bookmark\">Read More &raquo;<span class=\"screen-reader-text\">Maletin Rugged Radios<\/span><\/a><\/p>\n","protected":false},"featured_media":3893,"template":"","meta":{"neve_meta_sidebar":"","neve_meta_container":"","neve_meta_enable_content_width":"off","neve_meta_content_width":100,"neve_meta_title_alignment":"","neve_meta_author_avatar":"","neve_post_elements_order":"","neve_meta_disable_header":"","neve_meta_disable_footer":"","neve_meta_disable_title":"","neve_meta_reading_time":""},"product_brand":[],"product_cat":[51],"product_tag":[],"class_list":{"0":"post-3892","1":"product","2":"type-product","3":"status-publish","4":"has-post-thumbnail","6":"product_cat-ruggedradios","7":"product_shipping_class-fedex","9":"first","10":"instock","11":"shipping-taxable","12":"purchasable","13":"product-type-simple"},"_links":{"self":[{"href":"https:\/\/wildhogoverland.com\/index.php?rest_route=\/wp\/v2\/product\/3892","targetHints":{"allow":["GET"]}}],"collection":[{"href":"https:\/\/wildhogoverland.com\/index.php?rest_route=\/wp\/v2\/product"}],"about":[{"href":"https:\/\/wildhogoverland.com\/index.php?rest_route=\/wp\/v2\/types\/product"}],"wp:featuredmedia":[{"embeddable":true,"href":"https:\/\/wildhogoverland.com\/index.php?rest_route=\/wp\/v2\/media\/3893"}],"wp:attachment":[{"href":"https:\/\/wildhogoverland.com\/index.php?rest_route=%2Fwp%2Fv2%2Fmedia&parent=3892"}],"wp:term":[{"taxonomy":"product_brand","embeddable":true,"href":"https:\/\/wildhogoverland.com\/index.php?rest_route=%2Fwp%2Fv2%2Fproduct_brand&post=3892"},{"taxonomy":"product_cat","embeddable":true,"href":"https:\/\/wildhogoverland.com\/index.php?rest_route=%2Fwp%2Fv2%2Fproduct_cat&post=3892"},{"taxonomy":"product_tag","embeddable":true,"href":"https:\/\/wildhogoverland.com\/index.php?rest_route=%2Fwp%2Fv2%2Fproduct_tag&post=3892"}],"curies":[{"name":"wp","href":"https:\/\/api.w.org\/{rel}","templated":true}]}}