{"id":3886,"date":"2025-10-01T17:49:22","date_gmt":"2025-10-01T17:49:22","guid":{"rendered":"https:\/\/wildhogoverland.com\/?post_type=product&#038;p=3886"},"modified":"2025-10-11T00:12:09","modified_gmt":"2025-10-11T00:12:09","slug":"base-para-microfono-radio-g4","status":"publish","type":"product","link":"https:\/\/wildhogoverland.com\/?product=base-para-microfono-radio-g4","title":{"rendered":"Base para microfono radio G4"},"content":{"rendered":"<p class=\"p1\">Este soporte de montaje compacto ofrece un lugar seguro y conveniente para instalar los micr\u00f3fonos magn\u00e9ticos de mano Rugged Radios directamente en el costado de tu radio. Dise\u00f1ado especialmente para el <span class=\"s1\"><b>Rambler G4<\/b><\/span>, es la soluci\u00f3n ideal cuando tu radio est\u00e1 montada con un brazo RAM o un sistema similar. Su dise\u00f1o en \u00e1ngulo de 90\u00b0 permite una instalaci\u00f3n limpia y de bajo perfil, manteniendo tu micr\u00f3fono siempre accesible sin agregar desorden al tablero.<\/p>\n<h4><b>Caracter\u00edsticas:<\/b><\/h4>\n<ul>\n<li>\n<p class=\"p1\">Dise\u00f1o de montaje lateral que se instala en cualquiera de los lados de los radios m\u00f3viles Rugged utilizando la torniller\u00eda existente o la incluida.<\/p>\n<\/li>\n<li>\n<p class=\"p1\">Compatible con todos los micr\u00f3fonos de mano Rugged con montaje magn\u00e9tico, y con el <span class=\"s1\"><b>Scosche Magic Mount<\/b><\/span> (se vende por separado) para un acoplamiento magn\u00e9tico r\u00e1pido y seguro.<\/p>\n<\/li>\n<li>\n<p class=\"p1\">Placa de montaje a 90\u00b0 que permite la instalaci\u00f3n en espacios reducidos o compactos.<\/p>\n<\/li>\n<li>\n<p class=\"p1\">Ajuste universal para tableros, paneles planos y montaje lateral en radios.<\/p>\n<\/li>\n<\/ul>\n<h4><b>Incluye:<\/b><\/h4>\n<ul>\n<li>\n<p class=\"p1\">(1) Soporte de montaje para micr\u00f3fono<\/p>\n<\/li>\n<li>\n<p class=\"p1\">(4) Tornillos M4x8 (para montaje directo en la radio)<\/p>\n<\/li>\n<li>\n<p class=\"p1\">(4) Tornillos M4x12 (para uso con soportes tipo U-bracket)<\/p>\n<\/li>\n<\/ul>\n<h4><b>Compatibilidad:<\/b><\/h4>\n<ul>\n<li>\n<p class=\"p1\">Dise\u00f1ado espec\u00edficamente para configuraciones como el <span class=\"s1\"><b>Rambler G4<\/b><\/span> cuando se monta con un brazo RAM o sistemas similares.<\/p>\n<\/li>\n<li>\n<p class=\"p1\">Funciona con el <span class=\"s1\"><b>Scosche Magic Mount<\/b><\/span> incluido en todos los micr\u00f3fonos Rugged con montaje magn\u00e9tico.<\/p>\n<\/li>\n<li>\n<p class=\"p1\">Se instala directamente en los radios m\u00f3viles Rugged y junto con soportes est\u00e1ndar tipo U-bracket.<\/p>\n<\/li>\n<li>\n<p class=\"p1\">Ajuste universal para tableros, paneles planos y montaje lateral en radios, ideal tanto para instalaciones tradicionales como para proyectos personalizados en espacios reducidos.<\/p>\n<\/li>\n<\/ul>\n<p>&nbsp;<\/p>\n","protected":false},"excerpt":{"rendered":"<p>Este soporte de montaje compacto ofrece un lugar seguro y conveniente para instalar los micr\u00f3fonos magn\u00e9ticos de mano Rugged Radios directamente en el costado de tu radio. Dise\u00f1ado especialmente para el Rambler G4, es la soluci\u00f3n ideal cuando tu radio est\u00e1 montada con un brazo RAM o un sistema similar. Su dise\u00f1o en \u00e1ngulo de&hellip;&nbsp;<a href=\"https:\/\/wildhogoverland.com\/?product=base-para-microfono-radio-g4\" rel=\"bookmark\">Read More &raquo;<span class=\"screen-reader-text\">Base para microfono radio G4<\/span><\/a><\/p>\n","protected":false},"featured_media":3887,"template":"","meta":{"neve_meta_sidebar":"","neve_meta_container":"","neve_meta_enable_content_width":"off","neve_meta_content_width":100,"neve_meta_title_alignment":"","neve_meta_author_avatar":"","neve_post_elements_order":"","neve_meta_disable_header":"","neve_meta_disable_footer":"","neve_meta_disable_title":"","neve_meta_reading_time":""},"product_brand":[],"product_cat":[51],"product_tag":[],"class_list":{"0":"post-3886","1":"product","2":"type-product","3":"status-publish","4":"has-post-thumbnail","6":"product_cat-ruggedradios","7":"product_shipping_class-fedex","9":"first","10":"instock","11":"shipping-taxable","12":"purchasable","13":"product-type-simple"},"_links":{"self":[{"href":"https:\/\/wildhogoverland.com\/index.php?rest_route=\/wp\/v2\/product\/3886","targetHints":{"allow":["GET"]}}],"collection":[{"href":"https:\/\/wildhogoverland.com\/index.php?rest_route=\/wp\/v2\/product"}],"about":[{"href":"https:\/\/wildhogoverland.com\/index.php?rest_route=\/wp\/v2\/types\/product"}],"wp:featuredmedia":[{"embeddable":true,"href":"https:\/\/wildhogoverland.com\/index.php?rest_route=\/wp\/v2\/media\/3887"}],"wp:attachment":[{"href":"https:\/\/wildhogoverland.com\/index.php?rest_route=%2Fwp%2Fv2%2Fmedia&parent=3886"}],"wp:term":[{"taxonomy":"product_brand","embeddable":true,"href":"https:\/\/wildhogoverland.com\/index.php?rest_route=%2Fwp%2Fv2%2Fproduct_brand&post=3886"},{"taxonomy":"product_cat","embeddable":true,"href":"https:\/\/wildhogoverland.com\/index.php?rest_route=%2Fwp%2Fv2%2Fproduct_cat&post=3886"},{"taxonomy":"product_tag","embeddable":true,"href":"https:\/\/wildhogoverland.com\/index.php?rest_route=%2Fwp%2Fv2%2Fproduct_tag&post=3886"}],"curies":[{"name":"wp","href":"https:\/\/api.w.org\/{rel}","templated":true}]}}