{"id":3839,"date":"2025-09-15T21:00:14","date_gmt":"2025-09-15T21:00:14","guid":{"rendered":"https:\/\/wildhogoverland.com\/?post_type=product&#038;p=3839"},"modified":"2026-01-21T16:49:26","modified_gmt":"2026-01-21T16:49:26","slug":"base-para-antenas-rugged-uni-mag","status":"publish","type":"product","link":"https:\/\/wildhogoverland.com\/?product=base-para-antenas-rugged-uni-mag","title":{"rendered":"Base UNI-MAG para antenas Rugged"},"content":{"rendered":"<p class=\"p1\">La base <span class=\"s1\"><b>UNI-MAG<\/b><\/span> cuenta con un cable coaxial de antena de alta calidad con base magn\u00e9tica incluida, y se convierte f\u00e1cilmente en \u00a1dos opciones de montaje en uno!<\/p>\n<h3><b>Opci\u00f3n de Montaje 1: Base Magn\u00e9tica<\/b><\/h3>\n<p class=\"p1\">Monta tu antena de manera pr\u00e1ctica en cualquier superficie met\u00e1lica usando la gran base magn\u00e9tica. Esta soluci\u00f3n es perfecta tanto para <i>chase trucks<\/i> como para aventureros de fin de semana. La base magn\u00e9tica de 5 pulgadas es fuerte y poderosa, mantiene la antena firme y no se mueve incluso en los entornos off-road m\u00e1s extremos.<\/p>\n<h3><b>Opci\u00f3n de Montaje 2: Montaje NMO<\/b><\/h3>\n<p class=\"p1\">El UNI-MAG se desmonta f\u00e1cilmente para revelar un montaje est\u00e1ndar NMO. El NMO puede fijarse en una pesta\u00f1a, roscarse directamente a trav\u00e9s del techo de tu veh\u00edculo, o montarse en una jaula antivuelco usando nuestro <span class=\"s1\"><b>Antenna Bar Mount<\/b><\/span>.<\/p>\n<p class=\"p1\">El cable con base NMO incluido cuenta con un conector <span class=\"s1\"><b>UHF \/ RL-259<\/b><\/span>, compatible con todos los radios Rugged y otros fabricantes que utilizan este est\u00e1ndar. En esta aplicaci\u00f3n, el t\u00e9rmino \u201cconector UHF\u201d se refiere al tipo de conector y no a la frecuencia. Superior a los dem\u00e1s, el cable coaxial Rugged con montaje NMO incluye una conexi\u00f3n NMO prensada a 360\u00b0, lo que garantiza una uni\u00f3n m\u00e1s segura y herm\u00e9tica para m\u00e1xima confiabilidad y durabilidad cuando m\u00e1s importa.<\/p>\n<h3><b>Caracter\u00edsticas:<\/b><\/h3>\n<ul>\n<li>\n<p class=\"p1\">Dos montajes en uno: \u00fasalo con base magn\u00e9tica o desm\u00f3ntalo para montaje NMO<\/p>\n<\/li>\n<li>\n<p class=\"p1\">NMO de lat\u00f3n niquelado (no aprietes en exceso la antena al conector NMO)<\/p>\n<\/li>\n<li>\n<p class=\"p1\">Pin de contacto dorado<\/p>\n<\/li>\n<li>\n<p class=\"p1\">Cable RG-58 de 13 pies: trenza de cobre esta\u00f1ado 95%, aislamiento s\u00f3lido, conductor central de cobre esta\u00f1ado trenzado<\/p>\n<\/li>\n<li>\n<p class=\"p1\">Conector macho UHF<\/p>\n<\/li>\n<li>\n<p class=\"p1\">Base de ABS de 3-1\/4\u201d<\/p>\n<\/li>\n<li>\n<p class=\"p1\"><b>Antena no incluida<\/b><\/p>\n<\/li>\n<\/ul>\n<p class=\"p1\">Con su resistente conector NMO prensado a 360\u00b0, el <span class=\"s1\"><b>UNI-MAG<\/b><\/span> est\u00e1 hecho para la aventura off-road m\u00e1s dura.<\/p>\n<p class=\"p1\">\u26a0\ufe0f <span class=\"s1\"><b>Nota:<\/b><\/span> El conductor central dentro del perno NMO no es de metal s\u00f3lido y puede da\u00f1arse si se aprieta en exceso. Como se muestra en la foto, al instalar la tuerca NMO recomendamos sostener la llave de forma vertical para reducir el torque y evitar sobreapretar.<\/p>\n","protected":false},"excerpt":{"rendered":"<p>La base UNI-MAG cuenta con un cable coaxial de antena de alta calidad con base magn\u00e9tica incluida, y se convierte f\u00e1cilmente en \u00a1dos opciones de montaje en uno! Opci\u00f3n de Montaje 1: Base Magn\u00e9tica Monta tu antena de manera pr\u00e1ctica en cualquier superficie met\u00e1lica usando la gran base magn\u00e9tica. Esta soluci\u00f3n es perfecta tanto para&hellip;&nbsp;<a href=\"https:\/\/wildhogoverland.com\/?product=base-para-antenas-rugged-uni-mag\" rel=\"bookmark\">Read More &raquo;<span class=\"screen-reader-text\">Base UNI-MAG para antenas Rugged<\/span><\/a><\/p>\n","protected":false},"featured_media":3840,"template":"","meta":{"neve_meta_sidebar":"","neve_meta_container":"","neve_meta_enable_content_width":"off","neve_meta_content_width":100,"neve_meta_title_alignment":"","neve_meta_author_avatar":"","neve_post_elements_order":"","neve_meta_disable_header":"","neve_meta_disable_footer":"","neve_meta_disable_title":"","neve_meta_reading_time":""},"product_brand":[],"product_cat":[42,43,51],"product_tag":[],"class_list":{"0":"post-3839","1":"product","2":"type-product","3":"status-publish","4":"has-post-thumbnail","6":"product_cat-antenas","7":"product_cat-comms","8":"product_cat-ruggedradios","9":"product_shipping_class-fedex","11":"first","12":"instock","13":"shipping-taxable","14":"purchasable","15":"product-type-simple"},"_links":{"self":[{"href":"https:\/\/wildhogoverland.com\/index.php?rest_route=\/wp\/v2\/product\/3839","targetHints":{"allow":["GET"]}}],"collection":[{"href":"https:\/\/wildhogoverland.com\/index.php?rest_route=\/wp\/v2\/product"}],"about":[{"href":"https:\/\/wildhogoverland.com\/index.php?rest_route=\/wp\/v2\/types\/product"}],"wp:featuredmedia":[{"embeddable":true,"href":"https:\/\/wildhogoverland.com\/index.php?rest_route=\/wp\/v2\/media\/3840"}],"wp:attachment":[{"href":"https:\/\/wildhogoverland.com\/index.php?rest_route=%2Fwp%2Fv2%2Fmedia&parent=3839"}],"wp:term":[{"taxonomy":"product_brand","embeddable":true,"href":"https:\/\/wildhogoverland.com\/index.php?rest_route=%2Fwp%2Fv2%2Fproduct_brand&post=3839"},{"taxonomy":"product_cat","embeddable":true,"href":"https:\/\/wildhogoverland.com\/index.php?rest_route=%2Fwp%2Fv2%2Fproduct_cat&post=3839"},{"taxonomy":"product_tag","embeddable":true,"href":"https:\/\/wildhogoverland.com\/index.php?rest_route=%2Fwp%2Fv2%2Fproduct_tag&post=3839"}],"curies":[{"name":"wp","href":"https:\/\/api.w.org\/{rel}","templated":true}]}}