{"id":3793,"date":"2025-08-27T18:38:43","date_gmt":"2025-08-27T18:38:43","guid":{"rendered":"https:\/\/wildhogoverland.com\/?post_type=product&#038;p=3793"},"modified":"2025-12-12T19:48:32","modified_gmt":"2025-12-12T19:48:32","slug":"fender-blend-summer-sausage-de-carnes-exoticas","status":"publish","type":"product","link":"https:\/\/wildhogoverland.com\/?product=fender-blend-summer-sausage-de-carnes-exoticas","title":{"rendered":"Fender Blend: Salchicha de Carnes Ex\u00f3ticas"},"content":{"rendered":"<p class=\"p1\"><span class=\"s1\">El <\/span><b>\u201croad side\u201d summer sausage<\/b><span class=\"s1\"> original de <\/span><b>Pearson Ranch<\/b><span class=\"s1\">.<\/span><\/p>\n<p class=\"p2\"><span class=\"s2\"><b>Fender Blend<\/b><\/span> es una mezcla divertida, pero extraordinariamente sabrosa, elaborada con <span class=\"s2\"><b>carnes premium<\/b><\/span>.<\/p>\n<p class=\"p2\">Ser\u00e1 sin duda el centro de atenci\u00f3n en cualquier reuni\u00f3n o un <span class=\"s2\"><b>regalo \u00fanico<\/b><\/span> para los amantes de los snacks de carne en tu vida.<\/p>\n<p class=\"p1\"><span class=\"s1\">\u00a1S\u00ed, realmente est\u00e1 hecho con <\/span><b>JABAL\u00cd SILVESTRE, B\u00daFALO, ALCE, VENADO, CAIM\u00c1N y CONEJO<\/b><span class=\"s1\">!<\/span><\/p>\n<p class=\"p2\"><span class=\"s2\"><b>INGREDIENTES:<\/b><\/span> JABAL\u00cd SILVESTRE (CARNE DE CERDO FERAL), CERDO, B\u00daFALO (BISONTE), ALCE, VENADO, CAIM\u00c1N, CONEJO, RES, AZ\u00daCAR MORENA, SAL, DEXTROSA, \u00c1CIDO C\u00cdTRICO ENCAPSULADO, POLVO DE APIO CULTIVADO (POLVO DE APIO, SAL MARINA), ESPECIAS, MALTODEXTRINA, SEMILLA DE MOSTAZA, SABOR NATURAL A HUMO (MALTODEXTRINA), AJO EN POLVO, EXTRACTOS DE ESPECIAS.<\/p>\n","protected":false},"excerpt":{"rendered":"<p>El \u201croad side\u201d summer sausage original de Pearson Ranch. Fender Blend es una mezcla divertida, pero extraordinariamente sabrosa, elaborada con carnes premium. Ser\u00e1 sin duda el centro de atenci\u00f3n en cualquier reuni\u00f3n o un regalo \u00fanico para los amantes de los snacks de carne en tu vida. \u00a1S\u00ed, realmente est\u00e1 hecho con JABAL\u00cd SILVESTRE, B\u00daFALO,&hellip;&nbsp;<a href=\"https:\/\/wildhogoverland.com\/?product=fender-blend-summer-sausage-de-carnes-exoticas\" rel=\"bookmark\">Read More &raquo;<span class=\"screen-reader-text\">Fender Blend: Salchicha de Carnes Ex\u00f3ticas<\/span><\/a><\/p>\n","protected":false},"featured_media":3795,"template":"","meta":{"neve_meta_sidebar":"","neve_meta_container":"","neve_meta_enable_content_width":"off","neve_meta_content_width":100,"neve_meta_title_alignment":"","neve_meta_author_avatar":"","neve_post_elements_order":"","neve_meta_disable_header":"","neve_meta_disable_footer":"","neve_meta_disable_title":"","neve_meta_reading_time":""},"product_brand":[],"product_cat":[41],"product_tag":[],"class_list":{"0":"post-3793","1":"product","2":"type-product","3":"status-publish","4":"has-post-thumbnail","6":"product_cat-camping","7":"product_shipping_class-fedex","9":"first","10":"outofstock","11":"shipping-taxable","12":"purchasable","13":"product-type-simple"},"_links":{"self":[{"href":"https:\/\/wildhogoverland.com\/index.php?rest_route=\/wp\/v2\/product\/3793","targetHints":{"allow":["GET"]}}],"collection":[{"href":"https:\/\/wildhogoverland.com\/index.php?rest_route=\/wp\/v2\/product"}],"about":[{"href":"https:\/\/wildhogoverland.com\/index.php?rest_route=\/wp\/v2\/types\/product"}],"wp:featuredmedia":[{"embeddable":true,"href":"https:\/\/wildhogoverland.com\/index.php?rest_route=\/wp\/v2\/media\/3795"}],"wp:attachment":[{"href":"https:\/\/wildhogoverland.com\/index.php?rest_route=%2Fwp%2Fv2%2Fmedia&parent=3793"}],"wp:term":[{"taxonomy":"product_brand","embeddable":true,"href":"https:\/\/wildhogoverland.com\/index.php?rest_route=%2Fwp%2Fv2%2Fproduct_brand&post=3793"},{"taxonomy":"product_cat","embeddable":true,"href":"https:\/\/wildhogoverland.com\/index.php?rest_route=%2Fwp%2Fv2%2Fproduct_cat&post=3793"},{"taxonomy":"product_tag","embeddable":true,"href":"https:\/\/wildhogoverland.com\/index.php?rest_route=%2Fwp%2Fv2%2Fproduct_tag&post=3793"}],"curies":[{"name":"wp","href":"https:\/\/api.w.org\/{rel}","templated":true}]}}