{"id":3770,"date":"2025-08-22T20:05:54","date_gmt":"2025-08-22T20:05:54","guid":{"rendered":"https:\/\/wildhogoverland.com\/?post_type=product&#038;p=3770"},"modified":"2026-04-05T15:10:42","modified_gmt":"2026-04-05T15:10:42","slug":"set-de-valvulas-para-desinflado-rapido-de-llantas","status":"publish","type":"product","link":"https:\/\/wildhogoverland.com\/?product=set-de-valvulas-para-desinflado-rapido-de-llantas","title":{"rendered":"Set de v\u00e1lvulas para desinflado r\u00e1pido de llantas"},"content":{"rendered":"<p class=\"p1\">Las <span class=\"s1\"><b>v\u00e1lvulas de desinflado r\u00e1pido<\/b><\/span> est\u00e1n dise\u00f1adas para liberar el aire de tus neum\u00e1ticos en cuesti\u00f3n de segundos. Se instalan directamente sobre el v\u00e1stago de la v\u00e1lvula y permiten abrir el paso del aire de forma r\u00e1pida y controlada, bajando la presi\u00f3n del neum\u00e1tico en tiempo r\u00e9cord ( 15 segundos de 35 a 10 psi en llanta 35&#8243;)<\/p>\n<p class=\"p1\">Fabricadas con materiales resistentes como el lat\u00f3n, garantizan durabilidad y un ajuste seguro, ideal para veh\u00edculos todoterreno, de carga o cualquier situaci\u00f3n donde necesites ajustar la presi\u00f3n de los neum\u00e1ticos de manera r\u00e1pida y eficiente.<\/p>\n<p>Set de 4 piezas<\/p>\n<p>IMPORTANTE: el producto es compatible con la mayor\u00eda de los rines, del mercado, as\u00ed como de los sensores de presi\u00f3n, sin embargo dado al gran numero de productos aftermarket no es posible garantizar su compatibil\u00eddad.<\/p>\n<p>Para marcas como Jeep, Ford, Dodge las v\u00e1lvulas pueden ser instaladas y ser compatibles con los sensores de presi\u00f3n, para marcas japonesas se puede requerir un adaptador ( el cual aun no tenemos).<\/p>\n<p>Como medir la valvula :https:\/\/www.youtube.com\/watch?v=HIJ_VzY_VdA<\/p>\n<p>Es compatible con mis rines?; <a href=\"https:\/\/wildhogoverland.com\/wp-content\/uploads\/2025\/08\/c.-RPV-Valve-Clearance-Information.pdf\">c. RPV Valve Clearance Information<\/a><\/p>\n","protected":false},"excerpt":{"rendered":"<p>Las v\u00e1lvulas de desinflado r\u00e1pido est\u00e1n dise\u00f1adas para liberar el aire de tus neum\u00e1ticos en cuesti\u00f3n de segundos. Se instalan directamente sobre el v\u00e1stago de la v\u00e1lvula y permiten abrir el paso del aire de forma r\u00e1pida y controlada, bajando la presi\u00f3n del neum\u00e1tico en tiempo r\u00e9cord ( 15 segundos de 35 a 10 psi&hellip;&nbsp;<a href=\"https:\/\/wildhogoverland.com\/?product=set-de-valvulas-para-desinflado-rapido-de-llantas\" rel=\"bookmark\">Read More &raquo;<span class=\"screen-reader-text\">Set de v\u00e1lvulas para desinflado r\u00e1pido de llantas<\/span><\/a><\/p>\n","protected":false},"featured_media":3785,"template":"","meta":{"neve_meta_sidebar":"","neve_meta_container":"","neve_meta_enable_content_width":"off","neve_meta_content_width":100,"neve_meta_title_alignment":"","neve_meta_author_avatar":"","neve_post_elements_order":"","neve_meta_disable_header":"","neve_meta_disable_footer":"","neve_meta_disable_title":"","neve_meta_reading_time":""},"product_brand":[],"product_cat":[46],"product_tag":[],"class_list":{"0":"post-3770","1":"product","2":"type-product","3":"status-publish","4":"has-post-thumbnail","6":"product_cat-accesorios-hog","7":"product_shipping_class-fedex","9":"first","10":"instock","11":"shipping-taxable","12":"purchasable","13":"product-type-variable"},"_links":{"self":[{"href":"https:\/\/wildhogoverland.com\/index.php?rest_route=\/wp\/v2\/product\/3770","targetHints":{"allow":["GET"]}}],"collection":[{"href":"https:\/\/wildhogoverland.com\/index.php?rest_route=\/wp\/v2\/product"}],"about":[{"href":"https:\/\/wildhogoverland.com\/index.php?rest_route=\/wp\/v2\/types\/product"}],"wp:featuredmedia":[{"embeddable":true,"href":"https:\/\/wildhogoverland.com\/index.php?rest_route=\/wp\/v2\/media\/3785"}],"wp:attachment":[{"href":"https:\/\/wildhogoverland.com\/index.php?rest_route=%2Fwp%2Fv2%2Fmedia&parent=3770"}],"wp:term":[{"taxonomy":"product_brand","embeddable":true,"href":"https:\/\/wildhogoverland.com\/index.php?rest_route=%2Fwp%2Fv2%2Fproduct_brand&post=3770"},{"taxonomy":"product_cat","embeddable":true,"href":"https:\/\/wildhogoverland.com\/index.php?rest_route=%2Fwp%2Fv2%2Fproduct_cat&post=3770"},{"taxonomy":"product_tag","embeddable":true,"href":"https:\/\/wildhogoverland.com\/index.php?rest_route=%2Fwp%2Fv2%2Fproduct_tag&post=3770"}],"curies":[{"name":"wp","href":"https:\/\/api.w.org\/{rel}","templated":true}]}}