{"id":3729,"date":"2025-08-05T23:29:59","date_gmt":"2025-08-05T23:29:59","guid":{"rendered":"https:\/\/wildhogoverland.com\/?post_type=product&#038;p=3729"},"modified":"2025-11-12T20:10:11","modified_gmt":"2025-11-12T20:10:11","slug":"cuerda-para-saltar-segmentada-ideal-para-principiantes-who","status":"publish","type":"product","link":"https:\/\/wildhogoverland.com\/?product=cuerda-para-saltar-segmentada-ideal-para-principiantes-who","title":{"rendered":"Cuerda para Saltar Segmentada, Ideal para Principiantes WHO"},"content":{"rendered":"<p><b>\u00bfPor qu\u00e9 vendemos cuerdas para saltar?<\/b><b><\/b><\/p>\n<p>Todo empez\u00f3 con un video en TikTok. Alguien saltaba la cuerda como si fuera lo m\u00e1s f\u00e1cil del mundo. Me anim\u00e9, ped\u00ed una cuerda en Amazon\u2026 y fue no fue lo que esperaba. Luego otra\u2026 y m\u00e1s de lo mismo. Nada flu\u00eda. Hasta que, por casualidad, en mi tercer intento ped\u00ed una cuerda segmentada.<\/p>\n<p>Ah\u00ed todo cambi\u00f3. No se enredaba, ten\u00eda mejor ritmo, y por fin empec\u00e9 a ver progreso. Esa peque\u00f1a diferencia hizo toda la diferencia. Desde entonces, no he parado de saltar.<\/p>\n<p>Y ahora, quiero compartir esa misma experiencia contigo. Es incre\u00edble como algo asi puede marcar una diferencia en tu vida, pero creme que lo hara, solo necesitas ser constante!<\/p>\n","protected":false},"excerpt":{"rendered":"<p>\u00bfPor qu\u00e9 vendemos cuerdas para saltar? Todo empez\u00f3 con un video en TikTok. Alguien saltaba la cuerda como si fuera lo m\u00e1s f\u00e1cil del mundo. Me anim\u00e9, ped\u00ed una cuerda en Amazon\u2026 y fue no fue lo que esperaba. Luego otra\u2026 y m\u00e1s de lo mismo. Nada flu\u00eda. Hasta que, por casualidad, en mi tercer&hellip;&nbsp;<a href=\"https:\/\/wildhogoverland.com\/?product=cuerda-para-saltar-segmentada-ideal-para-principiantes-who\" rel=\"bookmark\">Read More &raquo;<span class=\"screen-reader-text\">Cuerda para Saltar Segmentada, Ideal para Principiantes WHO<\/span><\/a><\/p>\n","protected":false},"featured_media":3953,"template":"","meta":{"neve_meta_sidebar":"","neve_meta_container":"","neve_meta_enable_content_width":"off","neve_meta_content_width":100,"neve_meta_title_alignment":"","neve_meta_author_avatar":"","neve_post_elements_order":"","neve_meta_disable_header":"","neve_meta_disable_footer":"","neve_meta_disable_title":"","neve_meta_reading_time":""},"product_brand":[],"product_cat":[26],"product_tag":[],"class_list":{"0":"post-3729","1":"product","2":"type-product","3":"status-publish","4":"has-post-thumbnail","6":"product_cat-varios","7":"product_shipping_class-fedex","9":"first","10":"instock","11":"shipping-taxable","12":"purchasable","13":"product-type-simple"},"_links":{"self":[{"href":"https:\/\/wildhogoverland.com\/index.php?rest_route=\/wp\/v2\/product\/3729","targetHints":{"allow":["GET"]}}],"collection":[{"href":"https:\/\/wildhogoverland.com\/index.php?rest_route=\/wp\/v2\/product"}],"about":[{"href":"https:\/\/wildhogoverland.com\/index.php?rest_route=\/wp\/v2\/types\/product"}],"wp:featuredmedia":[{"embeddable":true,"href":"https:\/\/wildhogoverland.com\/index.php?rest_route=\/wp\/v2\/media\/3953"}],"wp:attachment":[{"href":"https:\/\/wildhogoverland.com\/index.php?rest_route=%2Fwp%2Fv2%2Fmedia&parent=3729"}],"wp:term":[{"taxonomy":"product_brand","embeddable":true,"href":"https:\/\/wildhogoverland.com\/index.php?rest_route=%2Fwp%2Fv2%2Fproduct_brand&post=3729"},{"taxonomy":"product_cat","embeddable":true,"href":"https:\/\/wildhogoverland.com\/index.php?rest_route=%2Fwp%2Fv2%2Fproduct_cat&post=3729"},{"taxonomy":"product_tag","embeddable":true,"href":"https:\/\/wildhogoverland.com\/index.php?rest_route=%2Fwp%2Fv2%2Fproduct_tag&post=3729"}],"curies":[{"name":"wp","href":"https:\/\/api.w.org\/{rel}","templated":true}]}}