{"id":3595,"date":"2025-05-31T18:13:23","date_gmt":"2025-05-31T18:13:23","guid":{"rendered":"https:\/\/wildhogoverland.com\/?post_type=product&#038;p=3595"},"modified":"2025-11-09T18:35:07","modified_gmt":"2025-11-09T18:35:07","slug":"kit-para-instalacion-de-awning","status":"publish","type":"product","link":"https:\/\/wildhogoverland.com\/?product=kit-para-instalacion-de-awning","title":{"rendered":"Kit para instalaci\u00f3n de awning"},"content":{"rendered":"<p class=\"p1\">\u3010Acero inoxidable y alta resistencia\u3011Los herrajes para toldo est\u00e1n fabricados en acero inoxidable de alta calidad con recubrimiento en polvo negro grueso, lo que los hace m\u00e1s resistentes al desgaste y a la corrosi\u00f3n. En comparaci\u00f3n con otros soportes del mercado, dise\u00f1amos nuestro soporte con m\u00faltiples orificios, lo que permite una instalaci\u00f3n m\u00e1s ajustable seg\u00fan diferentes necesidades.<\/p>\n<p class=\"p1\">\u3010Juego de tornillos de acero inoxidable\u3011Incluye un kit de tornillos y tuercas M8 de acero inoxidable 304. Cada paquete contiene 4 tornillos M8 x 55 mm, 4 tornillos M8 x 20 mm y 8 tuercas autoblocantes de nailon M8.<\/p>\n<p class=\"p1\">\u3010Llave de instalaci\u00f3n pr\u00e1ctica\u3011Incluye 2 llaves de doble punta de acero forjado, compatibles con los tornillos y tuercas incluidos. No solo sirven para montar el soporte, sino que tambi\u00e9n pueden conservarse para otros usos generales.<\/p>\n<p class=\"p1\">\u3010Estacas resistentes de acero inoxidable\u3011Estacas m\u00e1s largas y resistentes de acero inoxidable 201 con acabado galvanizado para una excelente resistencia a la corrosi\u00f3n, ofrecen un uso prolongado. Pueden penetrar m\u00e1s profundamente en el suelo, haciendo que tu toldo sea m\u00e1s estable frente al viento.<\/p>\n<p class=\"p1\">\u3010Cuerdas reflectantes para campamento\u3011Pensando en la seguridad al acampar se mejor\u00f3 el dise\u00f1o de las cuerdas utilizando un pol\u00edmero resistente a los rayos UV con trenzado reflectante, lo que aumenta la visibilidad en condiciones de poca luz y garantiza mayor seguridad durante campamentos nocturnos.<\/p>\n","protected":false},"excerpt":{"rendered":"<p>\u3010Acero inoxidable y alta resistencia\u3011Los herrajes para toldo est\u00e1n fabricados en acero inoxidable de alta calidad con recubrimiento en polvo negro grueso, lo que los hace m\u00e1s resistentes al desgaste y a la corrosi\u00f3n. En comparaci\u00f3n con otros soportes del mercado, dise\u00f1amos nuestro soporte con m\u00faltiples orificios, lo que permite una instalaci\u00f3n m\u00e1s ajustable seg\u00fan&hellip;&nbsp;<a href=\"https:\/\/wildhogoverland.com\/?product=kit-para-instalacion-de-awning\" rel=\"bookmark\">Read More &raquo;<span class=\"screen-reader-text\">Kit para instalaci\u00f3n de awning<\/span><\/a><\/p>\n","protected":false},"featured_media":3596,"template":"","meta":{"neve_meta_sidebar":"","neve_meta_container":"","neve_meta_enable_content_width":"off","neve_meta_content_width":100,"neve_meta_title_alignment":"","neve_meta_author_avatar":"","neve_post_elements_order":"","neve_meta_disable_header":"","neve_meta_disable_footer":"","neve_meta_disable_title":"","neve_meta_reading_time":""},"product_brand":[],"product_cat":[50,26],"product_tag":[],"class_list":{"0":"post-3595","1":"product","2":"type-product","3":"status-publish","4":"has-post-thumbnail","6":"product_cat-productos-all-top","7":"product_cat-varios","8":"product_shipping_class-fedex","10":"first","11":"instock","12":"shipping-taxable","13":"purchasable","14":"product-type-simple"},"_links":{"self":[{"href":"https:\/\/wildhogoverland.com\/index.php?rest_route=\/wp\/v2\/product\/3595","targetHints":{"allow":["GET"]}}],"collection":[{"href":"https:\/\/wildhogoverland.com\/index.php?rest_route=\/wp\/v2\/product"}],"about":[{"href":"https:\/\/wildhogoverland.com\/index.php?rest_route=\/wp\/v2\/types\/product"}],"wp:featuredmedia":[{"embeddable":true,"href":"https:\/\/wildhogoverland.com\/index.php?rest_route=\/wp\/v2\/media\/3596"}],"wp:attachment":[{"href":"https:\/\/wildhogoverland.com\/index.php?rest_route=%2Fwp%2Fv2%2Fmedia&parent=3595"}],"wp:term":[{"taxonomy":"product_brand","embeddable":true,"href":"https:\/\/wildhogoverland.com\/index.php?rest_route=%2Fwp%2Fv2%2Fproduct_brand&post=3595"},{"taxonomy":"product_cat","embeddable":true,"href":"https:\/\/wildhogoverland.com\/index.php?rest_route=%2Fwp%2Fv2%2Fproduct_cat&post=3595"},{"taxonomy":"product_tag","embeddable":true,"href":"https:\/\/wildhogoverland.com\/index.php?rest_route=%2Fwp%2Fv2%2Fproduct_tag&post=3595"}],"curies":[{"name":"wp","href":"https:\/\/api.w.org\/{rel}","templated":true}]}}