{"id":3542,"date":"2025-04-20T18:43:26","date_gmt":"2025-04-20T18:43:26","guid":{"rendered":"https:\/\/wildhogoverland.com\/?post_type=product&#038;p=3542"},"modified":"2025-11-03T20:14:06","modified_gmt":"2025-11-03T20:14:06","slug":"wild-stick-botana-de-alce-bufalo-venado-4","status":"publish","type":"product","link":"https:\/\/wildhogoverland.com\/?product=wild-stick-botana-de-alce-bufalo-venado-4","title":{"rendered":"Wild Sticks \u2013 Botana de Alce, Jabali, Venado (4)"},"content":{"rendered":"<p class=\"p1\">La botana que puso a Pearson Ranch Jerky en el mapa; ahumada con madera de nogal (<i>hickory<\/i>) \u00a0esta botana \u00a0es baja en grasas y carbohidratos, pero alta en prote\u00edna. Es completamente natural. No contiene MSG, es libre de gluten, compatible con la dieta keto, sin az\u00facar y sin nitritos a\u00f1adidos.<\/p>\n<p>Elaborados en Nuevo Mexico, USA.<\/p>\n<p>112g<\/p>\n","protected":false},"excerpt":{"rendered":"<p>La botana que puso a Pearson Ranch Jerky en el mapa; ahumada con madera de nogal (hickory) \u00a0esta botana \u00a0es baja en grasas y carbohidratos, pero alta en prote\u00edna. Es completamente natural. No contiene MSG, es libre de gluten, compatible con la dieta keto, sin az\u00facar y sin nitritos a\u00f1adidos. Elaborados en Nuevo Mexico, USA.&hellip;&nbsp;<a href=\"https:\/\/wildhogoverland.com\/?product=wild-stick-botana-de-alce-bufalo-venado-4\" rel=\"bookmark\">Read More &raquo;<span class=\"screen-reader-text\">Wild Sticks \u2013 Botana de Alce, Jabali, Venado (4)<\/span><\/a><\/p>\n","protected":false},"featured_media":3546,"template":"","meta":{"neve_meta_sidebar":"","neve_meta_container":"","neve_meta_enable_content_width":"off","neve_meta_content_width":100,"neve_meta_title_alignment":"","neve_meta_author_avatar":"","neve_post_elements_order":"","neve_meta_disable_header":"","neve_meta_disable_footer":"","neve_meta_disable_title":"","neve_meta_reading_time":""},"product_brand":[],"product_cat":[41],"product_tag":[],"class_list":{"0":"post-3542","1":"product","2":"type-product","3":"status-publish","4":"has-post-thumbnail","6":"product_cat-camping","7":"product_shipping_class-fedex","9":"first","10":"instock","11":"shipping-taxable","12":"purchasable","13":"product-type-variable","14":"has-default-attributes"},"_links":{"self":[{"href":"https:\/\/wildhogoverland.com\/index.php?rest_route=\/wp\/v2\/product\/3542","targetHints":{"allow":["GET"]}}],"collection":[{"href":"https:\/\/wildhogoverland.com\/index.php?rest_route=\/wp\/v2\/product"}],"about":[{"href":"https:\/\/wildhogoverland.com\/index.php?rest_route=\/wp\/v2\/types\/product"}],"wp:featuredmedia":[{"embeddable":true,"href":"https:\/\/wildhogoverland.com\/index.php?rest_route=\/wp\/v2\/media\/3546"}],"wp:attachment":[{"href":"https:\/\/wildhogoverland.com\/index.php?rest_route=%2Fwp%2Fv2%2Fmedia&parent=3542"}],"wp:term":[{"taxonomy":"product_brand","embeddable":true,"href":"https:\/\/wildhogoverland.com\/index.php?rest_route=%2Fwp%2Fv2%2Fproduct_brand&post=3542"},{"taxonomy":"product_cat","embeddable":true,"href":"https:\/\/wildhogoverland.com\/index.php?rest_route=%2Fwp%2Fv2%2Fproduct_cat&post=3542"},{"taxonomy":"product_tag","embeddable":true,"href":"https:\/\/wildhogoverland.com\/index.php?rest_route=%2Fwp%2Fv2%2Fproduct_tag&post=3542"}],"curies":[{"name":"wp","href":"https:\/\/api.w.org\/{rel}","templated":true}]}}