{"id":3534,"date":"2025-04-19T01:51:34","date_gmt":"2025-04-19T01:51:34","guid":{"rendered":"https:\/\/wildhogoverland.com\/?post_type=product&#038;p=3534"},"modified":"2026-03-22T20:35:19","modified_gmt":"2026-03-22T20:35:19","slug":"wild-stick-botana-de-alce-bufalo-venado","status":"publish","type":"product","link":"https:\/\/wildhogoverland.com\/?product=wild-stick-botana-de-alce-bufalo-venado","title":{"rendered":"Wild Stick \u2013 Botana de Alce, Bufalo, Venado"},"content":{"rendered":"<p class=\"p1\">Este delicioso palito de botana est\u00e1 sazonado con la misma mezcla que el producto estrella del fabricante. Ahumado con madera de nogal (hickory) para un sabor profundo y aut\u00e9ntico, es una opci\u00f3n pr\u00e1ctica y sabrosa para quienes buscan un snack saludable y lleno de prote\u00edna.<\/p>\n<p class=\"p1\">Cada palito de 28 g es:<\/p>\n<ul>\n<li>\n<p class=\"p1\">Alto en prote\u00edna<\/p>\n<\/li>\n<li>\n<p class=\"p1\">Bajo en grasa<\/p>\n<\/li>\n<li>\n<p class=\"p1\">Sin glutamato monos\u00f3dico (MSG)<\/p>\n<\/li>\n<li>\n<p class=\"p1\">Libre de gluten<\/p>\n<\/li>\n<li>\n<p class=\"p1\">Sin nitritos a\u00f1adidos<\/p>\n<\/li>\n<\/ul>\n<p class=\"p4\"><b>Elaborado en Nuevo M\u00e9xico, EE. UU.<\/b><b><\/b><\/p>\n<p class=\"p1\">Perfecto para llevar en la mochila, la lonchera o el caj\u00f3n del escritorio. Ideal para quienes siguen una dieta keto o simplemente buscan una opci\u00f3n natural y deliciosa.<\/p>\n","protected":false},"excerpt":{"rendered":"<p>Este delicioso palito de botana est\u00e1 sazonado con la misma mezcla que el producto estrella del fabricante. Ahumado con madera de nogal (hickory) para un sabor profundo y aut\u00e9ntico, es una opci\u00f3n pr\u00e1ctica y sabrosa para quienes buscan un snack saludable y lleno de prote\u00edna. Cada palito de 28 g es: Alto en prote\u00edna Bajo&hellip;&nbsp;<a href=\"https:\/\/wildhogoverland.com\/?product=wild-stick-botana-de-alce-bufalo-venado\" rel=\"bookmark\">Read More &raquo;<span class=\"screen-reader-text\">Wild Stick \u2013 Botana de Alce, Bufalo, Venado<\/span><\/a><\/p>\n","protected":false},"featured_media":3537,"template":"","meta":{"neve_meta_sidebar":"","neve_meta_container":"","neve_meta_enable_content_width":"off","neve_meta_content_width":100,"neve_meta_title_alignment":"","neve_meta_author_avatar":"","neve_post_elements_order":"","neve_meta_disable_header":"","neve_meta_disable_footer":"","neve_meta_disable_title":"","neve_meta_reading_time":""},"product_brand":[],"product_cat":[41],"product_tag":[],"class_list":{"0":"post-3534","1":"product","2":"type-product","3":"status-publish","4":"has-post-thumbnail","6":"product_cat-camping","7":"product_shipping_class-fedex","9":"first","10":"instock","11":"shipping-taxable","12":"purchasable","13":"product-type-variable"},"_links":{"self":[{"href":"https:\/\/wildhogoverland.com\/index.php?rest_route=\/wp\/v2\/product\/3534","targetHints":{"allow":["GET"]}}],"collection":[{"href":"https:\/\/wildhogoverland.com\/index.php?rest_route=\/wp\/v2\/product"}],"about":[{"href":"https:\/\/wildhogoverland.com\/index.php?rest_route=\/wp\/v2\/types\/product"}],"wp:featuredmedia":[{"embeddable":true,"href":"https:\/\/wildhogoverland.com\/index.php?rest_route=\/wp\/v2\/media\/3537"}],"wp:attachment":[{"href":"https:\/\/wildhogoverland.com\/index.php?rest_route=%2Fwp%2Fv2%2Fmedia&parent=3534"}],"wp:term":[{"taxonomy":"product_brand","embeddable":true,"href":"https:\/\/wildhogoverland.com\/index.php?rest_route=%2Fwp%2Fv2%2Fproduct_brand&post=3534"},{"taxonomy":"product_cat","embeddable":true,"href":"https:\/\/wildhogoverland.com\/index.php?rest_route=%2Fwp%2Fv2%2Fproduct_cat&post=3534"},{"taxonomy":"product_tag","embeddable":true,"href":"https:\/\/wildhogoverland.com\/index.php?rest_route=%2Fwp%2Fv2%2Fproduct_tag&post=3534"}],"curies":[{"name":"wp","href":"https:\/\/api.w.org\/{rel}","templated":true}]}}