{"id":3524,"date":"2025-04-15T19:14:20","date_gmt":"2025-04-15T19:14:20","guid":{"rendered":"https:\/\/wildhogoverland.com\/?post_type=product&#038;p=3524"},"modified":"2026-04-27T18:13:24","modified_gmt":"2026-04-27T18:13:24","slug":"antena-con-base-magnetica-uhf","status":"publish","type":"product","link":"https:\/\/wildhogoverland.com\/?product=antena-con-base-magnetica-uhf","title":{"rendered":"Antena con base magnetica UHF"},"content":{"rendered":"<p class=\"p1\">Incluye una potente base magn\u00e9tica NGP, una antena UHF con base roscada tipo NMO y 4 metros de cable coaxial.<\/p>\n<p class=\"p1\">Con una longitud total de solo <span class=\"s1\"><b>14.5 pulgadas<\/b><\/span> (aprox. 37 cm), la antena POINT5 ofrece un gran rendimiento en un tama\u00f1o compacto. Funciona en cualquier frecuencia entre <span class=\"s1\"><b>406-470 MHz<\/b><\/span>, incluyendo GMRS.<\/p>\n<p class=\"p1\">La base de montaje moldeada en <span class=\"s1\"><b>ABS resistente al calor<\/b><\/span> cuenta con conexiones soldadas con esta\u00f1o-plata, contactos con pasador de empuje <span class=\"s1\"><b>ba\u00f1ados en oro<\/b><\/span> y <span class=\"s1\"><b>empaque tipo O-Ring<\/b><\/span>.<\/p>\n<p class=\"p1\">Para un rendimiento \u00f3ptimo, se recomienda montarla sobre una <span class=\"s1\"><b>superficie met\u00e1lica que act\u00fae como plano de tierra<\/b><\/span>, como el techo de un veh\u00edculo, lo cual mejora la se\u00f1al.<\/p>\n<p class=\"p1\">Consulta la <span class=\"s1\"><b>Gu\u00eda de Instalaci\u00f3n<\/b><\/span>\u00a0para una colocaci\u00f3n adecuada de la antena, preparaci\u00f3n de la superficie y correcta instalaci\u00f3n.<\/p>\n<p class=\"p1\">La antena UHF ya viene <span class=\"s1\"><b>preajustada <\/b><\/span>\u00a0para su uso en frecuencias UHF. \u00a1Solo m\u00f3ntala y listo!<\/p>\n<p><a href=\"https:\/\/wildhogoverland.com\/wp-content\/uploads\/2025\/04\/Antenna-Install-and-Tuning.pdf\">INSTALACION<\/a><\/p>\n","protected":false},"excerpt":{"rendered":"<p>Incluye una potente base magn\u00e9tica NGP, una antena UHF con base roscada tipo NMO y 4 metros de cable coaxial. Con una longitud total de solo 14.5 pulgadas (aprox. 37 cm), la antena POINT5 ofrece un gran rendimiento en un tama\u00f1o compacto. Funciona en cualquier frecuencia entre 406-470 MHz, incluyendo GMRS. La base de montaje&hellip;&nbsp;<a href=\"https:\/\/wildhogoverland.com\/?product=antena-con-base-magnetica-uhf\" rel=\"bookmark\">Read More &raquo;<span class=\"screen-reader-text\">Antena con base magnetica UHF<\/span><\/a><\/p>\n","protected":false},"featured_media":3525,"template":"","meta":{"neve_meta_sidebar":"","neve_meta_container":"","neve_meta_enable_content_width":"off","neve_meta_content_width":100,"neve_meta_title_alignment":"","neve_meta_author_avatar":"","neve_post_elements_order":"","neve_meta_disable_header":"","neve_meta_disable_footer":"","neve_meta_disable_title":"","neve_meta_reading_time":""},"product_brand":[],"product_cat":[42,43,51],"product_tag":[],"class_list":{"0":"post-3524","1":"product","2":"type-product","3":"status-publish","4":"has-post-thumbnail","6":"product_cat-antenas","7":"product_cat-comms","8":"product_cat-ruggedradios","9":"product_shipping_class-fedex","11":"first","12":"outofstock","13":"shipping-taxable","14":"purchasable","15":"product-type-simple"},"_links":{"self":[{"href":"https:\/\/wildhogoverland.com\/index.php?rest_route=\/wp\/v2\/product\/3524","targetHints":{"allow":["GET"]}}],"collection":[{"href":"https:\/\/wildhogoverland.com\/index.php?rest_route=\/wp\/v2\/product"}],"about":[{"href":"https:\/\/wildhogoverland.com\/index.php?rest_route=\/wp\/v2\/types\/product"}],"wp:featuredmedia":[{"embeddable":true,"href":"https:\/\/wildhogoverland.com\/index.php?rest_route=\/wp\/v2\/media\/3525"}],"wp:attachment":[{"href":"https:\/\/wildhogoverland.com\/index.php?rest_route=%2Fwp%2Fv2%2Fmedia&parent=3524"}],"wp:term":[{"taxonomy":"product_brand","embeddable":true,"href":"https:\/\/wildhogoverland.com\/index.php?rest_route=%2Fwp%2Fv2%2Fproduct_brand&post=3524"},{"taxonomy":"product_cat","embeddable":true,"href":"https:\/\/wildhogoverland.com\/index.php?rest_route=%2Fwp%2Fv2%2Fproduct_cat&post=3524"},{"taxonomy":"product_tag","embeddable":true,"href":"https:\/\/wildhogoverland.com\/index.php?rest_route=%2Fwp%2Fv2%2Fproduct_tag&post=3524"}],"curies":[{"name":"wp","href":"https:\/\/api.w.org\/{rel}","templated":true}]}}