{"id":3424,"date":"2025-02-13T18:20:44","date_gmt":"2025-02-13T18:20:44","guid":{"rendered":"https:\/\/wildhogoverland.com\/?post_type=product&#038;p=3424"},"modified":"2026-03-27T18:54:31","modified_gmt":"2026-03-27T18:54:31","slug":"radio-rugged-rambler-g4","status":"publish","type":"product","link":"https:\/\/wildhogoverland.com\/?product=radio-rugged-rambler-g4","title":{"rendered":"Radio Rugged Rambler G4"},"content":{"rendered":"<p class=\"p1\"><b>Desde los senderos de Moab hasta los desiertos de la pen\u00ednsula de Baja, el Rambler G4 est\u00e1 listo para ir m\u00e1s all\u00e1.<\/b><b><\/b><\/p>\n<p class=\"p3\">La gran pantalla clara y f\u00e1cil de leer brinda acceso r\u00e1pido a controles programables con una interfaz intuitiva. Con m\u00e1s de 46 watts de potencia, el Rambler G4 est\u00e1 listo para recorrer largas distancias.<\/p>\n<p class=\"p3\">Dise\u00f1ado para ofrecer un rendimiento confiable en veh\u00edculos con cabina cerrada, el Rambler G4 proporciona comunicaci\u00f3n potente y una claridad excepcional en cada aventura. Para entornos donde se requiere protecci\u00f3n total contra el agua, considera el modelo G1 con su certificaci\u00f3n IP67.<\/p>\n<p class=\"p1\"><b>AMPLIFY 2.0 \u2013 TRANSMISI\u00d3N ESTABLE<\/b><b><\/b><\/p>\n<p class=\"p3\">Equipado con un potente amplificador de transmisi\u00f3n Mitsubishi, garantiza una potencia estable y constante sin riesgo de ca\u00eddas durante transmisiones prolongadas.<\/p>\n<p class=\"p1\"><b>RIDEui \u2013 PANTALLA INTUITIVA<\/b><b><\/b><\/p>\n<p class=\"p3\">Dise\u00f1ada para la simplicidad y facilidad de uso, la interfaz <i>RIDEui<\/i> permite navegar, personalizar configuraciones y acceder a funciones avanzadas sin esfuerzo. Combinada con una pantalla LED clara y f\u00e1cil de leer, ofrece una experiencia fluida tanto en el camino como fuera de \u00e9l.<\/p>\n<p class=\"p1\"><b>SISTEMA DE MONTAJE AMPS<\/b><b><\/b><\/p>\n<p class=\"p3\">Compatible con soportes RAM, el sistema de montaje <i>AMPS<\/i> integrado proporciona una mayor versatilidad junto con opciones de montaje tradicionales, facilitando la instalaci\u00f3n y adapt\u00e1ndose a tus necesidades.<\/p>\n<p class=\"p3\">El Rambler G4 combina potencia, caracter\u00edsticas innovadoras y opciones de montaje vers\u00e1tiles <i>AMPS<\/i>, convirti\u00e9ndolo en la radio ideal para cualquier aventura. Ya sea que est\u00e9s navegando por terrenos dif\u00edciles o recorriendo la carretera, el G4 est\u00e1 dise\u00f1ado para mantenerte conectado mientras sigues explorando.<\/p>\n<p class=\"p1\"><b>Caracter\u00edsticas:<\/b><b><\/b><\/p>\n<p class=\"p3\">\u2705 <span class=\"s1\"><b>Potencia:<\/b><\/span> 46.8 watts<\/p>\n<p class=\"p3\">\u2705 <span class=\"s1\"><b>AMPLIFY 2.0:<\/b><\/span> Amplificador de transmisi\u00f3n Mitsubishi para potencia estable<\/p>\n<p class=\"p3\">\u2705 <span class=\"s1\"><b>RIDEui:<\/b><\/span> Men\u00fa intuitivo y amigable con pantalla LED<\/p>\n<p class=\"p3\">\u2705 <span class=\"s1\"><b>Montaje AMPS:<\/b><\/span> Compatible con patr\u00f3n de montaje AMPS (compatible con RAM)<\/p>\n<p class=\"p3\">\u2705 <span class=\"s1\"><b>Canales GMRS est\u00e1ndar:<\/b><\/span> 15 canales GMRS (1-7 y 15-22)<\/p>\n<p class=\"p3\">\u2705 <span class=\"s1\"><b>Canales repetidores:<\/b><\/span> 8 canales repetidores<\/p>\n<p class=\"p4\"><span class=\"s2\">\u2705 <\/span><b>259 c\u00f3digos de privacidad:<\/b><span class=\"s2\"> 51 CTCSS \/ 208 DCS<\/span><\/p>\n<p class=\"p3\">\u2705 <span class=\"s1\"><b>C\u00f3digo de tono:<\/b><\/span> Ajustable, compatible con tonos divididos (repetidor)<\/p>\n<p class=\"p4\"><span class=\"s2\">\u2705 <\/span><b>Botones P1 \/ P2:<\/b><span class=\"s2\"> Programables<\/span><\/p>\n<p class=\"p3\">\u2705 <span class=\"s1\"><b>Bot\u00f3n HWY:<\/b><\/span> Canal 19 preestablecido<\/p>\n<p class=\"p3\">\u2705 <span class=\"s1\"><b>Ajustes de potencia:<\/b><\/span> Alto \/ Medio \/ Bajo<\/p>\n<p class=\"p3\">\u2705 <span class=\"s1\"><b>Bandas:<\/b><\/span> Estrecha \/ Ancha<\/p>\n<p class=\"p4\"><span class=\"s2\">\u2705 <\/span><b>Color de pantalla:<\/b><span class=\"s2\"> Ajustable<\/span><\/p>\n<p class=\"p3\">\u2705 <span class=\"s1\"><b>Brillo:<\/b><\/span> Ajustable<\/p>\n<p class=\"p4\"><span class=\"s2\">\u2705 <\/span><b>C\u00f3digo de tono:<\/b><span class=\"s2\"> Ajustable<\/span><\/p>\n<p class=\"p3\">\u2705 <span class=\"s1\"><b>Squelch:<\/b><\/span> Ajustable<\/p>\n<p class=\"p3\">\u2705 <span class=\"s1\"><b>Roger Beep:<\/b><\/span> Ajustable<\/p>\n<p class=\"p4\"><span class=\"s2\">\u2705 <\/span><b>Alerta TX \/ RX:<\/b><span class=\"s2\"> Ajustable<\/span><\/p>\n<p class=\"p4\"><span class=\"s2\">\u2705 <\/span><b>Bloqueo de botones<\/b><b><\/b><\/p>\n<p class=\"p4\"><span class=\"s2\">\u2705 <\/span><b>Puerto para altavoz externo<\/b><b><\/b><\/p>\n<p class=\"p4\"><span class=\"s2\">\u2705 <\/span><b>Exploraci\u00f3n de canales<\/b><b><\/b><\/p>\n<p class=\"p4\"><span class=\"s2\">\u2705 <\/span><b>Doble monitoreo<\/b><b><\/b><\/p>\n<p class=\"p3\">\u2705 <span class=\"s1\"><b>Modo solo escucha:<\/b><\/span> Frecuencias UHF<\/p>\n<p class=\"p3\">\u2705 <span class=\"s1\"><b>Dimensiones:<\/b><\/span> 5.5\u201d de ancho x 7\u201d de profundidad x 1.5\u201d de alto<\/p>\n<p class=\"p3\">\u2705 <span class=\"s1\"><b>Conectividad:<\/b><\/span> Se conecta f\u00e1cilmente a un intercomunicador, auriculares o cualquier accesorio de 5 pines con un adaptador opcional<\/p>\n<p class=\"p1\"><b>Incluye:<\/b><b><\/b><\/p>\n<p class=\"p3\">\ud83d\udce6 <span class=\"s1\"><b>(1) Radio Rambler G4<\/b><\/span> \u2013 Radio m\u00f3vil GMRS<\/p>\n<p class=\"p3\">\ud83c\udfa4 <span class=\"s1\"><b>(1) Micr\u00f3fono de mano<\/b><\/span> \u2013 Con soporte magn\u00e9tico<\/p>\n<p class=\"p3\">\ud83d\udee0 <span class=\"s1\"><b>(1) Soporte de montaje<\/b><\/span> \u2013 Soporte universal en U<\/p>\n<p class=\"p3\">\ud83d\udd0c <span class=\"s1\"><b>(1) Cable de alimentaci\u00f3n<\/b><\/span> \u2013 Cable de corriente DC con fusible en l\u00ednea<\/p>\n<p class=\"p3\">\ud83d\udd29 <span class=\"s1\"><b>(1) Kit de montaje<\/b><\/span> \u2013 Hardware de instalaci\u00f3n<\/p>\n<p class=\"p4\"><span class=\"s2\">\ud83c\udfd5 <\/span><b>(1) Parche Rambler Adventure<\/b><b><\/b><\/p>\n<p class=\"p4\"><span class=\"s2\">\ud83c\udf92 <\/span><b>(1) Bolsa de micr\u00f3fono Rip-Stop<\/b><\/p>\n<p class=\"p1\"><span class=\"s1\">\ud83d\udd0b <\/span><b>El Rambler G4 es la mejor opci\u00f3n para mantenerte comunicado en cualquier aventura. \u00a1Explora m\u00e1s lejos con total confianza!<\/b><span class=\"s1\"> \ud83d\ude99\ud83d\udca8<\/span><\/p>\n<p><a href=\"https:\/\/wildhogoverland.com\/wp-content\/uploads\/2025\/02\/G4_Mobile_Radio_User_Manual.pdf\">MANUAL<\/a><\/p>\n<div class=\"nv-iframe-embed\"><iframe loading=\"lazy\" title=\"Rugged G4 Rambler GMRS Mobile Radio\" width=\"1200\" height=\"675\" src=\"https:\/\/www.youtube.com\/embed\/5cHFwXdiJjI?start=2&#038;feature=oembed\" frameborder=\"0\" allow=\"accelerometer; autoplay; clipboard-write; encrypted-media; gyroscope; picture-in-picture; web-share\" referrerpolicy=\"strict-origin-when-cross-origin\" allowfullscreen><\/iframe><\/div>\n<p>&nbsp;<\/p>\n","protected":false},"excerpt":{"rendered":"<p>Desde los senderos de Moab hasta los desiertos de la pen\u00ednsula de Baja, el Rambler G4 est\u00e1 listo para ir m\u00e1s all\u00e1. La gran pantalla clara y f\u00e1cil de leer brinda acceso r\u00e1pido a controles programables con una interfaz intuitiva. Con m\u00e1s de 46 watts de potencia, el Rambler G4 est\u00e1 listo para recorrer largas&hellip;&nbsp;<a href=\"https:\/\/wildhogoverland.com\/?product=radio-rugged-rambler-g4\" rel=\"bookmark\">Read More &raquo;<span class=\"screen-reader-text\">Radio Rugged Rambler G4<\/span><\/a><\/p>\n","protected":false},"featured_media":3425,"template":"","meta":{"neve_meta_sidebar":"","neve_meta_container":"","neve_meta_enable_content_width":"off","neve_meta_content_width":100,"neve_meta_title_alignment":"","neve_meta_author_avatar":"","neve_post_elements_order":"","neve_meta_disable_header":"","neve_meta_disable_footer":"","neve_meta_disable_title":"","neve_meta_reading_time":""},"product_brand":[],"product_cat":[43,51],"product_tag":[],"class_list":{"0":"post-3424","1":"product","2":"type-product","3":"status-publish","4":"has-post-thumbnail","6":"product_cat-comms","7":"product_cat-ruggedradios","8":"product_shipping_class-fedex","10":"first","11":"instock","12":"shipping-taxable","13":"purchasable","14":"product-type-simple"},"_links":{"self":[{"href":"https:\/\/wildhogoverland.com\/index.php?rest_route=\/wp\/v2\/product\/3424","targetHints":{"allow":["GET"]}}],"collection":[{"href":"https:\/\/wildhogoverland.com\/index.php?rest_route=\/wp\/v2\/product"}],"about":[{"href":"https:\/\/wildhogoverland.com\/index.php?rest_route=\/wp\/v2\/types\/product"}],"wp:featuredmedia":[{"embeddable":true,"href":"https:\/\/wildhogoverland.com\/index.php?rest_route=\/wp\/v2\/media\/3425"}],"wp:attachment":[{"href":"https:\/\/wildhogoverland.com\/index.php?rest_route=%2Fwp%2Fv2%2Fmedia&parent=3424"}],"wp:term":[{"taxonomy":"product_brand","embeddable":true,"href":"https:\/\/wildhogoverland.com\/index.php?rest_route=%2Fwp%2Fv2%2Fproduct_brand&post=3424"},{"taxonomy":"product_cat","embeddable":true,"href":"https:\/\/wildhogoverland.com\/index.php?rest_route=%2Fwp%2Fv2%2Fproduct_cat&post=3424"},{"taxonomy":"product_tag","embeddable":true,"href":"https:\/\/wildhogoverland.com\/index.php?rest_route=%2Fwp%2Fv2%2Fproduct_tag&post=3424"}],"curies":[{"name":"wp","href":"https:\/\/api.w.org\/{rel}","templated":true}]}}