{"id":3290,"date":"2024-10-02T17:33:26","date_gmt":"2024-10-02T17:33:26","guid":{"rendered":"https:\/\/wildhogoverland.com\/?post_type=product&#038;p=3290"},"modified":"2025-11-03T13:42:58","modified_gmt":"2025-11-03T13:42:58","slug":"kit-de-comunicacion-para-motocicleta","status":"publish","type":"product","link":"https:\/\/wildhogoverland.com\/?product=kit-de-comunicacion-para-motocicleta","title":{"rendered":"Kit de comunicaci\u00f3n para motocicleta"},"content":{"rendered":"<p>El kit de moto Rugged SUPER SPORT es el sistema de comunicaci\u00f3n de largo alcance ideal para entusiastas de las dos y cuatro ruedas, incluidas las motos de aventura, las motos de cross y las cuatrimotos, o los motociclistas m\u00e1s exigentes que buscan perder hasta el \u00faltimo gramo de peso. Tiene toda la funcionalidad del kit MOTO MAX en un paquete liviano y resistente, \u00a0incluye cableado SUPER SPORT y kit de casco SUPER SPORT.<\/p>\n<p>Con cableado liviano y resistente, conectores Duralink Snap-Lock, kit de casco de f\u00e1cil instalaci\u00f3n con parlantes Alpha Audio y micr\u00f3fono con cancelaci\u00f3n de ruido, y un bot\u00f3n pulsador de liberaci\u00f3n r\u00e1pida que se puede montar en el manubrio.<\/p>\n<p>Radio se vende por separado<\/p>\n<div class=\"nv-iframe-embed\"><iframe loading=\"lazy\" title=\"Rugged Radios Moto Kit - Take the Conversation to the Trails\" width=\"1200\" height=\"675\" src=\"https:\/\/www.youtube.com\/embed\/d_E95ZKYtNc?feature=oembed\" frameborder=\"0\" allow=\"accelerometer; autoplay; clipboard-write; encrypted-media; gyroscope; picture-in-picture; web-share\" referrerpolicy=\"strict-origin-when-cross-origin\" allowfullscreen><\/iframe><\/div>\n","protected":false},"excerpt":{"rendered":"<p>El kit de moto Rugged SUPER SPORT es el sistema de comunicaci\u00f3n de largo alcance ideal para entusiastas de las dos y cuatro ruedas, incluidas las motos de aventura, las motos de cross y las cuatrimotos, o los motociclistas m\u00e1s exigentes que buscan perder hasta el \u00faltimo gramo de peso. Tiene toda la funcionalidad del&hellip;&nbsp;<a href=\"https:\/\/wildhogoverland.com\/?product=kit-de-comunicacion-para-motocicleta\" rel=\"bookmark\">Read More &raquo;<span class=\"screen-reader-text\">Kit de comunicaci\u00f3n para motocicleta<\/span><\/a><\/p>\n","protected":false},"featured_media":3291,"template":"","meta":{"neve_meta_sidebar":"","neve_meta_container":"","neve_meta_enable_content_width":"off","neve_meta_content_width":100,"neve_meta_title_alignment":"","neve_meta_author_avatar":"","neve_post_elements_order":"","neve_meta_disable_header":"","neve_meta_disable_footer":"","neve_meta_disable_title":"","neve_meta_reading_time":""},"product_brand":[],"product_cat":[51],"product_tag":[],"class_list":{"0":"post-3290","1":"product","2":"type-product","3":"status-publish","4":"has-post-thumbnail","6":"product_cat-ruggedradios","7":"product_shipping_class-fedex","9":"first","10":"instock","11":"shipping-taxable","12":"purchasable","13":"product-type-simple"},"_links":{"self":[{"href":"https:\/\/wildhogoverland.com\/index.php?rest_route=\/wp\/v2\/product\/3290","targetHints":{"allow":["GET"]}}],"collection":[{"href":"https:\/\/wildhogoverland.com\/index.php?rest_route=\/wp\/v2\/product"}],"about":[{"href":"https:\/\/wildhogoverland.com\/index.php?rest_route=\/wp\/v2\/types\/product"}],"wp:featuredmedia":[{"embeddable":true,"href":"https:\/\/wildhogoverland.com\/index.php?rest_route=\/wp\/v2\/media\/3291"}],"wp:attachment":[{"href":"https:\/\/wildhogoverland.com\/index.php?rest_route=%2Fwp%2Fv2%2Fmedia&parent=3290"}],"wp:term":[{"taxonomy":"product_brand","embeddable":true,"href":"https:\/\/wildhogoverland.com\/index.php?rest_route=%2Fwp%2Fv2%2Fproduct_brand&post=3290"},{"taxonomy":"product_cat","embeddable":true,"href":"https:\/\/wildhogoverland.com\/index.php?rest_route=%2Fwp%2Fv2%2Fproduct_cat&post=3290"},{"taxonomy":"product_tag","embeddable":true,"href":"https:\/\/wildhogoverland.com\/index.php?rest_route=%2Fwp%2Fv2%2Fproduct_tag&post=3290"}],"curies":[{"name":"wp","href":"https:\/\/api.w.org\/{rel}","templated":true}]}}