{"id":3283,"date":"2024-10-02T15:50:19","date_gmt":"2024-10-02T15:50:19","guid":{"rendered":"https:\/\/wildhogoverland.com\/?post_type=product&#038;p=3283"},"modified":"2025-10-05T14:20:03","modified_gmt":"2025-10-05T14:20:03","slug":"headset-h10-rugged","status":"publish","type":"product","link":"https:\/\/wildhogoverland.com\/?product=headset-h10-rugged","title":{"rendered":"Headset H10 Rugged"},"content":{"rendered":"<p>Los auriculares ligeros H10 ofrecen una \u00a0gran versatilidad para m\u00faltiples aplicaciones. Funcionan muy bien con cascos cortos, gorras de b\u00e9isbol y en situaciones en las que el peso es un factor importante.<\/p>\n<p>El dise\u00f1o de 2 pines se conecta instant\u00e1neamente a los radios port\u00e1tiles de 2 pines Rugged R1, RDH-X, V3, RDH, RH5R, GMR2, GMR2 PLUS, ABH-7, Baofeng UV5R y Kenwood, entre otros.<\/p>\n<p>El micr\u00f3fono con cancelaci\u00f3n de ruido din\u00e1mico garantiza transmisiones de audio claras, con un cable de 34&#8243; \u00a0que se expande \u00a06&#8242; para brindar espacio para conectividad y movilidad.<\/p>\n<p>El pr\u00e1ctico sistema Push-to-Talk en l\u00ednea facilita la transmisi\u00f3n.<\/p>\n<p>Caracter\u00edsticas:<\/p>\n<p>Dise\u00f1o liviano<br \/>\nSistema Push-to-Talk en l\u00ednea<br \/>\nMicr\u00f3fono con cancelaci\u00f3n de ruido din\u00e1mico<br \/>\nCorrea trasera ajustable para un ajuste perfecto<br \/>\nEstuche de transporte con asa<\/p>\n","protected":false},"excerpt":{"rendered":"<p>Los auriculares ligeros H10 ofrecen una \u00a0gran versatilidad para m\u00faltiples aplicaciones. Funcionan muy bien con cascos cortos, gorras de b\u00e9isbol y en situaciones en las que el peso es un factor importante. El dise\u00f1o de 2 pines se conecta instant\u00e1neamente a los radios port\u00e1tiles de 2 pines Rugged R1, RDH-X, V3, RDH, RH5R, GMR2, GMR2&hellip;&nbsp;<a href=\"https:\/\/wildhogoverland.com\/?product=headset-h10-rugged\" rel=\"bookmark\">Read More &raquo;<span class=\"screen-reader-text\">Headset H10 Rugged<\/span><\/a><\/p>\n","protected":false},"featured_media":3284,"template":"","meta":{"neve_meta_sidebar":"","neve_meta_container":"","neve_meta_enable_content_width":"off","neve_meta_content_width":100,"neve_meta_title_alignment":"","neve_meta_author_avatar":"","neve_post_elements_order":"","neve_meta_disable_header":"","neve_meta_disable_footer":"","neve_meta_disable_title":"","neve_meta_reading_time":""},"product_brand":[],"product_cat":[51],"product_tag":[],"class_list":{"0":"post-3283","1":"product","2":"type-product","3":"status-publish","4":"has-post-thumbnail","6":"product_cat-ruggedradios","7":"product_shipping_class-fedex","9":"first","10":"instock","11":"shipping-taxable","12":"purchasable","13":"product-type-simple"},"_links":{"self":[{"href":"https:\/\/wildhogoverland.com\/index.php?rest_route=\/wp\/v2\/product\/3283","targetHints":{"allow":["GET"]}}],"collection":[{"href":"https:\/\/wildhogoverland.com\/index.php?rest_route=\/wp\/v2\/product"}],"about":[{"href":"https:\/\/wildhogoverland.com\/index.php?rest_route=\/wp\/v2\/types\/product"}],"wp:featuredmedia":[{"embeddable":true,"href":"https:\/\/wildhogoverland.com\/index.php?rest_route=\/wp\/v2\/media\/3284"}],"wp:attachment":[{"href":"https:\/\/wildhogoverland.com\/index.php?rest_route=%2Fwp%2Fv2%2Fmedia&parent=3283"}],"wp:term":[{"taxonomy":"product_brand","embeddable":true,"href":"https:\/\/wildhogoverland.com\/index.php?rest_route=%2Fwp%2Fv2%2Fproduct_brand&post=3283"},{"taxonomy":"product_cat","embeddable":true,"href":"https:\/\/wildhogoverland.com\/index.php?rest_route=%2Fwp%2Fv2%2Fproduct_cat&post=3283"},{"taxonomy":"product_tag","embeddable":true,"href":"https:\/\/wildhogoverland.com\/index.php?rest_route=%2Fwp%2Fv2%2Fproduct_tag&post=3283"}],"curies":[{"name":"wp","href":"https:\/\/api.w.org\/{rel}","templated":true}]}}