{"id":3077,"date":"2024-07-09T22:36:16","date_gmt":"2024-07-09T22:36:16","guid":{"rendered":"https:\/\/wildhogoverland.com\/?post_type=product&#038;p=3077"},"modified":"2025-10-05T14:20:46","modified_gmt":"2025-10-05T14:20:46","slug":"extension-de-cable-rugged-race","status":"publish","type":"product","link":"https:\/\/wildhogoverland.com\/?product=extension-de-cable-rugged-race","title":{"rendered":"Extension de cable Rugged"},"content":{"rendered":"<p>El cable Rugged coaxial Race Series cuenta con triple blindaje resistente, cableado X1C de baja p\u00e9rdida con especificaciones de carrera. Dise\u00f1ado para ofrecer comunicaciones cr\u00edticas en los entornos m\u00e1s hostiles.<\/p>\n<p>Conectores macho a macho<\/p>\n<p>2 FT de largo ( 60 cm)<\/p>\n","protected":false},"excerpt":{"rendered":"<p>El cable Rugged coaxial Race Series cuenta con triple blindaje resistente, cableado X1C de baja p\u00e9rdida con especificaciones de carrera. Dise\u00f1ado para ofrecer comunicaciones cr\u00edticas en los entornos m\u00e1s hostiles. Conectores macho a macho 2 FT de largo ( 60 cm)<\/p>\n","protected":false},"featured_media":3078,"template":"","meta":{"neve_meta_sidebar":"","neve_meta_container":"","neve_meta_enable_content_width":"off","neve_meta_content_width":100,"neve_meta_title_alignment":"","neve_meta_author_avatar":"","neve_post_elements_order":"","neve_meta_disable_header":"","neve_meta_disable_footer":"","neve_meta_disable_title":"","neve_meta_reading_time":""},"product_brand":[],"product_cat":[51],"product_tag":[],"class_list":{"0":"post-3077","1":"product","2":"type-product","3":"status-publish","4":"has-post-thumbnail","6":"product_cat-ruggedradios","8":"first","9":"instock","10":"shipping-taxable","11":"purchasable","12":"product-type-simple"},"_links":{"self":[{"href":"https:\/\/wildhogoverland.com\/index.php?rest_route=\/wp\/v2\/product\/3077","targetHints":{"allow":["GET"]}}],"collection":[{"href":"https:\/\/wildhogoverland.com\/index.php?rest_route=\/wp\/v2\/product"}],"about":[{"href":"https:\/\/wildhogoverland.com\/index.php?rest_route=\/wp\/v2\/types\/product"}],"wp:featuredmedia":[{"embeddable":true,"href":"https:\/\/wildhogoverland.com\/index.php?rest_route=\/wp\/v2\/media\/3078"}],"wp:attachment":[{"href":"https:\/\/wildhogoverland.com\/index.php?rest_route=%2Fwp%2Fv2%2Fmedia&parent=3077"}],"wp:term":[{"taxonomy":"product_brand","embeddable":true,"href":"https:\/\/wildhogoverland.com\/index.php?rest_route=%2Fwp%2Fv2%2Fproduct_brand&post=3077"},{"taxonomy":"product_cat","embeddable":true,"href":"https:\/\/wildhogoverland.com\/index.php?rest_route=%2Fwp%2Fv2%2Fproduct_cat&post=3077"},{"taxonomy":"product_tag","embeddable":true,"href":"https:\/\/wildhogoverland.com\/index.php?rest_route=%2Fwp%2Fv2%2Fproduct_tag&post=3077"}],"curies":[{"name":"wp","href":"https:\/\/api.w.org\/{rel}","templated":true}]}}