{"id":2977,"date":"2024-06-25T17:02:32","date_gmt":"2024-06-25T17:02:32","guid":{"rendered":"https:\/\/wildhogoverland.com\/?post_type=product&#038;p=2977"},"modified":"2025-12-29T00:04:26","modified_gmt":"2025-12-29T00:04:26","slug":"bateria-de-reemplazo-radio-gmr2","status":"publish","type":"product","link":"https:\/\/wildhogoverland.com\/?product=bateria-de-reemplazo-radio-gmr2","title":{"rendered":"Bateria de reemplazo radio GMR2"},"content":{"rendered":"<p>Bater\u00eda de repuesto para radio port\u00e1til Rugged Radios GMR2. Cuenta con un puerto de carga de 12 V incorporado e incluye un clip para cintur\u00f3n.<\/p>\n<p>Capacidad: 1400 mAh<br \/>\nVoltaje: 7,4 V<br \/>\nTipo: Iones de litio<\/p>\n<p>Incluye:<\/p>\n<p>Bater\u00eda de iones de litio<br \/>\nClip de cintur\u00f3n<br \/>\nCargador de bater\u00eda no incluido<\/p>\n","protected":false},"excerpt":{"rendered":"<p>Bater\u00eda de repuesto para radio port\u00e1til Rugged Radios GMR2. Cuenta con un puerto de carga de 12 V incorporado e incluye un clip para cintur\u00f3n. Capacidad: 1400 mAh Voltaje: 7,4 V Tipo: Iones de litio Incluye: Bater\u00eda de iones de litio Clip de cintur\u00f3n Cargador de bater\u00eda no incluido<\/p>\n","protected":false},"featured_media":2978,"template":"","meta":{"neve_meta_sidebar":"","neve_meta_container":"","neve_meta_enable_content_width":"off","neve_meta_content_width":100,"neve_meta_title_alignment":"","neve_meta_author_avatar":"","neve_post_elements_order":"","neve_meta_disable_header":"","neve_meta_disable_footer":"","neve_meta_disable_title":"","neve_meta_reading_time":""},"product_brand":[],"product_cat":[51],"product_tag":[],"class_list":{"0":"post-2977","1":"product","2":"type-product","3":"status-publish","4":"has-post-thumbnail","6":"product_cat-ruggedradios","7":"product_shipping_class-fedex","9":"first","10":"instock","11":"shipping-taxable","12":"purchasable","13":"product-type-variable"},"_links":{"self":[{"href":"https:\/\/wildhogoverland.com\/index.php?rest_route=\/wp\/v2\/product\/2977","targetHints":{"allow":["GET"]}}],"collection":[{"href":"https:\/\/wildhogoverland.com\/index.php?rest_route=\/wp\/v2\/product"}],"about":[{"href":"https:\/\/wildhogoverland.com\/index.php?rest_route=\/wp\/v2\/types\/product"}],"wp:featuredmedia":[{"embeddable":true,"href":"https:\/\/wildhogoverland.com\/index.php?rest_route=\/wp\/v2\/media\/2978"}],"wp:attachment":[{"href":"https:\/\/wildhogoverland.com\/index.php?rest_route=%2Fwp%2Fv2%2Fmedia&parent=2977"}],"wp:term":[{"taxonomy":"product_brand","embeddable":true,"href":"https:\/\/wildhogoverland.com\/index.php?rest_route=%2Fwp%2Fv2%2Fproduct_brand&post=2977"},{"taxonomy":"product_cat","embeddable":true,"href":"https:\/\/wildhogoverland.com\/index.php?rest_route=%2Fwp%2Fv2%2Fproduct_cat&post=2977"},{"taxonomy":"product_tag","embeddable":true,"href":"https:\/\/wildhogoverland.com\/index.php?rest_route=%2Fwp%2Fv2%2Fproduct_tag&post=2977"}],"curies":[{"name":"wp","href":"https:\/\/api.w.org\/{rel}","templated":true}]}}