{"id":2944,"date":"2024-06-03T17:25:51","date_gmt":"2024-06-03T17:25:51","guid":{"rendered":"https:\/\/wildhogoverland.com\/?post_type=product&#038;p=2944"},"modified":"2026-03-30T20:02:13","modified_gmt":"2026-03-30T20:02:13","slug":"bateria-xl-para-radio-gmr2","status":"publish","type":"product","link":"https:\/\/wildhogoverland.com\/?product=bateria-xl-para-radio-gmr2","title":{"rendered":"Bateria Rugged XL para radio GMR2"},"content":{"rendered":"<p>Bater\u00eda de alta capacidad de 3200 mAh, con puerto de carga para USB, proporciona m\u00e1s del doble de duraci\u00f3n que la bater\u00eda est\u00e1ndar de 1400 mAh.<\/p>\n<p>Es el complemento perfecto para su radio port\u00e1til como repuesto, respaldo o para paseos de fin de semana donde la duraci\u00f3n prolongada de la bater\u00eda es fundamental. Se incluye un clip para cintur\u00f3n.<\/p>\n<p>Capacidad: 3200 mAh<br \/>\nVoltaje: 7,4 V<br \/>\nTipo: Iones de litio<br \/>\nCarga mediante cable USB (se vende por separado) o base de carga est\u00e1ndar<\/p>\n","protected":false},"excerpt":{"rendered":"<p>Bater\u00eda de alta capacidad de 3200 mAh, con puerto de carga para USB, proporciona m\u00e1s del doble de duraci\u00f3n que la bater\u00eda est\u00e1ndar de 1400 mAh. Es el complemento perfecto para su radio port\u00e1til como repuesto, respaldo o para paseos de fin de semana donde la duraci\u00f3n prolongada de la bater\u00eda es fundamental. Se incluye&hellip;&nbsp;<a href=\"https:\/\/wildhogoverland.com\/?product=bateria-xl-para-radio-gmr2\" rel=\"bookmark\">Read More &raquo;<span class=\"screen-reader-text\">Bateria Rugged XL para radio GMR2<\/span><\/a><\/p>\n","protected":false},"featured_media":3443,"template":"","meta":{"neve_meta_sidebar":"","neve_meta_container":"","neve_meta_enable_content_width":"off","neve_meta_content_width":100,"neve_meta_title_alignment":"","neve_meta_author_avatar":"","neve_post_elements_order":"","neve_meta_disable_header":"","neve_meta_disable_footer":"","neve_meta_disable_title":"","neve_meta_reading_time":""},"product_brand":[],"product_cat":[51],"product_tag":[],"class_list":{"0":"post-2944","1":"product","2":"type-product","3":"status-publish","4":"has-post-thumbnail","6":"product_cat-ruggedradios","7":"product_shipping_class-fedex","9":"first","10":"instock","11":"shipping-taxable","12":"purchasable","13":"product-type-variable"},"_links":{"self":[{"href":"https:\/\/wildhogoverland.com\/index.php?rest_route=\/wp\/v2\/product\/2944","targetHints":{"allow":["GET"]}}],"collection":[{"href":"https:\/\/wildhogoverland.com\/index.php?rest_route=\/wp\/v2\/product"}],"about":[{"href":"https:\/\/wildhogoverland.com\/index.php?rest_route=\/wp\/v2\/types\/product"}],"wp:featuredmedia":[{"embeddable":true,"href":"https:\/\/wildhogoverland.com\/index.php?rest_route=\/wp\/v2\/media\/3443"}],"wp:attachment":[{"href":"https:\/\/wildhogoverland.com\/index.php?rest_route=%2Fwp%2Fv2%2Fmedia&parent=2944"}],"wp:term":[{"taxonomy":"product_brand","embeddable":true,"href":"https:\/\/wildhogoverland.com\/index.php?rest_route=%2Fwp%2Fv2%2Fproduct_brand&post=2944"},{"taxonomy":"product_cat","embeddable":true,"href":"https:\/\/wildhogoverland.com\/index.php?rest_route=%2Fwp%2Fv2%2Fproduct_cat&post=2944"},{"taxonomy":"product_tag","embeddable":true,"href":"https:\/\/wildhogoverland.com\/index.php?rest_route=%2Fwp%2Fv2%2Fproduct_tag&post=2944"}],"curies":[{"name":"wp","href":"https:\/\/api.w.org\/{rel}","templated":true}]}}