{"id":2933,"date":"2024-05-23T18:54:01","date_gmt":"2024-05-23T18:54:01","guid":{"rendered":"https:\/\/wildhogoverland.com\/?post_type=product&#038;p=2933"},"modified":"2025-09-22T14:44:57","modified_gmt":"2025-09-22T14:44:57","slug":"antena-externa-para-radios-gmr2","status":"publish","type":"product","link":"https:\/\/wildhogoverland.com\/?product=antena-externa-para-radios-gmr2","title":{"rendered":"Antena externa para radios GMR2"},"content":{"rendered":"<p>Aumente significativamente su alcance y maximice el rendimiento de su GMR2 PLUS reubicando la antena fuera de su veh\u00edculo.<\/p>\n<p>Para usarla, simplemente coloque la poderosa base de la antena magn\u00e9tica sobre una superficie met\u00e1lica grande, como el techo de su veh\u00edculo. Luego, fije el conector BNC incluido en su radio port\u00e1til. Finalmente con\u00e9ctelo al cable de la antena y estar\u00e1 listo para transmitir m\u00e1s lejos que nunca.<\/p>\n<p>Caracter\u00edsticas:<br \/>\n\u2022 Longitud del cable: 2.8 metros<br \/>\n\u2022 Altura de la antena: 17,5 pulgadas<br \/>\n\u2022 Altura total: 18,25 pulgadas<br \/>\n\u2022 Base de 1,5&#8243; de di\u00e1metro<\/p>\n<p>&nbsp;<\/p>\n","protected":false},"excerpt":{"rendered":"<p>Aumente significativamente su alcance y maximice el rendimiento de su GMR2 PLUS reubicando la antena fuera de su veh\u00edculo. Para usarla, simplemente coloque la poderosa base de la antena magn\u00e9tica sobre una superficie met\u00e1lica grande, como el techo de su veh\u00edculo. Luego, fije el conector BNC incluido en su radio port\u00e1til. Finalmente con\u00e9ctelo al cable&hellip;&nbsp;<a href=\"https:\/\/wildhogoverland.com\/?product=antena-externa-para-radios-gmr2\" rel=\"bookmark\">Read More &raquo;<span class=\"screen-reader-text\">Antena externa para radios GMR2<\/span><\/a><\/p>\n","protected":false},"featured_media":2934,"template":"","meta":{"neve_meta_sidebar":"","neve_meta_container":"","neve_meta_enable_content_width":"off","neve_meta_content_width":100,"neve_meta_title_alignment":"","neve_meta_author_avatar":"","neve_post_elements_order":"","neve_meta_disable_header":"","neve_meta_disable_footer":"","neve_meta_disable_title":"","neve_meta_reading_time":""},"product_brand":[],"product_cat":[43,51],"product_tag":[],"class_list":{"0":"post-2933","1":"product","2":"type-product","3":"status-publish","4":"has-post-thumbnail","6":"product_cat-comms","7":"product_cat-ruggedradios","8":"product_shipping_class-fedex","10":"first","11":"instock","12":"shipping-taxable","13":"purchasable","14":"product-type-simple"},"_links":{"self":[{"href":"https:\/\/wildhogoverland.com\/index.php?rest_route=\/wp\/v2\/product\/2933","targetHints":{"allow":["GET"]}}],"collection":[{"href":"https:\/\/wildhogoverland.com\/index.php?rest_route=\/wp\/v2\/product"}],"about":[{"href":"https:\/\/wildhogoverland.com\/index.php?rest_route=\/wp\/v2\/types\/product"}],"wp:featuredmedia":[{"embeddable":true,"href":"https:\/\/wildhogoverland.com\/index.php?rest_route=\/wp\/v2\/media\/2934"}],"wp:attachment":[{"href":"https:\/\/wildhogoverland.com\/index.php?rest_route=%2Fwp%2Fv2%2Fmedia&parent=2933"}],"wp:term":[{"taxonomy":"product_brand","embeddable":true,"href":"https:\/\/wildhogoverland.com\/index.php?rest_route=%2Fwp%2Fv2%2Fproduct_brand&post=2933"},{"taxonomy":"product_cat","embeddable":true,"href":"https:\/\/wildhogoverland.com\/index.php?rest_route=%2Fwp%2Fv2%2Fproduct_cat&post=2933"},{"taxonomy":"product_tag","embeddable":true,"href":"https:\/\/wildhogoverland.com\/index.php?rest_route=%2Fwp%2Fv2%2Fproduct_tag&post=2933"}],"curies":[{"name":"wp","href":"https:\/\/api.w.org\/{rel}","templated":true}]}}