{"id":2704,"date":"2024-03-06T17:52:31","date_gmt":"2024-03-06T17:52:31","guid":{"rendered":"https:\/\/wildhogoverland.com\/?post_type=product&#038;p=2704"},"modified":"2025-11-29T18:29:01","modified_gmt":"2025-11-29T18:29:01","slug":"hog-medidor-de-presion","status":"publish","type":"product","link":"https:\/\/wildhogoverland.com\/?product=hog-medidor-de-presion","title":{"rendered":"Medidor de presi\u00f3n de llantas WHO"},"content":{"rendered":"<p>Medidor de presi\u00f3n de llantas WHO, practico, radio y f\u00e1cil de usar<\/p>\n<p>Indicador digital con luz roja<\/p>\n<p>Apagado automatico<\/p>\n<p>Muestra la presi\u00f3n en PSI, bar, kg\/cm2 y KPa<\/p>\n<p>Usa 2 baterias AAA (incluidas)<\/p>\n<p>Conector rapido<\/p>\n<p>Incluye estuche<\/p>\n","protected":false},"excerpt":{"rendered":"<p>Medidor de presi\u00f3n de llantas WHO, practico, radio y f\u00e1cil de usar Indicador digital con luz roja Apagado automatico Muestra la presi\u00f3n en PSI, bar, kg\/cm2 y KPa Usa 2 baterias AAA (incluidas) Conector rapido Incluye estuche<\/p>\n","protected":false},"featured_media":3971,"template":"","meta":{"neve_meta_sidebar":"","neve_meta_container":"","neve_meta_enable_content_width":"off","neve_meta_content_width":100,"neve_meta_title_alignment":"","neve_meta_author_avatar":"","neve_post_elements_order":"","neve_meta_disable_header":"","neve_meta_disable_footer":"","neve_meta_disable_title":"","neve_meta_reading_time":""},"product_brand":[],"product_cat":[46],"product_tag":[],"class_list":{"0":"post-2704","1":"product","2":"type-product","3":"status-publish","4":"has-post-thumbnail","6":"product_cat-accesorios-hog","7":"product_shipping_class-fedex","9":"first","10":"instock","11":"sale","12":"shipping-taxable","13":"purchasable","14":"product-type-simple"},"_links":{"self":[{"href":"https:\/\/wildhogoverland.com\/index.php?rest_route=\/wp\/v2\/product\/2704","targetHints":{"allow":["GET"]}}],"collection":[{"href":"https:\/\/wildhogoverland.com\/index.php?rest_route=\/wp\/v2\/product"}],"about":[{"href":"https:\/\/wildhogoverland.com\/index.php?rest_route=\/wp\/v2\/types\/product"}],"wp:featuredmedia":[{"embeddable":true,"href":"https:\/\/wildhogoverland.com\/index.php?rest_route=\/wp\/v2\/media\/3971"}],"wp:attachment":[{"href":"https:\/\/wildhogoverland.com\/index.php?rest_route=%2Fwp%2Fv2%2Fmedia&parent=2704"}],"wp:term":[{"taxonomy":"product_brand","embeddable":true,"href":"https:\/\/wildhogoverland.com\/index.php?rest_route=%2Fwp%2Fv2%2Fproduct_brand&post=2704"},{"taxonomy":"product_cat","embeddable":true,"href":"https:\/\/wildhogoverland.com\/index.php?rest_route=%2Fwp%2Fv2%2Fproduct_cat&post=2704"},{"taxonomy":"product_tag","embeddable":true,"href":"https:\/\/wildhogoverland.com\/index.php?rest_route=%2Fwp%2Fv2%2Fproduct_tag&post=2704"}],"curies":[{"name":"wp","href":"https:\/\/api.w.org\/{rel}","templated":true}]}}