{"id":2621,"date":"2024-01-12T17:50:55","date_gmt":"2024-01-12T17:50:55","guid":{"rendered":"https:\/\/wildhogoverland.com\/?post_type=product&#038;p=2621"},"modified":"2026-01-06T14:45:38","modified_gmt":"2026-01-06T14:45:38","slug":"wild-cera-para-barba","status":"publish","type":"product","link":"https:\/\/wildhogoverland.com\/?product=wild-cera-para-barba","title":{"rendered":"Wild balsamo para barba"},"content":{"rendered":"<p>El Wild Balsamo es un producto 100% natural, dise\u00f1ado para hidratar, nutrir y mantener el buen estado de nuestras barbas y bigotes.<\/p>\n<p>INGREDIENTES<\/p>\n<p>Cera de abeja. Nutre el fol\u00edculo piloso , mantiene la barba en su lugar<\/p>\n<p>Aceite de camelia. Restablece la elasticidad y suavidad de la piel<\/p>\n<p>Escualano. \u00a0Aceite hidratante procedente de la oliva, protege la barrera cutanea y retiene la hidratacion<\/p>\n<p>Cera de carnauba. Permite dar consistencia y brillo<\/p>\n<p>Manteca de karite. Humectante natural. previene y combate la resequedad<\/p>\n<p>Aceite de semilla de jojoba. Hidrata y limpia los poros<\/p>\n<p>Fitoesterol tocoferol. Compuestos de origen vegetal que promueven el crecimiento de la barba<\/p>\n<p>Biotina. Fortalece y nutre la barba<\/p>\n<p>Aroma citrico que perdura horas<\/p>\n<p>Forma de uso<\/p>\n<p>Simplemente toma una peque\u00f1a cantidad de b\u00e1lsamo, frotalo en las palmas de tus manos y apl\u00edcalo en tu barba \/ bigote a manera de masaje, modelala con un cepillo y listo.<\/p>\n<p>&nbsp;<\/p>\n<p>&nbsp;<\/p>\n","protected":false},"excerpt":{"rendered":"<p>El Wild Balsamo es un producto 100% natural, dise\u00f1ado para hidratar, nutrir y mantener el buen estado de nuestras barbas y bigotes. INGREDIENTES Cera de abeja. Nutre el fol\u00edculo piloso , mantiene la barba en su lugar Aceite de camelia. Restablece la elasticidad y suavidad de la piel Escualano. \u00a0Aceite hidratante procedente de la oliva,&hellip;&nbsp;<a href=\"https:\/\/wildhogoverland.com\/?product=wild-cera-para-barba\" rel=\"bookmark\">Read More &raquo;<span class=\"screen-reader-text\">Wild balsamo para barba<\/span><\/a><\/p>\n","protected":false},"featured_media":2870,"template":"","meta":{"neve_meta_sidebar":"","neve_meta_container":"","neve_meta_enable_content_width":"off","neve_meta_content_width":100,"neve_meta_title_alignment":"","neve_meta_author_avatar":"","neve_post_elements_order":"","neve_meta_disable_header":"","neve_meta_disable_footer":"","neve_meta_disable_title":"","neve_meta_reading_time":""},"product_brand":[],"product_cat":[24,26],"product_tag":[],"class_list":{"0":"post-2621","1":"product","2":"type-product","3":"status-publish","4":"has-post-thumbnail","6":"product_cat-swag","7":"product_cat-varios","8":"product_shipping_class-fedex","10":"first","11":"outofstock","12":"shipping-taxable","13":"purchasable","14":"product-type-simple"},"_links":{"self":[{"href":"https:\/\/wildhogoverland.com\/index.php?rest_route=\/wp\/v2\/product\/2621","targetHints":{"allow":["GET"]}}],"collection":[{"href":"https:\/\/wildhogoverland.com\/index.php?rest_route=\/wp\/v2\/product"}],"about":[{"href":"https:\/\/wildhogoverland.com\/index.php?rest_route=\/wp\/v2\/types\/product"}],"wp:featuredmedia":[{"embeddable":true,"href":"https:\/\/wildhogoverland.com\/index.php?rest_route=\/wp\/v2\/media\/2870"}],"wp:attachment":[{"href":"https:\/\/wildhogoverland.com\/index.php?rest_route=%2Fwp%2Fv2%2Fmedia&parent=2621"}],"wp:term":[{"taxonomy":"product_brand","embeddable":true,"href":"https:\/\/wildhogoverland.com\/index.php?rest_route=%2Fwp%2Fv2%2Fproduct_brand&post=2621"},{"taxonomy":"product_cat","embeddable":true,"href":"https:\/\/wildhogoverland.com\/index.php?rest_route=%2Fwp%2Fv2%2Fproduct_cat&post=2621"},{"taxonomy":"product_tag","embeddable":true,"href":"https:\/\/wildhogoverland.com\/index.php?rest_route=%2Fwp%2Fv2%2Fproduct_tag&post=2621"}],"curies":[{"name":"wp","href":"https:\/\/api.w.org\/{rel}","templated":true}]}}