{"id":2566,"date":"2023-11-01T18:44:09","date_gmt":"2023-11-01T18:44:09","guid":{"rendered":"https:\/\/wildhogoverland.com\/?post_type=product&#038;p=2566"},"modified":"2025-12-03T17:54:28","modified_gmt":"2025-12-03T17:54:28","slug":"brida-de-recuperacion","status":"publish","type":"product","link":"https:\/\/wildhogoverland.com\/?product=brida-de-recuperacion","title":{"rendered":"Brida de recuperaci\u00f3n WHO"},"content":{"rendered":"<p>Una brida de recuperaci\u00f3n le permite distribuir la carga de una recuperaci\u00f3n en varios puntos del veh\u00edculo. Esto tiene m\u00faltiples prop\u00f3sitos; Reduce la carga en cada punto de recuperaci\u00f3n individual, lo que significa que reduce las posibilidades de falla y garantiza un tir\u00f3n uniforme<\/p>\n<p>Tambien puede ser usado como una extension de la linea del winch<\/p>\n<p>Diametro 12mm (1\/2\u2033) x 3 mts<\/p>\n<p>Diametro 12mm (1\/2\u2033) x 5 mts<\/p>\n<p>Capacidad 12.5 Ton (25,000 lb)<\/p>\n","protected":false},"excerpt":{"rendered":"<p>Una brida de recuperaci\u00f3n le permite distribuir la carga de una recuperaci\u00f3n en varios puntos del veh\u00edculo. Esto tiene m\u00faltiples prop\u00f3sitos; Reduce la carga en cada punto de recuperaci\u00f3n individual, lo que significa que reduce las posibilidades de falla y garantiza un tir\u00f3n uniforme Tambien puede ser usado como una extension de la linea del&hellip;&nbsp;<a href=\"https:\/\/wildhogoverland.com\/?product=brida-de-recuperacion\" rel=\"bookmark\">Read More &raquo;<span class=\"screen-reader-text\">Brida de recuperaci\u00f3n WHO<\/span><\/a><\/p>\n","protected":false},"featured_media":3976,"template":"","meta":{"neve_meta_sidebar":"","neve_meta_container":"","neve_meta_enable_content_width":"off","neve_meta_content_width":100,"neve_meta_title_alignment":"","neve_meta_author_avatar":"","neve_post_elements_order":"","neve_meta_disable_header":"","neve_meta_disable_footer":"","neve_meta_disable_title":"","neve_meta_reading_time":""},"product_brand":[],"product_cat":[25],"product_tag":[],"class_list":{"0":"post-2566","1":"product","2":"type-product","3":"status-publish","4":"has-post-thumbnail","6":"product_cat-equipo","7":"product_shipping_class-fedex","9":"first","10":"instock","11":"shipping-taxable","12":"purchasable","13":"product-type-variable"},"_links":{"self":[{"href":"https:\/\/wildhogoverland.com\/index.php?rest_route=\/wp\/v2\/product\/2566","targetHints":{"allow":["GET"]}}],"collection":[{"href":"https:\/\/wildhogoverland.com\/index.php?rest_route=\/wp\/v2\/product"}],"about":[{"href":"https:\/\/wildhogoverland.com\/index.php?rest_route=\/wp\/v2\/types\/product"}],"wp:featuredmedia":[{"embeddable":true,"href":"https:\/\/wildhogoverland.com\/index.php?rest_route=\/wp\/v2\/media\/3976"}],"wp:attachment":[{"href":"https:\/\/wildhogoverland.com\/index.php?rest_route=%2Fwp%2Fv2%2Fmedia&parent=2566"}],"wp:term":[{"taxonomy":"product_brand","embeddable":true,"href":"https:\/\/wildhogoverland.com\/index.php?rest_route=%2Fwp%2Fv2%2Fproduct_brand&post=2566"},{"taxonomy":"product_cat","embeddable":true,"href":"https:\/\/wildhogoverland.com\/index.php?rest_route=%2Fwp%2Fv2%2Fproduct_cat&post=2566"},{"taxonomy":"product_tag","embeddable":true,"href":"https:\/\/wildhogoverland.com\/index.php?rest_route=%2Fwp%2Fv2%2Fproduct_tag&post=2566"}],"curies":[{"name":"wp","href":"https:\/\/api.w.org\/{rel}","templated":true}]}}