{"id":2456,"date":"2023-09-21T20:53:49","date_gmt":"2023-09-21T20:53:49","guid":{"rendered":"https:\/\/wildhogoverland.com\/?post_type=product&#038;p=2456"},"modified":"2024-03-17T01:29:33","modified_gmt":"2024-03-17T01:29:33","slug":"wild-hog-edicion-dia-de-muertos","status":"publish","type":"product","link":"https:\/\/wildhogoverland.com\/?product=wild-hog-edicion-dia-de-muertos","title":{"rendered":"Parche de PVC Wild Hog Edici\u00f3n d\u00eda de muertos"},"content":{"rendered":"<p>Parche de PVC Edici\u00f3n limitada<\/p>\n<p>Velcro en la parte posterior<\/p>\n<p>10 x 5.5 cm<\/p>\n","protected":false},"excerpt":{"rendered":"<p>Parche de PVC Edici\u00f3n limitada Velcro en la parte posterior 10 x 5.5 cm<\/p>\n","protected":false},"featured_media":2512,"template":"","meta":{"neve_meta_sidebar":"","neve_meta_container":"","neve_meta_enable_content_width":"off","neve_meta_content_width":100,"neve_meta_title_alignment":"","neve_meta_author_avatar":"","neve_post_elements_order":"","neve_meta_disable_header":"","neve_meta_disable_footer":"","neve_meta_disable_title":"","neve_meta_reading_time":""},"product_brand":[],"product_cat":[48],"product_tag":[],"class_list":{"0":"post-2456","1":"product","2":"type-product","3":"status-publish","4":"has-post-thumbnail","6":"product_cat-parches","7":"product_shipping_class-fedex","9":"first","10":"instock","11":"shipping-taxable","12":"purchasable","13":"product-type-simple"},"_links":{"self":[{"href":"https:\/\/wildhogoverland.com\/index.php?rest_route=\/wp\/v2\/product\/2456","targetHints":{"allow":["GET"]}}],"collection":[{"href":"https:\/\/wildhogoverland.com\/index.php?rest_route=\/wp\/v2\/product"}],"about":[{"href":"https:\/\/wildhogoverland.com\/index.php?rest_route=\/wp\/v2\/types\/product"}],"wp:featuredmedia":[{"embeddable":true,"href":"https:\/\/wildhogoverland.com\/index.php?rest_route=\/wp\/v2\/media\/2512"}],"wp:attachment":[{"href":"https:\/\/wildhogoverland.com\/index.php?rest_route=%2Fwp%2Fv2%2Fmedia&parent=2456"}],"wp:term":[{"taxonomy":"product_brand","embeddable":true,"href":"https:\/\/wildhogoverland.com\/index.php?rest_route=%2Fwp%2Fv2%2Fproduct_brand&post=2456"},{"taxonomy":"product_cat","embeddable":true,"href":"https:\/\/wildhogoverland.com\/index.php?rest_route=%2Fwp%2Fv2%2Fproduct_cat&post=2456"},{"taxonomy":"product_tag","embeddable":true,"href":"https:\/\/wildhogoverland.com\/index.php?rest_route=%2Fwp%2Fv2%2Fproduct_tag&post=2456"}],"curies":[{"name":"wp","href":"https:\/\/api.w.org\/{rel}","templated":true}]}}