{"id":2360,"date":"2023-09-01T18:25:47","date_gmt":"2023-09-01T18:25:47","guid":{"rendered":"https:\/\/wildhogoverland.com\/?post_type=product&#038;p=2360"},"modified":"2025-10-05T14:20:08","modified_gmt":"2025-10-05T14:20:08","slug":"switch-doble-para-antenas","status":"publish","type":"product","link":"https:\/\/wildhogoverland.com\/?product=switch-doble-para-antenas","title":{"rendered":"Switch doble para antenas overland"},"content":{"rendered":"<p>Permite cambiar f\u00e1cilmente entre dos antenas para alternar su uso, seg\u00fan el terreno<\/p>\n<p>Tambien se puede usar en radios de dos bandas, para seleccionar la antena seg\u00fan la frecuencia<\/p>\n<p>&nbsp;<\/p>\n","protected":false},"excerpt":{"rendered":"<p>Permite cambiar f\u00e1cilmente entre dos antenas para alternar su uso, seg\u00fan el terreno Tambien se puede usar en radios de dos bandas, para seleccionar la antena seg\u00fan la frecuencia &nbsp;<\/p>\n","protected":false},"featured_media":2361,"template":"","meta":{"neve_meta_sidebar":"","neve_meta_container":"","neve_meta_enable_content_width":"off","neve_meta_content_width":100,"neve_meta_title_alignment":"","neve_meta_author_avatar":"","neve_post_elements_order":"","neve_meta_disable_header":"","neve_meta_disable_footer":"","neve_meta_disable_title":"","neve_meta_reading_time":""},"product_brand":[],"product_cat":[51],"product_tag":[],"class_list":{"0":"post-2360","1":"product","2":"type-product","3":"status-publish","4":"has-post-thumbnail","6":"product_cat-ruggedradios","7":"product_shipping_class-fedex","9":"first","10":"instock","11":"shipping-taxable","12":"purchasable","13":"product-type-simple"},"_links":{"self":[{"href":"https:\/\/wildhogoverland.com\/index.php?rest_route=\/wp\/v2\/product\/2360","targetHints":{"allow":["GET"]}}],"collection":[{"href":"https:\/\/wildhogoverland.com\/index.php?rest_route=\/wp\/v2\/product"}],"about":[{"href":"https:\/\/wildhogoverland.com\/index.php?rest_route=\/wp\/v2\/types\/product"}],"wp:featuredmedia":[{"embeddable":true,"href":"https:\/\/wildhogoverland.com\/index.php?rest_route=\/wp\/v2\/media\/2361"}],"wp:attachment":[{"href":"https:\/\/wildhogoverland.com\/index.php?rest_route=%2Fwp%2Fv2%2Fmedia&parent=2360"}],"wp:term":[{"taxonomy":"product_brand","embeddable":true,"href":"https:\/\/wildhogoverland.com\/index.php?rest_route=%2Fwp%2Fv2%2Fproduct_brand&post=2360"},{"taxonomy":"product_cat","embeddable":true,"href":"https:\/\/wildhogoverland.com\/index.php?rest_route=%2Fwp%2Fv2%2Fproduct_cat&post=2360"},{"taxonomy":"product_tag","embeddable":true,"href":"https:\/\/wildhogoverland.com\/index.php?rest_route=%2Fwp%2Fv2%2Fproduct_tag&post=2360"}],"curies":[{"name":"wp","href":"https:\/\/api.w.org\/{rel}","templated":true}]}}