{"id":1893,"date":"2022-11-26T04:28:31","date_gmt":"2022-11-26T04:28:31","guid":{"rendered":"https:\/\/wildhogoverland.com\/?post_type=product&#038;p=1893"},"modified":"2024-09-10T02:10:51","modified_gmt":"2024-09-10T02:10:51","slug":"wild-hog-recovery-bag","status":"publish","type":"product","link":"https:\/\/wildhogoverland.com\/?product=wild-hog-recovery-bag","title":{"rendered":"Wild Hog Recovery Bag"},"content":{"rendered":"<p>Maleta de recuperaci\u00f3n WHO; en esta genial maleta podr\u00e1s guardar todo tu equipo de recuperaci\u00f3n, fabricada con vinil industrial de alta resistencia, cuenta tambien con un sistema de molle y velcro para lucir tus parches.<\/p>\n<p>Medidas 55 x 20 x 20 cm.<\/p>\n<p>Parche incluido.<\/p>\n","protected":false},"excerpt":{"rendered":"<p>Maleta de recuperaci\u00f3n WHO; en esta genial maleta podr\u00e1s guardar todo tu equipo de recuperaci\u00f3n, fabricada con vinil industrial de alta resistencia, cuenta tambien con un sistema de molle y velcro para lucir tus parches. Medidas 55 x 20 x 20 cm. Parche incluido.<\/p>\n","protected":false},"featured_media":1978,"template":"","meta":{"neve_meta_sidebar":"","neve_meta_container":"","neve_meta_enable_content_width":"off","neve_meta_content_width":100,"neve_meta_title_alignment":"","neve_meta_author_avatar":"","neve_post_elements_order":"","neve_meta_disable_header":"","neve_meta_disable_footer":"","neve_meta_disable_title":"","neve_meta_reading_time":""},"product_brand":[],"product_cat":[25],"product_tag":[],"class_list":{"0":"post-1893","1":"product","2":"type-product","3":"status-publish","4":"has-post-thumbnail","6":"product_cat-equipo","7":"product_shipping_class-fedex","9":"first","10":"instock","11":"sale","12":"shipping-taxable","13":"purchasable","14":"product-type-simple"},"_links":{"self":[{"href":"https:\/\/wildhogoverland.com\/index.php?rest_route=\/wp\/v2\/product\/1893","targetHints":{"allow":["GET"]}}],"collection":[{"href":"https:\/\/wildhogoverland.com\/index.php?rest_route=\/wp\/v2\/product"}],"about":[{"href":"https:\/\/wildhogoverland.com\/index.php?rest_route=\/wp\/v2\/types\/product"}],"wp:featuredmedia":[{"embeddable":true,"href":"https:\/\/wildhogoverland.com\/index.php?rest_route=\/wp\/v2\/media\/1978"}],"wp:attachment":[{"href":"https:\/\/wildhogoverland.com\/index.php?rest_route=%2Fwp%2Fv2%2Fmedia&parent=1893"}],"wp:term":[{"taxonomy":"product_brand","embeddable":true,"href":"https:\/\/wildhogoverland.com\/index.php?rest_route=%2Fwp%2Fv2%2Fproduct_brand&post=1893"},{"taxonomy":"product_cat","embeddable":true,"href":"https:\/\/wildhogoverland.com\/index.php?rest_route=%2Fwp%2Fv2%2Fproduct_cat&post=1893"},{"taxonomy":"product_tag","embeddable":true,"href":"https:\/\/wildhogoverland.com\/index.php?rest_route=%2Fwp%2Fv2%2Fproduct_tag&post=1893"}],"curies":[{"name":"wp","href":"https:\/\/api.w.org\/{rel}","templated":true}]}}