{"id":1090,"date":"2021-11-03T02:39:23","date_gmt":"2021-11-03T02:39:23","guid":{"rendered":"https:\/\/wildhogoverland.com\/?post_type=product&#038;p=1090"},"modified":"2025-11-05T13:34:44","modified_gmt":"2025-11-05T13:34:44","slug":"guantes-wild-hog-overland","status":"publish","type":"product","link":"https:\/\/wildhogoverland.com\/?product=guantes-wild-hog-overland","title":{"rendered":"Guantes Wild Hog Overland"},"content":{"rendered":"<p>Guantes flexibles y transpirables: el dise\u00f1o el\u00e1stico de spandex mantiene tus manos frescas y c\u00f3modas en las labores de recuperacion.<\/p>\n<p>Palma y nudillos acolchados: palma de piel sint\u00e9tica con acolchado de espuma, que proporciona un mejor apoyo y comodidad, proporcionando protecci\u00f3n adicional contra vibraciones e impactos mientras que permiten flexibilidad.<\/p>\n<p>Visualizaci\u00f3n t\u00e1ctil: 3 dedos capaces de usar tu tel\u00e9fono o tablet sin tener que quitarte los guantes.<\/p>\n<p>F\u00e1ciles de poner y quitar: pu\u00f1os de neopreno con cierre de velcro para un ajuste c\u00f3modo.<\/p>\n<p>Tallas M, \u00a0L Y XL ( ver tabla de medidas en las fotograf\u00edas)<\/p>\n","protected":false},"excerpt":{"rendered":"<p>Guantes flexibles y transpirables: el dise\u00f1o el\u00e1stico de spandex mantiene tus manos frescas y c\u00f3modas en las labores de recuperacion. Palma y nudillos acolchados: palma de piel sint\u00e9tica con acolchado de espuma, que proporciona un mejor apoyo y comodidad, proporcionando protecci\u00f3n adicional contra vibraciones e impactos mientras que permiten flexibilidad. Visualizaci\u00f3n t\u00e1ctil: 3 dedos capaces&hellip;&nbsp;<a href=\"https:\/\/wildhogoverland.com\/?product=guantes-wild-hog-overland\" rel=\"bookmark\">Read More &raquo;<span class=\"screen-reader-text\">Guantes Wild Hog Overland<\/span><\/a><\/p>\n","protected":false},"featured_media":2696,"template":"","meta":{"neve_meta_sidebar":"","neve_meta_container":"","neve_meta_enable_content_width":"off","neve_meta_content_width":100,"neve_meta_title_alignment":"","neve_meta_author_avatar":"","neve_post_elements_order":"","neve_meta_disable_header":"","neve_meta_disable_footer":"","neve_meta_disable_title":"","neve_meta_reading_time":""},"product_brand":[],"product_cat":[25],"product_tag":[],"class_list":{"0":"post-1090","1":"product","2":"type-product","3":"status-publish","4":"has-post-thumbnail","6":"product_cat-equipo","8":"first","9":"instock","10":"sale","11":"shipping-taxable","12":"purchasable","13":"product-type-variable"},"_links":{"self":[{"href":"https:\/\/wildhogoverland.com\/index.php?rest_route=\/wp\/v2\/product\/1090","targetHints":{"allow":["GET"]}}],"collection":[{"href":"https:\/\/wildhogoverland.com\/index.php?rest_route=\/wp\/v2\/product"}],"about":[{"href":"https:\/\/wildhogoverland.com\/index.php?rest_route=\/wp\/v2\/types\/product"}],"wp:featuredmedia":[{"embeddable":true,"href":"https:\/\/wildhogoverland.com\/index.php?rest_route=\/wp\/v2\/media\/2696"}],"wp:attachment":[{"href":"https:\/\/wildhogoverland.com\/index.php?rest_route=%2Fwp%2Fv2%2Fmedia&parent=1090"}],"wp:term":[{"taxonomy":"product_brand","embeddable":true,"href":"https:\/\/wildhogoverland.com\/index.php?rest_route=%2Fwp%2Fv2%2Fproduct_brand&post=1090"},{"taxonomy":"product_cat","embeddable":true,"href":"https:\/\/wildhogoverland.com\/index.php?rest_route=%2Fwp%2Fv2%2Fproduct_cat&post=1090"},{"taxonomy":"product_tag","embeddable":true,"href":"https:\/\/wildhogoverland.com\/index.php?rest_route=%2Fwp%2Fv2%2Fproduct_tag&post=1090"}],"curies":[{"name":"wp","href":"https:\/\/api.w.org\/{rel}","templated":true}]}}