{"id":955,"date":"2021-10-08T19:40:34","date_gmt":"2021-10-08T19:40:34","guid":{"rendered":"https:\/\/wildhogoverland.com\/?page_id=955"},"modified":"2022-03-04T05:31:07","modified_gmt":"2022-03-04T05:31:07","slug":"7-tips-para-una-recuperacion-eficaz","status":"publish","type":"page","link":"https:\/\/wildhogoverland.com\/?page_id=955","title":{"rendered":""},"content":{"rendered":"\n<h2 class=\"has-text-align-center wp-block-heading\">7 TIPS PARA UNA RECUPERACION EFICAZ<\/h2>\n\n\n\n<p>&nbsp;<\/p>\n\n\n\n<div class=\"wp-block-image is-style-default\"><figure class=\"aligncenter size-full\"><img loading=\"lazy\" decoding=\"async\" width=\"936\" height=\"624\" src=\"https:\/\/wildhogoverland.com\/wp-content\/uploads\/2021\/10\/image.png\" alt=\"\" class=\"wp-image-956\" srcset=\"https:\/\/wildhogoverland.com\/wp-content\/uploads\/2021\/10\/image.png 936w, https:\/\/wildhogoverland.com\/wp-content\/uploads\/2021\/10\/image-600x400.png 600w, https:\/\/wildhogoverland.com\/wp-content\/uploads\/2021\/10\/image-300x200.png 300w, https:\/\/wildhogoverland.com\/wp-content\/uploads\/2021\/10\/image-768x512.png 768w, https:\/\/wildhogoverland.com\/wp-content\/uploads\/2021\/10\/image-750x500.png 750w, https:\/\/wildhogoverland.com\/wp-content\/uploads\/2021\/10\/image-90x60.png 90w, https:\/\/wildhogoverland.com\/wp-content\/uploads\/2021\/10\/image-135x90.png 135w\" sizes=\"auto, (max-width: 936px) 100vw, 936px\" \/><figcaption><span style=\"color:#000000\" class=\"tadv-color\"><em>Fotografia: Carlos Seoane.<\/em><\/span><\/figcaption><\/figure><\/div>\n\n\n\n<p><\/p>\n\n\n\n<p class=\"has-text-align-right has-black-color has-text-color has-medium-font-size\"><span style=\"color:#000000\" class=\"tadv-color\">Autor: Hunter @wethewinch<\/span><\/p>\n\n\n\n<p class=\"has-text-align-right has-black-color has-text-color has-medium-font-size\"><a href=\"https:\/\/www.instagram.com\/wethewinch\/\" target=\"_blank\" rel=\"noreferrer noopener\">https:\/\/www.instagram.com\/wethewinch\/<\/a><\/p>\n\n\n\n<p class=\"has-text-align-left has-medium-font-size\">En<span style=\"color:#000000\" class=\"tadv-color\"> el Offroad como en la vida, cada situaci\u00f3n es \u00fanica y depende de muchos factores para decidir sobre nuestro actuar, incluso dejar de hacer algo afecta tanto como el mismo \u201chacer\u201d, recuerda que siempre hay m\u00e1s de una forma de ejecuci\u00f3n para cada tarea, a continuaci\u00f3n presentamos sin orden espec\u00edfico algo de lo que nos ha funcionado y que la experiencia nos ha dejado.<\/span><\/p>\n\n\n\n<ul class=\"has-black-color has-text-color has-medium-font-size wp-block-list\"><li><span style=\"color:#000000\" class=\"tadv-color\"><strong>Play Safe<\/strong>: Piensa antes de actuar y hacerlo de manera segura, al ubicar la zona de seguridad para el o los veh\u00edculos que realizaran la maniobra ya que lo que menos quieres es complicar la situaci\u00f3n con otro veh\u00edculo que recuperar.<\/span><\/li><\/ul>\n\n\n\n<ul class=\"has-black-color has-text-color has-medium-font-size wp-block-list\"><li><span style=\"color:#000000\" class=\"tadv-color\"><strong>Un plan a la vez<\/strong>: Debe haber una sola voz a cargo ya que iniciar un plan y cambiarlo de momento por recomendaci\u00f3n de una segunda opini\u00f3n puede complicar la recuperaci\u00f3n, lo mejor es llevar a cabo la propuesta completa y si no est\u00e1 funcionando; entonces si cambiar a una nueva. La mezcla de acciones tiende a ser confusa en la aplicaci\u00f3n.<\/span><\/li><\/ul>\n\n\n\n<p><\/p>\n\n\n\n<ul class=\"has-black-color has-text-color has-medium-font-size wp-block-list\"><li><span style=\"color:#000000\" class=\"tadv-color\"><strong>Toma tu tiempo<\/strong>: El veh\u00edculo esta atorado y no ira a ning\u00fan lado, es mejor un buen intento que varios malos, habiendo colocado tu equipo y los veh\u00edculos en la posici\u00f3n que el plan requiere entonces si procedes a la maniobra, incluso validando mas de una vez la sujeci\u00f3n, anclajes o Winch antes de proceder, m\u00e1s aun por la seguridad de las personas<\/span>.<\/li><\/ul>\n\n\n\n<p><\/p>\n\n\n\n<ul class=\"has-black-color has-text-color has-medium-font-size wp-block-list\"><li><span style=\"color:#000000\" class=\"tadv-color\"><strong>Conocer las capacidades de tu veh\u00edculo y tu equipo<\/strong> (eslingas, shackles, Winch, protector de linea, guantes, etc.: el mantenimiento correcto de ambos ser\u00e1 proporcional a las probabilidades de \u00e9xito; equipo y veh\u00edculo al 100 es igual a recuperaci\u00f3n al 100.<\/span><\/li><\/ul>\n\n\n\n<p><\/p>\n\n\n\n<ul class=\"has-black-color has-text-color has-medium-font-size wp-block-list\"><li><span style=\"color:#000000\" class=\"tadv-color\"><strong>Comunicaci\u00f3n<\/strong>: Lo adecuado es explicar a quien est\u00e9 maniobrando el veh\u00edculo a recuperar el proceso de maniobra y lo que deber\u00e1 hacer (dirigir la trayectoria, frenar, etc.) o cuidar y coordinar sus movimientos desde afuera, es ideal mantener la comunicaci\u00f3n en tiempo real; lo mejor son radios pero tambi\u00e9n puede funcionar las se\u00f1ales (indicando giros del volante o frenado).<\/span><\/li><\/ul>\n\n\n\n<p><\/p>\n\n\n\n<ul class=\"has-black-color has-text-color has-medium-font-size wp-block-list\"><li><strong>T<\/strong><span style=\"color:#000000\" class=\"tadv-color\"><strong>eam Work Makes The Dream Work<\/strong>: El compa\u00f1erismo potencializa cualquier maniobra siempre y cuando todos trabajen por un mismo fin y sigan las indicaciones de qui\u00e9n dirija la maniobra.<\/span><\/li><\/ul>\n\n\n\n<p><\/p>\n\n\n\n<ul class=\"has-black-color has-text-color has-medium-font-size wp-block-list\"><li><span style=\"color:#000000\" class=\"tadv-color\"><strong>Definir la salida del Trail hasta el terreno pavimentado<\/strong>: Una vez que se extrajo el veh\u00edculo hay que evaluar si puede seguir por si mismo o hay que jalarlo para llevarlo al camino donde pueda acudir una gr\u00faa o recibir las reparaciones, en la mayor\u00eda de los casos se pueden turnar los participantes para el arrastre, con el fin de cuidar los veh\u00edculos ya que no es recomendable hacerlo por largos trayectos solo en caso necesario y a baja velocidad (esta es una situaci\u00f3n de riesgo y afectar\u00eda componentes de transmisi\u00f3n, mayor exigencia al sistema de frenos, por lo tanto incremento de temperaturas por lo tanto cada quien decidir\u00e1 el escenario donde sea estrictamente necesario).<\/span><\/li><\/ul>\n\n\n\n<p class=\"has-medium-font-size\">E<span style=\"color:#000000\" class=\"tadv-color\">speramos que estos tips te sirvan, en la medida de lo posible para una experiencia Offroad m\u00e1s segura, si tienes alguna aportaci\u00f3n; ser\u00e1 bienvenida y enriquecedora para todos.<\/span><\/p>\n\n\n\n<p><\/p>\n\n\n\n<p><\/p>\n","protected":false},"excerpt":{"rendered":"<p>7 TIPS PARA UNA RECUPERACION EFICAZ &nbsp; Autor: Hunter @wethewinch https:\/\/www.instagram.com\/wethewinch\/ En el Offroad como en la vida, cada situaci\u00f3n es \u00fanica y depende de muchos factores para decidir sobre nuestro actuar, incluso dejar de hacer algo afecta tanto como el mismo \u201chacer\u201d, recuerda que siempre hay m\u00e1s de una forma de ejecuci\u00f3n para cada&hellip;&nbsp;<a href=\"https:\/\/wildhogoverland.com\/?page_id=955\" rel=\"bookmark\">Read More &raquo;<span class=\"screen-reader-text\"><\/span><\/a><\/p>\n","protected":false},"author":1,"featured_media":956,"parent":0,"menu_order":0,"comment_status":"closed","ping_status":"closed","template":"","meta":{"neve_meta_sidebar":"","neve_meta_container":"","neve_meta_enable_content_width":"","neve_meta_content_width":0,"neve_meta_title_alignment":"","neve_meta_author_avatar":"","neve_post_elements_order":"","neve_meta_disable_header":"","neve_meta_disable_footer":"","neve_meta_disable_title":"on","neve_meta_reading_time":"","footnotes":""},"class_list":["post-955","page","type-page","status-publish","has-post-thumbnail","hentry"],"_links":{"self":[{"href":"https:\/\/wildhogoverland.com\/index.php?rest_route=\/wp\/v2\/pages\/955","targetHints":{"allow":["GET"]}}],"collection":[{"href":"https:\/\/wildhogoverland.com\/index.php?rest_route=\/wp\/v2\/pages"}],"about":[{"href":"https:\/\/wildhogoverland.com\/index.php?rest_route=\/wp\/v2\/types\/page"}],"author":[{"embeddable":true,"href":"https:\/\/wildhogoverland.com\/index.php?rest_route=\/wp\/v2\/users\/1"}],"replies":[{"embeddable":true,"href":"https:\/\/wildhogoverland.com\/index.php?rest_route=%2Fwp%2Fv2%2Fcomments&post=955"}],"version-history":[{"count":23,"href":"https:\/\/wildhogoverland.com\/index.php?rest_route=\/wp\/v2\/pages\/955\/revisions"}],"predecessor-version":[{"id":1399,"href":"https:\/\/wildhogoverland.com\/index.php?rest_route=\/wp\/v2\/pages\/955\/revisions\/1399"}],"wp:featuredmedia":[{"embeddable":true,"href":"https:\/\/wildhogoverland.com\/index.php?rest_route=\/wp\/v2\/media\/956"}],"wp:attachment":[{"href":"https:\/\/wildhogoverland.com\/index.php?rest_route=%2Fwp%2Fv2%2Fmedia&parent=955"}],"curies":[{"name":"wp","href":"https:\/\/api.w.org\/{rel}","templated":true}]}}