{"id":896,"date":"2021-10-07T17:40:17","date_gmt":"2021-10-07T17:40:17","guid":{"rendered":"https:\/\/wildhogoverland.com\/?page_id=896"},"modified":"2022-03-04T05:35:22","modified_gmt":"2022-03-04T05:35:22","slug":"equipo-de-recuperacion-4x4","status":"publish","type":"page","link":"https:\/\/wildhogoverland.com\/?page_id=896","title":{"rendered":"EQUIPO DE RECUPERACI\u00d3N"},"content":{"rendered":"\n<p><\/p>\n\n\n\n<p><span style=\"color:#000000\" class=\"tadv-color\">No es una regla general, pero a la gran mayor\u00eda de las personas que hacen 4&#215;4 les pasara; en alg\u00fan momento su veh\u00edculo quedara atascado, el conocer el equipo necesario para recuperarlo, es indispensable, nadie desea encontrarse en un camino despoblado, sin se\u00f1al de celular, en esta situaci\u00f3n. Es por ello que, llevar el equipo necesario para la aventura que desee realizar es de vital importancia.<\/span><\/p>\n\n\n\n<p class=\"has-black-color has-text-color\"><span style=\"color:#000000\" class=\"tadv-color\">En la actualidad, existe un gran numero de equipo disponible, a lo largo de este articulo vamos a tratar de enumerar el que consideramos puede serle \u00fatil. <\/span><\/p>\n\n\n\n<p><span style=\"color:#000000\" class=\"tadv-color\"><strong>1.- PUNTOS DE RECUPERACION <\/strong><\/span><\/p>\n\n\n\n<p class=\"has-black-color has-text-color\"><span style=\"color:#000000\" class=\"tadv-color\">Este es el punto mas importante a tomar en cuenta, los puntos de recuperaci\u00f3n son la pieza b\u00e1sica para cualquier tipo de rescate de su veh\u00edculo, desafortunadamente muy pocos 4&#215;4`s salen de la agencia con puntos de recuperaci\u00f3n dise\u00f1ados para estas tareas, es com\u00fan confundir los puntos de arrastre de su veh\u00edculo con los puntos de recuperaci\u00f3n, los puntos de arrastre NO est\u00e1n dise\u00f1ados para estas labores, el usarlos en estas situaciones no se recomienda por seguridad suya y de las personas alrededor, consulte el manual de propietario de su veh\u00edculo para mayor informaci\u00f3n.<\/span> <\/p>\n\n\n\n<p class=\"has-black-color has-text-color\"><span style=\"color:#000000\" class=\"tadv-color\">Los enganches de remolque son excelentes puntos de recuperaci\u00f3n, ya que est\u00e1n directamente atornillados o soldados al chasis, sin embargo, debe evitar usar la bola en el enganche , ya que si esta se desprende del enganche, se convierte en un proyectil. La mejor manera de utilizar su receptor de enganche como punto de recuperaci\u00f3n es obtener un punto de recuperaci\u00f3n montado en el enganche del receptor, conocidos como \u00abshackle blocks\u00bbo \u00abhitchlinks\u00bb <\/span><\/p>\n\n\n\n<div class=\"wp-block-image is-style-default\"><figure class=\"aligncenter size-shop_isle_category_thumbnail\"><img loading=\"lazy\" decoding=\"async\" width=\"500\" height=\"500\" src=\"https:\/\/wildhogoverland.com\/wp-content\/uploads\/2021\/10\/A76B9821-806B-4603-A221-71F9A59CB85B-500x500.jpg\" alt=\"\" class=\"wp-image-936\" srcset=\"https:\/\/wildhogoverland.com\/wp-content\/uploads\/2021\/10\/A76B9821-806B-4603-A221-71F9A59CB85B-500x500.jpg 500w, https:\/\/wildhogoverland.com\/wp-content\/uploads\/2021\/10\/A76B9821-806B-4603-A221-71F9A59CB85B-300x300.jpg 300w, https:\/\/wildhogoverland.com\/wp-content\/uploads\/2021\/10\/A76B9821-806B-4603-A221-71F9A59CB85B-100x100.jpg 100w, https:\/\/wildhogoverland.com\/wp-content\/uploads\/2021\/10\/A76B9821-806B-4603-A221-71F9A59CB85B-600x600.jpg 600w, https:\/\/wildhogoverland.com\/wp-content\/uploads\/2021\/10\/A76B9821-806B-4603-A221-71F9A59CB85B-1024x1024.jpg 1024w, https:\/\/wildhogoverland.com\/wp-content\/uploads\/2021\/10\/A76B9821-806B-4603-A221-71F9A59CB85B-150x150.jpg 150w, https:\/\/wildhogoverland.com\/wp-content\/uploads\/2021\/10\/A76B9821-806B-4603-A221-71F9A59CB85B-768x768.jpg 768w, https:\/\/wildhogoverland.com\/wp-content\/uploads\/2021\/10\/A76B9821-806B-4603-A221-71F9A59CB85B-1536x1536.jpg 1536w, https:\/\/wildhogoverland.com\/wp-content\/uploads\/2021\/10\/A76B9821-806B-4603-A221-71F9A59CB85B.jpg 2048w\" sizes=\"auto, (max-width: 500px) 100vw, 500px\" \/><\/figure><\/div>\n\n\n\n<p><\/p>\n\n\n\n<p class=\"has-black-color has-text-color\"><strong><span style=\"color:#000000\" class=\"tadv-color\">2.- WINCH<\/span><\/strong><\/p>\n\n\n\n<p class=\"has-black-color has-text-color\"><span style=\"color:#000000\" class=\"tadv-color\">El accesorio de recuperaci\u00f3n por excelencia, tambi\u00e9n posiblemente el mas costoso, pero un winch puede ayudarnos en numerosas ocasiones, ya sea para la autorecuperacion o para asistir a otro veh\u00edculo, el winch debe estar siempre montado firmemente, en por ejemplo una defensa met\u00e1lica o de no ser as\u00ed, con un kit de instalaci\u00f3n de alta calidad fijado al chasis. Posiblemente la desventaja de este accesorio es que necesita una \u00abancla\u00bb, esta puede ser ya sea otro veh\u00edculo o un \u00e1rbol, pero en ocasiones puede que tenga ninguno de ellos  y sea necesario utilizar otro m\u00e9todo. <\/span><\/p>\n\n\n\n<p class=\"has-black-color has-text-color\"><span style=\"color:#000000\" class=\"tadv-color\">Para elegir un Winch tiene que tomar en cuenta el peso de su veh\u00edculo cargado con todos los accesorios que desea llevar y multiplicar por 1.5 -2 veces ese peso. Puede seleccionarlo tambi\u00e9n, con linea met\u00e1lica o linea sint\u00e9tica, ambas funcionan bien, a titulo personal diremos que nos agrada la linea sint\u00e9tica, ya que es mas f\u00e1cil de manejar y  m\u00e1s segura en caso de alguna ruptura.<\/span><\/p>\n\n\n\n<div class=\"wp-block-image is-style-default\"><figure class=\"aligncenter size-shop_isle_category_thumbnail\"><img loading=\"lazy\" decoding=\"async\" width=\"500\" height=\"500\" src=\"https:\/\/wildhogoverland.com\/wp-content\/uploads\/2021\/10\/IMG_3227-copia-500x500.jpg\" alt=\"\" class=\"wp-image-951\" srcset=\"https:\/\/wildhogoverland.com\/wp-content\/uploads\/2021\/10\/IMG_3227-copia-500x500.jpg 500w, https:\/\/wildhogoverland.com\/wp-content\/uploads\/2021\/10\/IMG_3227-copia-scaled-300x300.jpg 300w, https:\/\/wildhogoverland.com\/wp-content\/uploads\/2021\/10\/IMG_3227-copia-scaled-100x100.jpg 100w, https:\/\/wildhogoverland.com\/wp-content\/uploads\/2021\/10\/IMG_3227-copia-150x150.jpg 150w\" sizes=\"auto, (max-width: 500px) 100vw, 500px\" \/><\/figure><\/div>\n\n\n\n<p><\/p>\n\n\n\n<p class=\"has-black-color has-text-color\"><strong><span style=\"color:#000000\" class=\"tadv-color\">3. PALA <\/span><\/strong><\/p>\n\n\n\n<p class=\"has-black-color has-text-color\"><span style=\"color:#000000\" class=\"tadv-color\">Aqu\u00ed seria todo lo contrario, es el accesorio mas econ\u00f3mico que puede tener y sin embargo muchas personas no suelen llevarla, una pala nos puede ser muy \u00fatil en por ejemplo el caso de que su veh\u00edculo este atorado en el lodo, tan solo excavando al rededor de el hara que la recuperaci\u00f3n sea mucho mas f\u00e1cil, o ya habiendo excavado un poco podemos utilizar las rampas de tracci\u00f3n. Por lo tanto cargue siempre con ella. <\/span><\/p>\n\n\n\n<div class=\"wp-block-image is-style-default\"><figure class=\"aligncenter size-shop_isle_category_thumbnail\"><img loading=\"lazy\" decoding=\"async\" width=\"500\" height=\"500\" src=\"https:\/\/wildhogoverland.com\/wp-content\/uploads\/2021\/10\/IMG_1279-500x500.jpg\" alt=\"\" class=\"wp-image-946\" srcset=\"https:\/\/wildhogoverland.com\/wp-content\/uploads\/2021\/10\/IMG_1279-500x500.jpg 500w, https:\/\/wildhogoverland.com\/wp-content\/uploads\/2021\/10\/IMG_1279-300x300.jpg 300w, https:\/\/wildhogoverland.com\/wp-content\/uploads\/2021\/10\/IMG_1279-100x100.jpg 100w, https:\/\/wildhogoverland.com\/wp-content\/uploads\/2021\/10\/IMG_1279-150x150.jpg 150w\" sizes=\"auto, (max-width: 500px) 100vw, 500px\" \/><\/figure><\/div>\n\n\n\n<p class=\"has-black-color has-text-color\"><\/p>\n\n\n\n<p class=\"has-black-color has-text-color\"><strong><span style=\"color:#000000\" class=\"tadv-color\">4. GATO HI-LIFT <\/span><\/strong><\/p>\n\n\n\n<p class=\"has-black-color has-text-color\"><span style=\"color:#000000\" class=\"tadv-color\">Cuando le agregamos a nuestro veh\u00edculo suspensi\u00f3n y llantas grandes, los gatos que suelen venir en su auto ser\u00e1n de poca utilidad, por lo que es necesario alguno de mayor tama\u00f1o, este accesorio inventado en 1905 sigue siendo una excelente opci\u00f3n, por su f\u00e1cil utilizaci\u00f3n; ya que puede ser usado ademas como un Winch manual, su precio que no es gravoso y la fiabilidad en su operaci\u00f3n. Este accesorio nos permitir\u00e1 levantar el veh\u00edculo para cambio de llanta o para alg\u00fan tipo de reparaci\u00f3n que sea necesaria, recomendamos solamente mantenerlo limpio y lubricado para evitar la oxidaci\u00f3n y la corrosi\u00f3n. <\/span><\/p>\n\n\n\n<div class=\"wp-block-image is-style-default\"><figure class=\"aligncenter size-shop_isle_category_thumbnail\"><img loading=\"lazy\" decoding=\"async\" width=\"500\" height=\"500\" src=\"https:\/\/wildhogoverland.com\/wp-content\/uploads\/2021\/10\/Hi_Lift_Jack_Bracket_MOUNTED_1200x1200.jpg-500x500.webp\" alt=\"\" class=\"wp-image-998\" srcset=\"https:\/\/wildhogoverland.com\/wp-content\/uploads\/2021\/10\/Hi_Lift_Jack_Bracket_MOUNTED_1200x1200.jpg-500x500.webp 500w, https:\/\/wildhogoverland.com\/wp-content\/uploads\/2021\/10\/Hi_Lift_Jack_Bracket_MOUNTED_1200x1200.jpg-300x300.webp 300w, https:\/\/wildhogoverland.com\/wp-content\/uploads\/2021\/10\/Hi_Lift_Jack_Bracket_MOUNTED_1200x1200.jpg-100x100.webp 100w, https:\/\/wildhogoverland.com\/wp-content\/uploads\/2021\/10\/Hi_Lift_Jack_Bracket_MOUNTED_1200x1200.jpg-600x600.webp 600w, https:\/\/wildhogoverland.com\/wp-content\/uploads\/2021\/10\/Hi_Lift_Jack_Bracket_MOUNTED_1200x1200.jpg-1024x1024.webp 1024w, https:\/\/wildhogoverland.com\/wp-content\/uploads\/2021\/10\/Hi_Lift_Jack_Bracket_MOUNTED_1200x1200.jpg-150x150.webp 150w, https:\/\/wildhogoverland.com\/wp-content\/uploads\/2021\/10\/Hi_Lift_Jack_Bracket_MOUNTED_1200x1200.jpg-768x768.webp 768w, https:\/\/wildhogoverland.com\/wp-content\/uploads\/2021\/10\/Hi_Lift_Jack_Bracket_MOUNTED_1200x1200.jpg-60x60.webp 60w, https:\/\/wildhogoverland.com\/wp-content\/uploads\/2021\/10\/Hi_Lift_Jack_Bracket_MOUNTED_1200x1200.jpg-90x90.webp 90w, https:\/\/wildhogoverland.com\/wp-content\/uploads\/2021\/10\/Hi_Lift_Jack_Bracket_MOUNTED_1200x1200.jpg.webp 1200w\" sizes=\"auto, (max-width: 500px) 100vw, 500px\" \/><\/figure><\/div>\n\n\n\n<p><\/p>\n\n\n\n<p><span style=\"color:#000000\" class=\"tadv-color\"><strong>5.- ESLINGA DE ARBOL<\/strong><\/span><\/p>\n\n\n\n<p class=\"has-black-color has-text-color\"><span style=\"color:#000000\" class=\"tadv-color\">Si ud tiene un winch entonces la eslinga de \u00e1rbol, tambi\u00e9n llamada tree saver, ser\u00e1 su complemento perfecto, esta eslinga es generalmente corta, pero mas ancha, digamos 3&#8243; de ancho, y cumplir\u00e1 la funci\u00f3n tanto de no lastimar al \u00e1rbol, como de proteger su linea de Winch al estar usando esta para anclarse al \u00e1rbol, suelen tambi\u00e9n incluir una funda, que prolonga la vida \u00fatil de la misma. Esta fabricada en poli\u00e9ster de alta tenacidad. <\/span><\/p>\n\n\n\n<div class=\"wp-block-image is-style-default\"><figure class=\"aligncenter size-shop_isle_category_thumbnail\"><img loading=\"lazy\" decoding=\"async\" width=\"500\" height=\"500\" src=\"https:\/\/wildhogoverland.com\/wp-content\/uploads\/2021\/10\/IMG_3242-copia-500x500.jpg\" alt=\"\" class=\"wp-image-947\" srcset=\"https:\/\/wildhogoverland.com\/wp-content\/uploads\/2021\/10\/IMG_3242-copia-500x500.jpg 500w, https:\/\/wildhogoverland.com\/wp-content\/uploads\/2021\/10\/IMG_3242-copia-scaled-300x300.jpg 300w, https:\/\/wildhogoverland.com\/wp-content\/uploads\/2021\/10\/IMG_3242-copia-scaled-100x100.jpg 100w, https:\/\/wildhogoverland.com\/wp-content\/uploads\/2021\/10\/IMG_3242-copia-150x150.jpg 150w\" sizes=\"auto, (max-width: 500px) 100vw, 500px\" \/><\/figure><\/div>\n\n\n\n<p><\/p>\n\n\n\n<p><span style=\"color:#000000\" class=\"tadv-color\"><strong>6.- ESLINGA DE RECUPERACION<\/strong><\/span><\/p>\n\n\n\n<p><span style=\"color:#000000\" class=\"tadv-color\">La eslinga de recuperaci\u00f3n es un tipo de eslinga que no tiene o tiene muy poca elongacion ( 5 al 7%) por lo tanto nos van a servir para diversos prop\u00f3sitos, por ejemplo, como una extension de la linea del winch o para remolcar veh\u00edculos, pero estas eslingas no estan dise\u00f1adas para \u00abtirar\u00bb de los veh\u00edculos, su poca elasticidad no lo permite, por lo que su uso se debe limitar a recuperaciones est\u00e1ticas, por favor no compre eslingas que no est\u00e9n etiquetadas apropiadamente, la etiqueta de la eslinga debe de incluir la capacidad y el factor de seguridad de la misma, tampoco no son recomendables en absoluto el uso de las eslingas con ganchos en los costados, en caso de ruptura el gancho puede salir disparado y ocasionar severos da\u00f1os a las personas alrededor. <\/span><\/p>\n\n\n\n<div class=\"wp-block-image is-style-default\"><figure class=\"aligncenter size-shop_isle_category_thumbnail\"><img loading=\"lazy\" decoding=\"async\" width=\"500\" height=\"500\" src=\"https:\/\/wildhogoverland.com\/wp-content\/uploads\/2021\/10\/IMG_9706-copia-1-500x500.jpg\" alt=\"\" class=\"wp-image-945\" srcset=\"https:\/\/wildhogoverland.com\/wp-content\/uploads\/2021\/10\/IMG_9706-copia-1-500x500.jpg 500w, https:\/\/wildhogoverland.com\/wp-content\/uploads\/2021\/10\/IMG_9706-copia-1-scaled-300x300.jpg 300w, https:\/\/wildhogoverland.com\/wp-content\/uploads\/2021\/10\/IMG_9706-copia-1-scaled-100x100.jpg 100w, https:\/\/wildhogoverland.com\/wp-content\/uploads\/2021\/10\/IMG_9706-copia-1-150x150.jpg 150w\" sizes=\"auto, (max-width: 500px) 100vw, 500px\" \/><\/figure><\/div>\n\n\n\n<p><\/p>\n\n\n\n<p><span style=\"color:#000000\" class=\"tadv-color\"><strong>7.- ESLINGA KINETICA<\/strong><\/span><\/p>\n\n\n\n<p class=\"has-black-color has-text-color\"><span style=\"color:#000000\" class=\"tadv-color\">La eslinga el\u00e1stica o kin\u00e9tica es la mas apropiada para que un veh\u00edculo tire de otro que se ha quedado atascado. El hecho de que sea el\u00e1stica resulta fundamental en estos casos. Puede llegar a estirarse hasta un 30% de su longitud. Su uso deber\u00eda limitarse a la operaci\u00f3n necesaria para sacar a otro veh\u00edculo de donde ha quedado atascado, es decir no se debe de usar como extension de la linea del winch o para remolcar veh\u00edculos.<\/span><\/p>\n\n\n\n<div class=\"wp-block-image is-style-default\"><figure class=\"aligncenter size-shop_isle_category_thumbnail\"><img loading=\"lazy\" decoding=\"async\" width=\"500\" height=\"500\" src=\"https:\/\/wildhogoverland.com\/wp-content\/uploads\/2021\/10\/IMG_7565-copia-500x500.jpg\" alt=\"\" class=\"wp-image-953\" srcset=\"https:\/\/wildhogoverland.com\/wp-content\/uploads\/2021\/10\/IMG_7565-copia-500x500.jpg 500w, https:\/\/wildhogoverland.com\/wp-content\/uploads\/2021\/10\/IMG_7565-copia-scaled-300x300.jpg 300w, https:\/\/wildhogoverland.com\/wp-content\/uploads\/2021\/10\/IMG_7565-copia-scaled-100x100.jpg 100w, https:\/\/wildhogoverland.com\/wp-content\/uploads\/2021\/10\/IMG_7565-copia-150x150.jpg 150w\" sizes=\"auto, (max-width: 500px) 100vw, 500px\" \/><\/figure><\/div>\n\n\n\n<p><\/p>\n\n\n\n<p><span style=\"color:#000000\" class=\"tadv-color\"><strong>8.- ESLINGA SNATCH<\/strong><\/span><\/p>\n\n\n\n<p><span style=\"color:#000000\" class=\"tadv-color\">Este tipo de eslingas no son tan comunes, estan fabricadas 100% en nailon y vendr\u00edan siendo una eslinga intermedia, entre la eslinga de recuperaci\u00f3n y la eslinga kinetica, en estas el porcentaje de elongacion es del 20% ,por lo que pueden ser usadas como cualquiera de las anteriores, el \u00fanico punto a considerar aqu\u00ed seria la vida del producto, ya que los ciclos de vida, entendi\u00e9ndose un ciclo como el proceso en que la eslinga se estira y se libera, es menor al de una eslinga kinetica. <\/span><\/p>\n\n\n\n<div class=\"wp-block-image is-style-default\"><figure class=\"aligncenter size-medium\"><img loading=\"lazy\" decoding=\"async\" width=\"266\" height=\"300\" src=\"https:\/\/wildhogoverland.com\/wp-content\/uploads\/2021\/10\/61CfPPLo8hL._AC_SY1000_-266x300.jpg\" alt=\"\" class=\"wp-image-1041\" srcset=\"https:\/\/wildhogoverland.com\/wp-content\/uploads\/2021\/10\/61CfPPLo8hL._AC_SY1000_-266x300.jpg 266w, https:\/\/wildhogoverland.com\/wp-content\/uploads\/2021\/10\/61CfPPLo8hL._AC_SY1000_.jpg 442w\" sizes=\"auto, (max-width: 266px) 100vw, 266px\" \/><\/figure><\/div>\n\n\n\n<p><\/p>\n\n\n\n<p><strong><span style=\"color:#000000\" class=\"tadv-color\">9.- GUANTES <\/span><\/strong><\/p>\n\n\n\n<p class=\"has-black-color has-text-color\"><span style=\"color:#000000\" class=\"tadv-color\">Es siempre una buena idea, considerar en el equipo, un par de guantes, se vuelven indispensables para usar junto con el  winch, ya que al estar estirando o recogiendo la linea esta puede contener alguna astilla que puede lesionarnos, o la fricci\u00f3n de la misma, puede ocasionarnos quemaduras, que f\u00e1cilmente podemos evitar, usando guantes, para el caso de los cables de acero los peligros aumentan, por lo que no olvide nunca usarlos antes de empezar las maniobras. Los guantes deberian colocarse siempre que exista un peligro potencial, incluso algo tan simple como mover una rama de \u00e1rbol ca\u00edda, hacer rodar una piedra  o partir troncos con un hacha. \u00a1Seguridad primero!. <\/span><\/p>\n\n\n\n<p><\/p>\n\n\n\n<div class=\"wp-block-image is-style-default\"><figure class=\"aligncenter size-shop_isle_category_thumbnail\"><img loading=\"lazy\" decoding=\"async\" width=\"500\" height=\"500\" src=\"https:\/\/wildhogoverland.com\/wp-content\/uploads\/2021\/10\/24177d7e-d329-40a7-b048-e16e61479244-500x500.jpg\" alt=\"\" class=\"wp-image-1058\" srcset=\"https:\/\/wildhogoverland.com\/wp-content\/uploads\/2021\/10\/24177d7e-d329-40a7-b048-e16e61479244-500x500.jpg 500w, https:\/\/wildhogoverland.com\/wp-content\/uploads\/2021\/10\/24177d7e-d329-40a7-b048-e16e61479244-300x300.jpg 300w, https:\/\/wildhogoverland.com\/wp-content\/uploads\/2021\/10\/24177d7e-d329-40a7-b048-e16e61479244-100x100.jpg 100w, https:\/\/wildhogoverland.com\/wp-content\/uploads\/2021\/10\/24177d7e-d329-40a7-b048-e16e61479244-150x150.jpg 150w\" sizes=\"auto, (max-width: 500px) 100vw, 500px\" \/><\/figure><\/div>\n\n\n\n<p><\/p>\n\n\n\n<p><span style=\"color:#000000\" class=\"tadv-color\"><strong><b>9.- <\/b>PROTECTOR DE LINEA DE WINCH<\/strong><\/span><strong><span style=\"color:#000000\" class=\"tadv-color\"> <\/span><\/strong><\/p>\n\n\n\n<p class=\"has-black-color has-text-color\"><span style=\"color:#000000\" class=\"tadv-color\">Este es un accesorio que puede parecer simple, pero por mas simple que parezca cumple una funci\u00f3n, la funci\u00f3n de hacer mas segura nuestra recuperaci\u00f3n. Cuando un veh\u00edculo atascado se recupera mediante el winch, hay una gran cantidad de energ\u00eda almacenada en las l\u00edneas. Si las l\u00edneas o los accesorios de acoplamiento se rompen, la energ\u00eda debe ir a alguna parte y la l\u00ednea o los ganchos volar\u00e1n libremente y golpear\u00e1n cualquier cosa en su camino.<\/span><\/p>\n\n\n\n<p class=\"has-black-color has-text-color\"><span style=\"color:#000000\" class=\"tadv-color\">El principio del este accesorio es el de a\u00f1adirle peso a la linea, cuenta con una bolsa interior la cual puede ser rellenada con tierra o arena. Uselo siempre en todas sus recuperaciones!<\/span><\/p>\n\n\n\n<p><\/p>\n\n\n\n<div class=\"wp-block-image is-style-default\"><figure class=\"aligncenter size-shop_isle_category_thumbnail\"><img loading=\"lazy\" decoding=\"async\" width=\"500\" height=\"500\" src=\"https:\/\/wildhogoverland.com\/wp-content\/uploads\/2021\/10\/IMG_3231-2-copia-scaled-1-500x500.jpg\" alt=\"\" class=\"wp-image-1063\" srcset=\"https:\/\/wildhogoverland.com\/wp-content\/uploads\/2021\/10\/IMG_3231-2-copia-scaled-1-500x500.jpg 500w, https:\/\/wildhogoverland.com\/wp-content\/uploads\/2021\/10\/IMG_3231-2-copia-scaled-1-300x300.jpg 300w, https:\/\/wildhogoverland.com\/wp-content\/uploads\/2021\/10\/IMG_3231-2-copia-scaled-1-100x100.jpg 100w, https:\/\/wildhogoverland.com\/wp-content\/uploads\/2021\/10\/IMG_3231-2-copia-scaled-1-150x150.jpg 150w\" sizes=\"auto, (max-width: 500px) 100vw, 500px\" \/><\/figure><\/div>\n\n\n\n<p><\/p>\n\n\n\n<p><strong><span style=\"color:#000000\" class=\"tadv-color\">10.- RAMPAS DE RECUPERACION<\/span><\/strong><\/p>\n\n\n\n<p><span style=\"color:#000000\" class=\"tadv-color\">Estas rampas pueden estar hechas de varios materiales ya sean pl\u00e1sticos o incluso las hay met\u00e1licas, son muy \u00fatiles en situaciones de autorecuperaci\u00f3n principalmente, el principio es proveer de una superficie de tracci\u00f3n, por lo que si el veh\u00edculo se ha quedado atascado en lodo, arena o nieve solamente debemos de rascar un poco debajo de las llantas y colocar las rampas para salir del apuro. Las rampas met\u00e1licas pueden ser usadas tambi\u00e9n como peque\u00f1os \u00abpuentes\u00bb para sortear obst\u00e1culos de mejor manera. <\/span><\/p>\n\n\n\n<div class=\"wp-block-image is-style-default\"><figure class=\"aligncenter size-shop_isle_category_thumbnail\"><img loading=\"lazy\" decoding=\"async\" width=\"500\" height=\"500\" src=\"https:\/\/wildhogoverland.com\/wp-content\/uploads\/2021\/10\/Sin-titulo-1-500x500.png\" alt=\"\" class=\"wp-image-1073\" srcset=\"https:\/\/wildhogoverland.com\/wp-content\/uploads\/2021\/10\/Sin-titulo-1-500x500.png 500w, https:\/\/wildhogoverland.com\/wp-content\/uploads\/2021\/10\/Sin-titulo-1-300x300.png 300w, https:\/\/wildhogoverland.com\/wp-content\/uploads\/2021\/10\/Sin-titulo-1-100x100.png 100w, https:\/\/wildhogoverland.com\/wp-content\/uploads\/2021\/10\/Sin-titulo-1-150x150.png 150w\" sizes=\"auto, (max-width: 500px) 100vw, 500px\" \/><\/figure><\/div>\n\n\n\n<p><\/p>\n\n\n\n<p class=\"has-black-color has-text-color\"><span style=\"color:#000000\" class=\"tadv-color\">En la parte 2 de este post hablaremos sobre los equipos restantes, es ud bienvenido a comentar. Saludos!!<\/span><\/p>\n\n\n\n<p><\/p>\n\n\n\n<p><\/p>\n\n\n\n<p><\/p>\n\n\n\n<p><\/p>\n","protected":false},"excerpt":{"rendered":"<p>No es una regla general, pero a la gran mayor\u00eda de las personas que hacen 4&#215;4 les pasara; en alg\u00fan momento su veh\u00edculo quedara atascado, el conocer el equipo necesario para recuperarlo, es indispensable, nadie desea encontrarse en un camino despoblado, sin se\u00f1al de celular, en esta situaci\u00f3n. Es por ello que, llevar el equipo&hellip;&nbsp;<a href=\"https:\/\/wildhogoverland.com\/?page_id=896\" rel=\"bookmark\">Read More &raquo;<span class=\"screen-reader-text\">EQUIPO DE RECUPERACI\u00d3N<\/span><\/a><\/p>\n","protected":false},"author":1,"featured_media":937,"parent":0,"menu_order":0,"comment_status":"closed","ping_status":"closed","template":"","meta":{"neve_meta_sidebar":"","neve_meta_container":"","neve_meta_enable_content_width":"","neve_meta_content_width":0,"neve_meta_title_alignment":"","neve_meta_author_avatar":"","neve_post_elements_order":"","neve_meta_disable_header":"","neve_meta_disable_footer":"","neve_meta_disable_title":"off","neve_meta_reading_time":"","footnotes":""},"class_list":["post-896","page","type-page","status-publish","has-post-thumbnail","hentry"],"_links":{"self":[{"href":"https:\/\/wildhogoverland.com\/index.php?rest_route=\/wp\/v2\/pages\/896","targetHints":{"allow":["GET"]}}],"collection":[{"href":"https:\/\/wildhogoverland.com\/index.php?rest_route=\/wp\/v2\/pages"}],"about":[{"href":"https:\/\/wildhogoverland.com\/index.php?rest_route=\/wp\/v2\/types\/page"}],"author":[{"embeddable":true,"href":"https:\/\/wildhogoverland.com\/index.php?rest_route=\/wp\/v2\/users\/1"}],"replies":[{"embeddable":true,"href":"https:\/\/wildhogoverland.com\/index.php?rest_route=%2Fwp%2Fv2%2Fcomments&post=896"}],"version-history":[{"count":49,"href":"https:\/\/wildhogoverland.com\/index.php?rest_route=\/wp\/v2\/pages\/896\/revisions"}],"predecessor-version":[{"id":1402,"href":"https:\/\/wildhogoverland.com\/index.php?rest_route=\/wp\/v2\/pages\/896\/revisions\/1402"}],"wp:featuredmedia":[{"embeddable":true,"href":"https:\/\/wildhogoverland.com\/index.php?rest_route=\/wp\/v2\/media\/937"}],"wp:attachment":[{"href":"https:\/\/wildhogoverland.com\/index.php?rest_route=%2Fwp%2Fv2%2Fmedia&parent=896"}],"curies":[{"name":"wp","href":"https:\/\/api.w.org\/{rel}","templated":true}]}}