{"id":870,"date":"2021-10-06T19:11:33","date_gmt":"2021-10-06T19:11:33","guid":{"rendered":"https:\/\/wildhogoverland.com\/?page_id=870"},"modified":"2025-06-10T23:58:57","modified_gmt":"2025-06-10T23:58:57","slug":"blog","status":"publish","type":"page","link":"https:\/\/wildhogoverland.com\/?page_id=870","title":{"rendered":"BLOG"},"content":{"rendered":"\n<p><\/p>\n\n\n\n<h2 class=\"wp-block-heading has-text-align-center\" id=\"recuperaciones-4x4-guia-basica\">art\u00edculos <\/h2>\n\n\n\n<p class=\"has-medium-font-size\"><strong>RECUPERACIONES 4X4 . GU\u00cdA<span style=\"color:#000000\" class=\"tadv-color\"> B\u00c1SICA<\/span><\/strong><\/p>\n\n\n\n<p class=\"has-medium-font-size\"><span style=\"color:#000000\" class=\"tadv-color\"><em>PARTE 1: CONSIDERACIONES GENERALES <\/em><\/span><\/p>\n\n\n\n<div class=\"wp-block-buttons is-layout-flex wp-block-buttons-is-layout-flex\">\n<div class=\"wp-block-button is-style-primary\"><a class=\"wp-block-button__link wp-element-button\" href=\"https:\/\/wildhogoverland.com\/?page_id=815\" target=\"_blank\" rel=\"noreferrer noopener\">leer <\/a><\/div>\n<\/div>\n\n\n\n<p><\/p>\n\n\n\n<p class=\"has-medium-font-size\"><em><span style=\"color:#000000\" class=\"tadv-color\">PARTE 2: EQUIPO DE RECUPERACI\u00d3N 4&#215;4<\/span><\/em><\/p>\n\n\n\n<div class=\"wp-block-buttons is-layout-flex wp-block-buttons-is-layout-flex\">\n<div class=\"wp-block-button is-style-primary\"><a class=\"wp-block-button__link wp-element-button\" href=\"https:\/\/wildhogoverland.com\/?page_id=896\" target=\"_blank\" rel=\"noreferrer noopener\">leer<\/a><\/div>\n<\/div>\n\n\n\n<hr class=\"wp-block-separator has-css-opacity\"\/>\n\n\n\n<p class=\"has-black-color has-text-color has-medium-font-size\"><\/p>\n\n\n\n<p><strong>COMUNICACIONES<\/strong> <\/p>\n\n\n\n<p>ANTENAS OVERLAND<\/p>\n\n\n\n<div class=\"wp-block-buttons is-layout-flex wp-block-buttons-is-layout-flex\">\n<div class=\"wp-block-button\"><a class=\"wp-block-button__link has-nv-c-1-background-color has-background wp-element-button\" href=\"https:\/\/wildhogoverland.com\/?page_id=2156\" target=\"_blank\" rel=\"noreferrer noopener\">LEER<\/a><\/div>\n<\/div>\n\n\n\n<hr class=\"wp-block-separator has-alpha-channel-opacity\"\/>\n\n\n\n<p>CANALES VHF\/UHF EN RADIOS RUGGED<\/p>\n\n\n\n<div class=\"wp-block-buttons is-layout-flex wp-block-buttons-is-layout-flex\">\n<div class=\"wp-block-button is-style-primary\"><a class=\"wp-block-button__link has-nv-site-bg-color has-nv-c-2-background-color has-text-color has-background has-link-color wp-element-button\" href=\"https:\/\/wildhogoverland.com\/?page_id=3051\">LEER<\/a><\/div>\n<\/div>\n\n\n\n<hr class=\"wp-block-separator has-alpha-channel-opacity\"\/>\n\n\n\n<p>CODIGOS DE PRIVACIDAD<\/p>\n\n\n\n<div class=\"wp-block-buttons is-layout-flex wp-block-buttons-is-layout-flex\">\n<div class=\"wp-block-button is-style-secondary\"><a class=\"wp-block-button__link wp-element-button\" href=\"https:\/\/wildhogoverland.com\/?page_id=3585\">LEER<\/a><\/div>\n<\/div>\n\n\n\n<hr class=\"wp-block-separator has-alpha-channel-opacity\"\/>\n\n\n\n<p class=\"has-black-color has-text-color has-medium-font-size\">7 TIPS PARA UNA RECUPERACI\u00d3N<span class=\"tadv-color\" style=\"color:#000000\"> EFICAZ<\/span><\/p>\n\n\n\n<div class=\"wp-block-buttons is-layout-flex wp-block-buttons-is-layout-flex\">\n<div class=\"wp-block-button is-style-primary\"><a class=\"wp-block-button__link has-nv-dark-bg-background-color has-background wp-element-button\" href=\"https:\/\/wildhogoverland.com\/?page_id=955\" target=\"_blank\" rel=\"noreferrer noopener\">leer<\/a><\/div>\n<\/div>\n\n\n\n<p class=\"has-black-color has-text-color has-medium-font-size\"><span style=\"color:#000000\" class=\"tadv-color\"><\/span><\/p>\n\n\n\n<p class=\"has-black-color has-text-color has-medium-font-size\">BIOGRAF\u00cdA<span style=\"color:#000000\" class=\"tadv-color\"><em> DEL RIO ATOYAC &#8211; BALSAS <\/em><\/span><\/p>\n\n\n\n<div class=\"wp-block-buttons is-layout-flex wp-block-buttons-is-layout-flex\">\n<div class=\"wp-block-button is-style-primary\"><a class=\"wp-block-button__link has-nv-dark-bg-background-color has-background wp-element-button\" href=\"https:\/\/wildhogoverland.com\/?page_id=1025\" target=\"_blank\" rel=\"noreferrer noopener\">leer <\/a><\/div>\n<\/div>\n\n\n\n<hr class=\"wp-block-separator has-css-opacity\"\/>\n\n\n\n<h2 class=\"wp-block-heading has-text-align-center\">videos<\/h2>\n\n\n\n<figure class=\"wp-block-embed is-type-wp-embed is-provider-wild-hog-overland wp-block-embed-wild-hog-overland\"><div class=\"wp-block-embed__wrapper\">\n<blockquote class=\"wp-embedded-content\" data-secret=\"6ppsYPRZl8\"><a href=\"https:\/\/wildhogoverland.com\/?page_id=1510\">VIDEOS DE NUESTROS PRODUCTOS<\/a><\/blockquote><iframe loading=\"lazy\" class=\"wp-embedded-content\" sandbox=\"allow-scripts\" security=\"restricted\" style=\"position: absolute; visibility: hidden;\" title=\"\u00abVIDEOS DE NUESTROS PRODUCTOS\u00bb \u2014 Wild Hog Overland\" src=\"https:\/\/wildhogoverland.com\/?page_id=1510&#038;embed=true#?secret=sdTLY1t8e9#?secret=6ppsYPRZl8\" data-secret=\"6ppsYPRZl8\" width=\"600\" height=\"338\" frameborder=\"0\" marginwidth=\"0\" marginheight=\"0\" scrolling=\"no\"><\/iframe>\n<\/div><\/figure>\n\n\n\n<hr class=\"wp-block-separator has-css-opacity\"\/>\n\n\n\n<h2 class=\"wp-block-heading has-text-align-center\">RUTAS 4X4<\/h2>\n\n\n\n<p>GRUPOS DE RUTAS 4X4 QUE RECOMENDAMOS <\/p>\n\n\n\n<p class=\"has-text-align-right\">                                    <strong>    <\/strong>                                                                                     <\/p>\n\n\n\n<div class=\"wp-block-columns is-layout-flex wp-container-core-columns-is-layout-9d6595d7 wp-block-columns-is-layout-flex\">\n<div class=\"wp-block-column is-layout-flow wp-block-column-is-layout-flow\"><div class=\"wp-block-image\">\n<figure class=\"aligncenter size-large\"><a href=\"https:\/\/www.boscoscamp4x4.com\" target=\"_blank\" rel=\"noopener\"><img loading=\"lazy\" decoding=\"async\" width=\"1024\" height=\"582\" src=\"https:\/\/wildhogoverland.com\/wp-content\/uploads\/2022\/03\/image-1024x582.png\" alt=\"\" class=\"wp-image-1487\" srcset=\"https:\/\/wildhogoverland.com\/wp-content\/uploads\/2022\/03\/image-1024x582.png 1024w, https:\/\/wildhogoverland.com\/wp-content\/uploads\/2022\/03\/image-300x170.png 300w, https:\/\/wildhogoverland.com\/wp-content\/uploads\/2022\/03\/image-768x436.png 768w, https:\/\/wildhogoverland.com\/wp-content\/uploads\/2022\/03\/image-600x341.png 600w, https:\/\/wildhogoverland.com\/wp-content\/uploads\/2022\/03\/image.png 1054w\" sizes=\"auto, (max-width: 1024px) 100vw, 1024px\" \/><\/a><\/figure>\n<\/div><\/div>\n\n\n\n<div class=\"wp-block-column is-layout-flow wp-block-column-is-layout-flow\"><div class=\"wp-block-image is-resized\">\n<figure class=\"aligncenter size-medium\"><a href=\"https:\/\/tgo4x4.com\" target=\"_blank\" rel=\"noopener\"><img loading=\"lazy\" decoding=\"async\" width=\"180\" height=\"300\" src=\"https:\/\/wildhogoverland.com\/wp-content\/uploads\/2021\/10\/WhatsApp-Image-2021-06-21-at-12.11.58-180x300.jpeg\" alt=\"\" class=\"wp-image-1033\" srcset=\"https:\/\/wildhogoverland.com\/wp-content\/uploads\/2021\/10\/WhatsApp-Image-2021-06-21-at-12.11.58-180x300.jpeg 180w, https:\/\/wildhogoverland.com\/wp-content\/uploads\/2021\/10\/WhatsApp-Image-2021-06-21-at-12.11.58-600x1001.jpeg 600w, https:\/\/wildhogoverland.com\/wp-content\/uploads\/2021\/10\/WhatsApp-Image-2021-06-21-at-12.11.58-614x1024.jpeg 614w, https:\/\/wildhogoverland.com\/wp-content\/uploads\/2021\/10\/WhatsApp-Image-2021-06-21-at-12.11.58.jpeg 767w\" sizes=\"auto, (max-width: 180px) 100vw, 180px\" \/><\/a><\/figure>\n<\/div><\/div>\n<\/div>\n\n\n\n<p><\/p>\n\n\n\n<div class=\"wp-block-columns is-layout-flex wp-container-core-columns-is-layout-9d6595d7 wp-block-columns-is-layout-flex\">\n<div class=\"wp-block-column is-layout-flow wp-block-column-is-layout-flow\"><div class=\"wp-block-image\">\n<figure class=\"aligncenter size-medium\"><a href=\"https:\/\/revengeoffroad.com.mx\/?fbclid=IwAR2BzkakQdxYdCZ-0jhPd9FhFmIuPHvRPQZEYKsM0MoooJHqdAvFW6JPlm4\" target=\"_blank\" rel=\"noreferrer noopener\"><img loading=\"lazy\" decoding=\"async\" width=\"300\" height=\"300\" src=\"https:\/\/wildhogoverland.com\/wp-content\/uploads\/2023\/10\/279919147_570437201397731_3570256699686740463_n-300x300.jpg\" alt=\"\" class=\"wp-image-2548\" srcset=\"https:\/\/wildhogoverland.com\/wp-content\/uploads\/2023\/10\/279919147_570437201397731_3570256699686740463_n-300x300.jpg 300w, https:\/\/wildhogoverland.com\/wp-content\/uploads\/2023\/10\/279919147_570437201397731_3570256699686740463_n-1024x1024.jpg 1024w, https:\/\/wildhogoverland.com\/wp-content\/uploads\/2023\/10\/279919147_570437201397731_3570256699686740463_n-150x150.jpg 150w, https:\/\/wildhogoverland.com\/wp-content\/uploads\/2023\/10\/279919147_570437201397731_3570256699686740463_n-768x768.jpg 768w, https:\/\/wildhogoverland.com\/wp-content\/uploads\/2023\/10\/279919147_570437201397731_3570256699686740463_n-500x500.jpg 500w, https:\/\/wildhogoverland.com\/wp-content\/uploads\/2023\/10\/279919147_570437201397731_3570256699686740463_n-800x800.jpg 800w, https:\/\/wildhogoverland.com\/wp-content\/uploads\/2023\/10\/279919147_570437201397731_3570256699686740463_n-100x100.jpg 100w, https:\/\/wildhogoverland.com\/wp-content\/uploads\/2023\/10\/279919147_570437201397731_3570256699686740463_n-600x600.jpg 600w, https:\/\/wildhogoverland.com\/wp-content\/uploads\/2023\/10\/279919147_570437201397731_3570256699686740463_n-60x60.jpg 60w, https:\/\/wildhogoverland.com\/wp-content\/uploads\/2023\/10\/279919147_570437201397731_3570256699686740463_n-90x90.jpg 90w, https:\/\/wildhogoverland.com\/wp-content\/uploads\/2023\/10\/279919147_570437201397731_3570256699686740463_n.jpg 1080w\" sizes=\"auto, (max-width: 300px) 100vw, 300px\" \/><\/a><\/figure>\n<\/div><\/div>\n\n\n\n<div class=\"wp-block-column is-layout-flow wp-block-column-is-layout-flow\"><\/div>\n<\/div>\n","protected":false},"excerpt":{"rendered":"<p>art\u00edculos RECUPERACIONES 4X4 . GU\u00cdA B\u00c1SICA PARTE 1: CONSIDERACIONES GENERALES PARTE 2: EQUIPO DE RECUPERACI\u00d3N 4&#215;4 COMUNICACIONES ANTENAS OVERLAND CANALES VHF\/UHF EN RADIOS RUGGED CODIGOS DE PRIVACIDAD 7 TIPS PARA UNA RECUPERACI\u00d3N EFICAZ BIOGRAF\u00cdA DEL RIO ATOYAC &#8211; BALSAS videos RUTAS 4X4 GRUPOS DE RUTAS 4X4 QUE RECOMENDAMOS<\/p>\n","protected":false},"author":1,"featured_media":284,"parent":0,"menu_order":0,"comment_status":"closed","ping_status":"closed","template":"","meta":{"neve_meta_sidebar":"","neve_meta_container":"","neve_meta_enable_content_width":"","neve_meta_content_width":0,"neve_meta_title_alignment":"","neve_meta_author_avatar":"","neve_post_elements_order":"","neve_meta_disable_header":"","neve_meta_disable_footer":"","neve_meta_disable_title":"on","neve_meta_reading_time":"","footnotes":""},"class_list":["post-870","page","type-page","status-publish","has-post-thumbnail","hentry"],"_links":{"self":[{"href":"https:\/\/wildhogoverland.com\/index.php?rest_route=\/wp\/v2\/pages\/870","targetHints":{"allow":["GET"]}}],"collection":[{"href":"https:\/\/wildhogoverland.com\/index.php?rest_route=\/wp\/v2\/pages"}],"about":[{"href":"https:\/\/wildhogoverland.com\/index.php?rest_route=\/wp\/v2\/types\/page"}],"author":[{"embeddable":true,"href":"https:\/\/wildhogoverland.com\/index.php?rest_route=\/wp\/v2\/users\/1"}],"replies":[{"embeddable":true,"href":"https:\/\/wildhogoverland.com\/index.php?rest_route=%2Fwp%2Fv2%2Fcomments&post=870"}],"version-history":[{"count":65,"href":"https:\/\/wildhogoverland.com\/index.php?rest_route=\/wp\/v2\/pages\/870\/revisions"}],"predecessor-version":[{"id":3629,"href":"https:\/\/wildhogoverland.com\/index.php?rest_route=\/wp\/v2\/pages\/870\/revisions\/3629"}],"wp:featuredmedia":[{"embeddable":true,"href":"https:\/\/wildhogoverland.com\/index.php?rest_route=\/wp\/v2\/media\/284"}],"wp:attachment":[{"href":"https:\/\/wildhogoverland.com\/index.php?rest_route=%2Fwp%2Fv2%2Fmedia&parent=870"}],"curies":[{"name":"wp","href":"https:\/\/api.w.org\/{rel}","templated":true}]}}