{"id":815,"date":"2021-10-06T05:03:23","date_gmt":"2021-10-06T05:03:23","guid":{"rendered":"https:\/\/wildhogoverland.com\/?page_id=815"},"modified":"2022-03-04T05:35:54","modified_gmt":"2022-03-04T05:35:54","slug":"recuperaciones-4x4-guia-basica","status":"publish","type":"page","link":"https:\/\/wildhogoverland.com\/?page_id=815","title":{"rendered":"RECUPERACIONES 4&#215;4"},"content":{"rendered":"\n<p><\/p>\n\n\n\n<div class=\"wp-block-image is-style-rounded\"><figure class=\"aligncenter size-large\"><img loading=\"lazy\" decoding=\"async\" width=\"1024\" height=\"484\" src=\"https:\/\/wildhogoverland.com\/wp-content\/uploads\/2021\/10\/4b65ca3a-82f2-4100-a54f-8b7b59988b05-1024x484.jpg\" alt=\"\" class=\"wp-image-892\" srcset=\"https:\/\/wildhogoverland.com\/wp-content\/uploads\/2021\/10\/4b65ca3a-82f2-4100-a54f-8b7b59988b05-1024x484.jpg 1024w, https:\/\/wildhogoverland.com\/wp-content\/uploads\/2021\/10\/4b65ca3a-82f2-4100-a54f-8b7b59988b05-600x284.jpg 600w, https:\/\/wildhogoverland.com\/wp-content\/uploads\/2021\/10\/4b65ca3a-82f2-4100-a54f-8b7b59988b05-300x142.jpg 300w, https:\/\/wildhogoverland.com\/wp-content\/uploads\/2021\/10\/4b65ca3a-82f2-4100-a54f-8b7b59988b05-768x363.jpg 768w, https:\/\/wildhogoverland.com\/wp-content\/uploads\/2021\/10\/4b65ca3a-82f2-4100-a54f-8b7b59988b05-1536x727.jpg 1536w, https:\/\/wildhogoverland.com\/wp-content\/uploads\/2021\/10\/4b65ca3a-82f2-4100-a54f-8b7b59988b05.jpg 1600w\" sizes=\"auto, (max-width: 1024px) 100vw, 1024px\" \/><\/figure><\/div>\n\n\n\n<p><\/p>\n\n\n\n<p class=\"has-text-align-left has-black-color has-text-color\"><span style=\"color:#000000\" class=\"tadv-color\">El offroad y el overland abren un nuevo mundo de lugares para explorar, lugares a los que no tan f\u00e1cilmente se accede sin un 4&#215;4, este tipo de aventuras suelen ir acompa\u00f1adas de situaciones donde tu veh\u00edculo o el de alg\u00fan compa\u00f1ero se queda atascado. Conocer la forma correcta de recuperarlo es fundamental y el estar preparado para estas situaciones es la mejor forma de tener un viaje agradable, sin mayores contratiempos. Con mucho gusto, hemos preparado esta guia b\u00e1sica, esperando le sea de utilidad. <\/span><\/p>\n\n\n\n<p class=\"has-black-color has-text-color\"><span style=\"color:#000000\" class=\"tadv-color\">Ahora bien, lo ideal seria no quedarse nunca atascados correcto?, cuando estamos enfrentando alguna dificultad en el camino, tenemos algunos tips que pueden serle \u00fatiles;<\/span><\/p>\n\n\n\n<p class=\"has-black-color has-text-color\"><span style=\"color:#000000\" class=\"tadv-color\"><strong>Bajar la presi\u00f3n del aire de las llantas<\/strong>; las llantas al tener menor presi\u00f3n de aire aumentan la tracci\u00f3n y proporcionan una mayor adherencia al terreno, la llanta con menor presi\u00f3n cubre una longitud mayor que una con mas presi\u00f3n, piense en ello como las orugas de un tanque. Puede intentar baj\u00e1ndolas en el rango de 15- 20lb. Si cuenta con un compresor de aire podr\u00e1 bajarlas mas, y una vez superado el obst\u00e1culo volver a inflarlas, ya que, puede ser peligroso conducir con una llanta demasiado baja. <\/span><\/p>\n\n\n\n<div class=\"wp-block-image\"><figure class=\"aligncenter size-large\"><img loading=\"lazy\" decoding=\"async\" width=\"1024\" height=\"298\" src=\"https:\/\/wildhogoverland.com\/wp-content\/uploads\/2021\/10\/Tyre-tread-spread-1024x298.jpg\" alt=\"\" class=\"wp-image-817\" srcset=\"https:\/\/wildhogoverland.com\/wp-content\/uploads\/2021\/10\/Tyre-tread-spread-1024x298.jpg 1024w, https:\/\/wildhogoverland.com\/wp-content\/uploads\/2021\/10\/Tyre-tread-spread-600x175.jpg 600w, https:\/\/wildhogoverland.com\/wp-content\/uploads\/2021\/10\/Tyre-tread-spread-300x87.jpg 300w, https:\/\/wildhogoverland.com\/wp-content\/uploads\/2021\/10\/Tyre-tread-spread-768x224.jpg 768w, https:\/\/wildhogoverland.com\/wp-content\/uploads\/2021\/10\/Tyre-tread-spread-1536x448.jpg 1536w, https:\/\/wildhogoverland.com\/wp-content\/uploads\/2021\/10\/Tyre-tread-spread-190x55.jpg 190w, https:\/\/wildhogoverland.com\/wp-content\/uploads\/2021\/10\/Tyre-tread-spread-309x90.jpg 309w, https:\/\/wildhogoverland.com\/wp-content\/uploads\/2021\/10\/Tyre-tread-spread.jpg 2000w\" sizes=\"auto, (max-width: 1024px) 100vw, 1024px\" \/><\/figure><\/div>\n\n\n\n<p><\/p>\n\n\n\n<p><span style=\"color:#000000\" class=\"tadv-color\"><strong>Necear<\/strong>; este termino fue acu\u00f1ado por un amigo jeepero y hace referencia a lo siguiente; en ciertas situaciones especialmente en condiciones de lodo se hace necesario \u00abnecear\u00bb un poco y manejar en altas revoluciones, los gajos de las llantas en especial las  de tipo mud terrain, van a actuar como peque\u00f1as palas, que mover\u00e1n todo el material suave, hasta encontrar un punto de tracci\u00f3n y empujaran hacia adelante, un giro r\u00e1pido de las llantas puede ayudarles tambi\u00e9n, a liberar el lodo acumulado, combinar esta acci\u00f3n con repetidos giros al volante tratando de encontrar el punto de tracci\u00f3n al usar tambi\u00e9n los costados de la llanta puede darle otra oportunidad. <\/span><\/p>\n\n\n\n<div class=\"wp-block-image is-style-default\"><figure class=\"aligncenter size-shop_isle_category_thumbnail\"><img loading=\"lazy\" decoding=\"async\" width=\"500\" height=\"500\" src=\"https:\/\/wildhogoverland.com\/wp-content\/uploads\/2021\/10\/DSC01818-500x500.jpg\" alt=\"\" class=\"wp-image-820\" srcset=\"https:\/\/wildhogoverland.com\/wp-content\/uploads\/2021\/10\/DSC01818-500x500.jpg 500w, https:\/\/wildhogoverland.com\/wp-content\/uploads\/2021\/10\/DSC01818-scaled-300x300.jpg 300w, https:\/\/wildhogoverland.com\/wp-content\/uploads\/2021\/10\/DSC01818-scaled-100x100.jpg 100w, https:\/\/wildhogoverland.com\/wp-content\/uploads\/2021\/10\/DSC01818-150x150.jpg 150w\" sizes=\"auto, (max-width: 500px) 100vw, 500px\" \/><figcaption><strong><em>credito de la foto @alfonsors7<\/em><\/strong><\/figcaption><\/figure><\/div>\n\n\n\n<p><\/p>\n\n\n\n<p><span style=\"color:#000000\" class=\"tadv-color\"><strong>Control de velocidades<\/strong>; si ud se encuentra en un terreno de poca tracci\u00f3n en una marcha baja ( como primera o segunda) intente en una marcha mayor; los cambios multiplican efectivamente el torque del motor, menores marchas significan que la rueda girar\u00e1 mas despacio y con mayor fuerza, algunas veces menor torque es mejor para evitar que las llantas \u00abrasquen\u00bb y poder sortear de mejor forma el obst\u00e1culo. Otro punto a considerar en veh\u00edculos de transmisi\u00f3n autom\u00e1tica es usar los cambios de forma \u00bb manual\u00bb en este tipo de situaciones, lo cual va a permitir no perder el torque al momento de que el veh\u00edculo hace el cambio. <\/span><\/p>\n\n\n\n<p><\/p>\n\n\n\n<div class=\"wp-block-image\"><figure class=\"aligncenter size-shop_isle_category_thumbnail\"><img loading=\"lazy\" decoding=\"async\" width=\"500\" height=\"500\" src=\"https:\/\/wildhogoverland.com\/wp-content\/uploads\/2021\/10\/Captura-de-Pantalla-2021-10-06-a-las-13.51.57-500x500.png\" alt=\"\" class=\"wp-image-862\" srcset=\"https:\/\/wildhogoverland.com\/wp-content\/uploads\/2021\/10\/Captura-de-Pantalla-2021-10-06-a-las-13.51.57-500x500.png 500w, https:\/\/wildhogoverland.com\/wp-content\/uploads\/2021\/10\/Captura-de-Pantalla-2021-10-06-a-las-13.51.57-300x300.png 300w, https:\/\/wildhogoverland.com\/wp-content\/uploads\/2021\/10\/Captura-de-Pantalla-2021-10-06-a-las-13.51.57-100x100.png 100w, https:\/\/wildhogoverland.com\/wp-content\/uploads\/2021\/10\/Captura-de-Pantalla-2021-10-06-a-las-13.51.57-600x601.png 600w, https:\/\/wildhogoverland.com\/wp-content\/uploads\/2021\/10\/Captura-de-Pantalla-2021-10-06-a-las-13.51.57-1022x1024.png 1022w, https:\/\/wildhogoverland.com\/wp-content\/uploads\/2021\/10\/Captura-de-Pantalla-2021-10-06-a-las-13.51.57-150x150.png 150w, https:\/\/wildhogoverland.com\/wp-content\/uploads\/2021\/10\/Captura-de-Pantalla-2021-10-06-a-las-13.51.57-768x769.png 768w, https:\/\/wildhogoverland.com\/wp-content\/uploads\/2021\/10\/Captura-de-Pantalla-2021-10-06-a-las-13.51.57-60x60.png 60w, https:\/\/wildhogoverland.com\/wp-content\/uploads\/2021\/10\/Captura-de-Pantalla-2021-10-06-a-las-13.51.57-90x90.png 90w, https:\/\/wildhogoverland.com\/wp-content\/uploads\/2021\/10\/Captura-de-Pantalla-2021-10-06-a-las-13.51.57.png 1174w\" sizes=\"auto, (max-width: 500px) 100vw, 500px\" \/><figcaption><strong><em>credito @the_tankoma<\/em><\/strong><\/figcaption><\/figure><\/div>\n\n\n\n<p><\/p>\n\n\n\n<p><span style=\"color:#000000\" class=\"tadv-color\"><strong>Usar el entorno<\/strong>; como hemos visto una de las principales causas para encontrarse atascado es la falta de tracci\u00f3n, por lo que puede usar los materiales disponibles en el entorno como apoyo, ya sea que, necesite subir un obst\u00e1culo elevado, o bajar sobre el, puede apilar rocas para que las llantas pasen sobre ellas, en situaciones de lodo o arena puede usar ramas y piedras sobre el camino a recorrer para tener as\u00ed una mejor tracci\u00f3n. <\/span><\/p>\n\n\n\n<div class=\"wp-block-image\"><figure class=\"aligncenter size-shop_isle_category_thumbnail\"><img loading=\"lazy\" decoding=\"async\" width=\"500\" height=\"500\" src=\"https:\/\/wildhogoverland.com\/wp-content\/uploads\/2021\/10\/WhatsApp-Image-2021-10-06-at-10.42.57-500x500.jpeg\" alt=\"\" class=\"wp-image-856\" srcset=\"https:\/\/wildhogoverland.com\/wp-content\/uploads\/2021\/10\/WhatsApp-Image-2021-10-06-at-10.42.57-500x500.jpeg 500w, https:\/\/wildhogoverland.com\/wp-content\/uploads\/2021\/10\/WhatsApp-Image-2021-10-06-at-10.42.57-300x300.jpeg 300w, https:\/\/wildhogoverland.com\/wp-content\/uploads\/2021\/10\/WhatsApp-Image-2021-10-06-at-10.42.57-100x100.jpeg 100w, https:\/\/wildhogoverland.com\/wp-content\/uploads\/2021\/10\/WhatsApp-Image-2021-10-06-at-10.42.57-150x150.jpeg 150w\" sizes=\"auto, (max-width: 500px) 100vw, 500px\" \/><figcaption><strong><em>credito @ap_yotalndr<\/em><\/strong><\/figcaption><\/figure><\/div>\n\n\n\n<p><\/p>\n\n\n\n<p><span style=\"color:#000000\" class=\"tadv-color\">En el siguiente segmento, abordaremos los procedimientos , equipo y  t\u00e9cnicas b\u00e1sicas de recuperaci\u00f3n, es ud bienvenido a comentar. Saludos!!<\/span><\/p>\n","protected":false},"excerpt":{"rendered":"<p>El offroad y el overland abren un nuevo mundo de lugares para explorar, lugares a los que no tan f\u00e1cilmente se accede sin un 4&#215;4, este tipo de aventuras suelen ir acompa\u00f1adas de situaciones donde tu veh\u00edculo o el de alg\u00fan compa\u00f1ero se queda atascado. Conocer la forma correcta de recuperarlo es fundamental y el&hellip;&nbsp;<a href=\"https:\/\/wildhogoverland.com\/?page_id=815\" rel=\"bookmark\">Read More &raquo;<span class=\"screen-reader-text\">RECUPERACIONES 4&#215;4<\/span><\/a><\/p>\n","protected":false},"author":1,"featured_media":990,"parent":0,"menu_order":0,"comment_status":"closed","ping_status":"closed","template":"","meta":{"neve_meta_sidebar":"","neve_meta_container":"","neve_meta_enable_content_width":"","neve_meta_content_width":0,"neve_meta_title_alignment":"","neve_meta_author_avatar":"","neve_post_elements_order":"","neve_meta_disable_header":"","neve_meta_disable_footer":"","neve_meta_disable_title":"on","neve_meta_reading_time":"","footnotes":""},"class_list":["post-815","page","type-page","status-publish","has-post-thumbnail","hentry"],"_links":{"self":[{"href":"https:\/\/wildhogoverland.com\/index.php?rest_route=\/wp\/v2\/pages\/815","targetHints":{"allow":["GET"]}}],"collection":[{"href":"https:\/\/wildhogoverland.com\/index.php?rest_route=\/wp\/v2\/pages"}],"about":[{"href":"https:\/\/wildhogoverland.com\/index.php?rest_route=\/wp\/v2\/types\/page"}],"author":[{"embeddable":true,"href":"https:\/\/wildhogoverland.com\/index.php?rest_route=\/wp\/v2\/users\/1"}],"replies":[{"embeddable":true,"href":"https:\/\/wildhogoverland.com\/index.php?rest_route=%2Fwp%2Fv2%2Fcomments&post=815"}],"version-history":[{"count":45,"href":"https:\/\/wildhogoverland.com\/index.php?rest_route=\/wp\/v2\/pages\/815\/revisions"}],"predecessor-version":[{"id":2172,"href":"https:\/\/wildhogoverland.com\/index.php?rest_route=\/wp\/v2\/pages\/815\/revisions\/2172"}],"wp:featuredmedia":[{"embeddable":true,"href":"https:\/\/wildhogoverland.com\/index.php?rest_route=\/wp\/v2\/media\/990"}],"wp:attachment":[{"href":"https:\/\/wildhogoverland.com\/index.php?rest_route=%2Fwp%2Fv2%2Fmedia&parent=815"}],"curies":[{"name":"wp","href":"https:\/\/api.w.org\/{rel}","templated":true}]}}