{"id":79,"date":"2020-06-13T19:52:44","date_gmt":"2020-06-13T19:52:44","guid":{"rendered":"https:\/\/wildhogoverland.com\/?page_id=79"},"modified":"2022-03-07T02:31:13","modified_gmt":"2022-03-07T02:31:13","slug":"79-2","status":"publish","type":"page","link":"https:\/\/wildhogoverland.com\/?page_id=79","title":{"rendered":"Aviso de Privacidad"},"content":{"rendered":"\n<p class=\"has-normal-font-size\">El presente aviso de privacidad emitido por Wild Hog Overland y\/o sus empresas afiliadas y el titular de la informaci\u00f3n establecen la manera en que ser\u00e1 manejada su informaci\u00f3n, as\u00ed como la finalidad para la que fue recabada, de conformidad con lo previsto en los Art\u00edculos 15, 16 y dem\u00e1s aplicables de la Ley Federal de Protecci\u00f3n de Datos Personales en Posesi\u00f3n de Particulares, sus modificaciones, adecuaciones y\/u otras legislaciones aplicables o conexas (la \u00abLey\u00bb).&nbsp;<\/p>\n\n\n\n<p class=\"has-normal-font-size\">Wild Hog Overland y\/o sus empresas afiliadas respeta el derecho a la privacidad y protecci\u00f3n de datos personales, los cuales est\u00e1n amparados bajo la Ley. La base de datos en donde va a ser almacenada la informaci\u00f3n que sea recabada es y ser\u00e1 responsabilidad de su almacenamiento y vigilancia por nosotros, asimismo la informaci\u00f3n se encuentra debidamente resguardada conforme a las disposiciones de seguridad administrativa, t\u00e9cnica, f\u00edsica y dem\u00e1s cuidados que son establecidos en la Ley de la materia, para protegerla de posibles da\u00f1os, p\u00e9rdidas, alteraci\u00f3n y\/o acceso no autorizado.<\/p>\n\n\n\n<p class=\"has-normal-font-size\">Con el objetivo de que usted tenga pleno control y decisi\u00f3n sobre sus datos personales, recomendamos leer la siguiente informaci\u00f3n. Usted tendr\u00e1 disponible en todo momento este Aviso de Privacidad en nuestra p\u00e1gina de Internet:  https:\/\/wildhogoverland.com\/79-2<\/p>\n\n\n\n<p class=\"has-normal-font-size\">Se entender\u00e1 que usted como titular consiente t\u00e1citamente el tratamiento de sus datos, a partir de este momento y\/o cuando habi\u00e9ndose puesto a su disposici\u00f3n este Aviso de Privacidad no manifieste su oposici\u00f3n en un plazo no mayor a 24 horas.<\/p>\n\n\n\n<p class=\"has-normal-font-size\">Los datos personales e informaci\u00f3n recibida ser\u00e1n utilizados por  Wild Hog Overland  y\/o sus empresas afiliadas y quedar\u00e1n registrados en la base de datos, as\u00ed como cualquier otra informaci\u00f3n personal, sensible o de cualquier otra \u00edndole, siempre cumpliendo con lo establecido en la Ley y su reglamentaci\u00f3n respecto al tipo de informaci\u00f3n.<\/p>\n\n\n\n<p class=\"has-normal-font-size\">Los datos personales recabados o que se recaban podr\u00e1n incluir, entre otros, los siguientes: Nombre completo, tel\u00e9fono, correo electr\u00f3nico, compa\u00f1\u00eda o entidad, puesto, ciudad o estado y de m\u00e1s datos que de manera extraordinaria puedan ser proporcionados por usted (los \u00abDatos Personales\u00bb).<\/p>\n\n\n\n<p class=\"has-normal-font-size\">Los Datos Personales que pueden haber sido obtenidos de usted, ya sea personalmente o por cualquier medio electr\u00f3nico, \u00f3ptico, sonoro, visual, y\/o a trav\u00e9s de cualquier otra tecnolog\u00eda, no ser\u00e1n divulgados total o parcialmente.<\/p>\n\n\n\n<p class=\"has-normal-font-size\">Es posible que Wild Hog Overland y\/o sus empresas afiliadas, se vean obligados a divulgar sus datos de car\u00e1cter personal por acto o resoluci\u00f3n judicial o mandamiento de Ley, en el marco de un procedimiento judicial y\/o por requerimiento de una autoridad gubernamental, tanto dentro como fuera de M\u00e9xico. Asimismo, podremos divulgar informaci\u00f3n acerca de usted si consideramos que dicha divulgaci\u00f3n es necesaria o conveniente por razones de seguridad nacional, para cumplir la legislaci\u00f3n vigente o por cualesquiera otros motivos importantes de orden p\u00fablico o privado.<\/p>\n\n\n\n<p class=\"has-normal-font-size\">Tambi\u00e9n podremos divulgar informaci\u00f3n relativa a usted si determinamos que dicho acto es razonablemente necesario para velar por el cumplimiento de nuestros t\u00e9rminos y condiciones y\/o proteger nuestras operaciones y\/o a nuestros usuarios y\/o accionistas, funcionarios y\/o apoderados. <\/p>\n\n\n\n<p class=\"has-normal-font-size\">Adicionalmente, en caso de reestructura, fusi\u00f3n, escisi\u00f3n o venta, podremos transferir al tercero correspondiente todos aquellos datos de car\u00e1cter personal que hayamos recabado.<\/p>\n\n\n\n<p class=\"has-normal-font-size\">El Departamento de Relaciones Laborales y Asuntos Corporativos, ser\u00e1 responsable del cumplimiento a lo previsto en la Ley. Si usted lo requiere, le agradeceremos comunicarse  al correo electr\u00f3nico info@wildhogoverland.com<\/p>\n\n\n\n<p class=\"has-normal-font-size\">Nos reservamos el derecho de efectuar en cualquier momento cambios o modificaciones al presente Aviso de Privacidad, ya sea para la atenci\u00f3n de actualizaciones legislativas, regulatorias o jurisprudenciales, pol\u00edticas internas, pr\u00e1cticas del mercado, uso, costumbre o por cualquier otra raz\u00f3n, siempre y cuando se ajusten a los requerimientos de la Ley.<\/p>\n\n\n\n<p class=\"has-normal-font-size\">Cualquier cambio que se realice a este Aviso de Privacidad, ser\u00e1 incorporado al mismo por las personas responsables y ser\u00e1 dado a conocer a trav\u00e9s de la p\u00e1gina de Internet: https:\/\/wildhogoverland.com\/79-2<\/p>\n","protected":false},"excerpt":{"rendered":"<p>El presente aviso de privacidad emitido por Wild Hog Overland y\/o sus empresas afiliadas y el titular de la informaci\u00f3n establecen la manera en que ser\u00e1 manejada su informaci\u00f3n, as\u00ed como la finalidad para la que fue recabada, de conformidad con lo previsto en los Art\u00edculos 15, 16 y dem\u00e1s aplicables de la Ley Federal&hellip;&nbsp;<a href=\"https:\/\/wildhogoverland.com\/?page_id=79\" rel=\"bookmark\">Read More &raquo;<span class=\"screen-reader-text\">Aviso de Privacidad<\/span><\/a><\/p>\n","protected":false},"author":1,"featured_media":1081,"parent":0,"menu_order":0,"comment_status":"closed","ping_status":"closed","template":"","meta":{"neve_meta_sidebar":"","neve_meta_container":"","neve_meta_enable_content_width":"","neve_meta_content_width":0,"neve_meta_title_alignment":"","neve_meta_author_avatar":"","neve_post_elements_order":"","neve_meta_disable_header":"","neve_meta_disable_footer":"","neve_meta_disable_title":"on","neve_meta_reading_time":"","footnotes":""},"class_list":["post-79","page","type-page","status-publish","has-post-thumbnail","hentry"],"_links":{"self":[{"href":"https:\/\/wildhogoverland.com\/index.php?rest_route=\/wp\/v2\/pages\/79","targetHints":{"allow":["GET"]}}],"collection":[{"href":"https:\/\/wildhogoverland.com\/index.php?rest_route=\/wp\/v2\/pages"}],"about":[{"href":"https:\/\/wildhogoverland.com\/index.php?rest_route=\/wp\/v2\/types\/page"}],"author":[{"embeddable":true,"href":"https:\/\/wildhogoverland.com\/index.php?rest_route=\/wp\/v2\/users\/1"}],"replies":[{"embeddable":true,"href":"https:\/\/wildhogoverland.com\/index.php?rest_route=%2Fwp%2Fv2%2Fcomments&post=79"}],"version-history":[{"count":8,"href":"https:\/\/wildhogoverland.com\/index.php?rest_route=\/wp\/v2\/pages\/79\/revisions"}],"predecessor-version":[{"id":232,"href":"https:\/\/wildhogoverland.com\/index.php?rest_route=\/wp\/v2\/pages\/79\/revisions\/232"}],"wp:featuredmedia":[{"embeddable":true,"href":"https:\/\/wildhogoverland.com\/index.php?rest_route=\/wp\/v2\/media\/1081"}],"wp:attachment":[{"href":"https:\/\/wildhogoverland.com\/index.php?rest_route=%2Fwp%2Fv2%2Fmedia&parent=79"}],"curies":[{"name":"wp","href":"https:\/\/api.w.org\/{rel}","templated":true}]}}