{"id":76,"date":"2020-06-13T19:51:58","date_gmt":"2020-06-13T19:51:58","guid":{"rendered":"https:\/\/wildhogoverland.com\/?page_id=76"},"modified":"2022-04-14T17:38:35","modified_gmt":"2022-04-14T17:38:35","slug":"terminos-y-condiciones","status":"publish","type":"page","link":"https:\/\/wildhogoverland.com\/?page_id=76","title":{"rendered":"T\u00e9rminos y Condiciones"},"content":{"rendered":"\n<p><\/p>\n\n\n\n<p class=\"has-text-align-center has-medium-font-size\"><strong>USO DE WWW.WILDHOGOVERLAND.COM<\/strong><\/p>\n\n\n\n<p class=\"has-text-align-center has-medium-font-size\">Para realizar compras en www.wildgohoverland.com es necesario contar con 18 a\u00f1os de edad o en su defecto contar con la autorizaci\u00f3n de quien ejerza patria potestad, guarda y custodia del usuario involucrado.<\/p>\n\n\n\n<p class=\"has-text-align-center has-medium-font-size\"><strong>LAS COMUNICACIONES DEL USUARIO<\/strong><\/p>\n\n\n\n<p class=\"has-text-align-center has-medium-font-size\">www.wildgohoverland.com es propietario de cualquier dato que proporciones al sitio de manera voluntaria reserv\u00e1ndose el derecho de devolverlos salvo bajo orden judicial. Cualquier pregunta, cr\u00edtica, comentario y\/o sugerencia enviados a www.wildgohoverland.com, ser\u00e1n exclusivamente de nuestra propiedad y no ser\u00e1n devueltos salvo bajo orden judicial. Por \u00faltimo, en caso de utilizar informaci\u00f3n falsa para cualquiera de las acciones antes mencionadas har\u00e1 inv\u00e1lida la acci\u00f3n. En caso de infringir en el uso de informaci\u00f3n falsa para la difamaci\u00f3n del sitio, ser\u00e1 revocada la licencia de uso del titular de la cuenta real, cancelando as\u00ed cualquier pedido que hubiera realizado liber\u00e1ndonos de cualquier responsabilidad con el infractor.<\/p>\n\n\n\n<p class=\"has-text-align-center has-medium-font-size\"><strong>PROTECCI\u00d3N DE DATOS<\/strong><\/p>\n\n\n\n<p class=\"has-text-align-center has-medium-font-size\"><strong>&nbsp;<\/strong>Todos los datos proporcionados por e usuarios est\u00e1n protegidos por nuestro aviso de privacidad. Puedes consultarlo aqu\u00ed: <a href=\"https:\/\/wildhogoverland.com\/79-2\">https:\/\/wildhogoverland.com\/79-2<\/a><\/p>\n\n\n\n<p class=\"has-text-align-center has-medium-font-size\"><strong>FACTURACI\u00d3N&nbsp;<\/strong><\/p>\n\n\n\n<p class=\"has-text-align-center has-medium-font-size\">Los precios mostrados en el sitio incluyen IVA por lo que el usuario indicar\u00e1 en el formulario de registro si requiere factura, proporcionando &nbsp;los datos fiscales necesarios para la facturaci\u00f3n de su compra. Cualquier error en los datos de la factura ser\u00e1 responsabilidad del usuario y queda en el entendido que es su deber notificar de dicho error para proceder con la facturaci\u00f3n en un plazo no mayor a 3 d\u00edas despu\u00e9s de recibida la factura, as\u00ed como queda bajo la responsabilidad del cliente la correcci\u00f3n de los datos en el formulario para futuras facturaciones.<\/p>\n\n\n\n<p class=\"has-text-align-center has-medium-font-size\"><strong>DERECHOS DE AUTOR&nbsp;<\/strong><\/p>\n\n\n\n<p class=\"has-text-align-center has-medium-font-size\">Todo el contenido alojado y expuesto en el sitio, como textos, gr\u00e1ficos, logotipos, iconos, im\u00e1genes, video, audio es propiedad exclusiva de wildhogoverland.com y est\u00e1 protegido por las leyes de propiedad intelectual.<\/p>\n\n\n\n<p class=\"has-text-align-center has-medium-font-size\"><strong>ENV\u00cdOS&nbsp;<\/strong><\/p>\n\n\n\n<p class=\"has-text-align-center has-medium-font-size\">Los env\u00edos se manejan por FEDEX y dependiendo de su localizaci\u00f3n el envi\u00f3 tarda 1-3 d\u00edas aproximadamente. Los pedidos se procesan diariamente, si recibimos el pago y los datos completos del mismo antes de las 13:00 horas ser\u00e1n enviado ese mismo d\u00eda, en caso contrario ser\u00e1 enviado el d\u00eda h\u00e1bil siguiente.<\/p>\n\n\n\n<p class=\"has-text-align-center has-medium-font-size\">El env\u00edo gratuito aplica a todas las compras mayores a $1500 pesos. <\/p>\n\n\n\n<p><\/p>\n\n\n\n<p class=\"has-text-align-center has-medium-font-size\">POLITICA DE DEVOLUCIONES<\/p>\n\n\n\n<p class=\"has-text-align-center has-medium-font-size\">En caso de cambio o devoluci\u00f3n el producto debe de regresarse en el mismo estado en el que se entreg\u00f3, en un plazo no mayor  a 10 dias, limpio y no debe mostrar se\u00f1ales de uso. Una vez procesada y aprobada la devoluci\u00f3n y\/o cambio se reembolsar\u00e1 el monto correspondiente a los art\u00edculos devueltos a la cuenta bancaria que el cliente elija, descontando el costo del envi\u00f3 original.<\/p>\n\n\n\n<p class=\"has-text-align-center has-medium-font-size\"><strong>CONTACTO:&nbsp;<\/strong><\/p>\n\n\n\n<p class=\"has-text-align-center has-medium-font-size\">info@wildhogoverlad.com<\/p>\n","protected":false},"excerpt":{"rendered":"<p>USO DE WWW.WILDHOGOVERLAND.COM Para realizar compras en www.wildgohoverland.com es necesario contar con 18 a\u00f1os de edad o en su defecto contar con la autorizaci\u00f3n de quien ejerza patria potestad, guarda y custodia del usuario involucrado. LAS COMUNICACIONES DEL USUARIO www.wildgohoverland.com es propietario de cualquier dato que proporciones al sitio de manera voluntaria reserv\u00e1ndose el derecho&hellip;&nbsp;<a href=\"https:\/\/wildhogoverland.com\/?page_id=76\" rel=\"bookmark\">Read More &raquo;<span class=\"screen-reader-text\">T\u00e9rminos y Condiciones<\/span><\/a><\/p>\n","protected":false},"author":1,"featured_media":1081,"parent":0,"menu_order":0,"comment_status":"closed","ping_status":"closed","template":"","meta":{"neve_meta_sidebar":"","neve_meta_container":"","neve_meta_enable_content_width":"","neve_meta_content_width":0,"neve_meta_title_alignment":"","neve_meta_author_avatar":"","neve_post_elements_order":"","neve_meta_disable_header":"","neve_meta_disable_footer":"","neve_meta_disable_title":"on","neve_meta_reading_time":"","footnotes":""},"class_list":["post-76","page","type-page","status-publish","has-post-thumbnail","hentry"],"_links":{"self":[{"href":"https:\/\/wildhogoverland.com\/index.php?rest_route=\/wp\/v2\/pages\/76","targetHints":{"allow":["GET"]}}],"collection":[{"href":"https:\/\/wildhogoverland.com\/index.php?rest_route=\/wp\/v2\/pages"}],"about":[{"href":"https:\/\/wildhogoverland.com\/index.php?rest_route=\/wp\/v2\/types\/page"}],"author":[{"embeddable":true,"href":"https:\/\/wildhogoverland.com\/index.php?rest_route=\/wp\/v2\/users\/1"}],"replies":[{"embeddable":true,"href":"https:\/\/wildhogoverland.com\/index.php?rest_route=%2Fwp%2Fv2%2Fcomments&post=76"}],"version-history":[{"count":20,"href":"https:\/\/wildhogoverland.com\/index.php?rest_route=\/wp\/v2\/pages\/76\/revisions"}],"predecessor-version":[{"id":1600,"href":"https:\/\/wildhogoverland.com\/index.php?rest_route=\/wp\/v2\/pages\/76\/revisions\/1600"}],"wp:featuredmedia":[{"embeddable":true,"href":"https:\/\/wildhogoverland.com\/index.php?rest_route=\/wp\/v2\/media\/1081"}],"wp:attachment":[{"href":"https:\/\/wildhogoverland.com\/index.php?rest_route=%2Fwp%2Fv2%2Fmedia&parent=76"}],"curies":[{"name":"wp","href":"https:\/\/api.w.org\/{rel}","templated":true}]}}