{"id":3585,"date":"2025-05-30T19:55:52","date_gmt":"2025-05-30T19:55:52","guid":{"rendered":"https:\/\/wildhogoverland.com\/?page_id=3585"},"modified":"2025-05-30T20:00:48","modified_gmt":"2025-05-30T20:00:48","slug":"codigos-de-privacidad-en-radios-rugged","status":"publish","type":"page","link":"https:\/\/wildhogoverland.com\/?page_id=3585","title":{"rendered":"C\u00f3digos de privacidad EN RADIOS RUGGED"},"content":{"rendered":"\n<h3 class=\"wp-block-heading\"><strong>\u00bfQu\u00e9 son los C\u00f3digos de Privacidad en los Radios ?<\/strong><\/h3>\n\n\n\n<p>Los c\u00f3digos de privacidad, tambi\u00e9n conocidos como CTCSS (Sistema de Silenciamiento Controlado por Tono Sub-Audible) o DCS (Sistema Digital de Codificaci\u00f3n), no son realmente funciones de privacidad en el sentido estricto de la palabra. En realidad, no impiden que otros escuchen tu conversaci\u00f3n si est\u00e1n en la misma frecuencia y sin estos filtros activados, su verdadero prop\u00f3sito es reducir el ruido no deseado y las interrupciones de otros usuarios en la misma frecuencia.<\/p>\n\n\n\n<h3 class=\"wp-block-heading\"><strong>\u00bfC\u00f3mo Funcionan?<\/strong><\/h3>\n\n\n\n<p>Imagina que compartes una carretera (frecuencia) con otros conductores (usuarios de radio) los c\u00f3digos de privacidad act\u00faan como carriles exclusivos: t\u00fa solo \u201cves\u201d a quienes est\u00e1n en el mismo carril que t\u00fa, esto se logra gracias a un tono especial que se transmite junto con tu voz, si la radio receptora no detecta ese tono espec\u00edfico, simplemente ignora la transmisi\u00f3n.<\/p>\n\n\n\n<h3 class=\"wp-block-heading\"><strong>Tipos de C\u00f3digos<\/strong><\/h3>\n\n\n\n<p>Existen dos sistemas principales:<\/p>\n\n\n\n<ul class=\"wp-block-list\">\n<li><strong>CTCSS (Tonos Anal\u00f3gicos):<\/strong>\u00a0Transmiten un tono de audio constante que el receptor debe coincidir para abrir el canal de audio.<\/li>\n\n\n\n<li><strong>DCS (Digital Code Squelch):<\/strong>\u00a0Utiliza una secuencia digital en lugar de un tono. Esto ofrece m\u00e1s combinaciones y es menos propenso a interferencias.<\/li>\n<\/ul>\n\n\n\n<h3 class=\"wp-block-heading\"><strong>\u00bfRealmente Son Privados?<\/strong><\/h3>\n\n\n\n<p>No. Estos c\u00f3digos no codifican ni encriptan la se\u00f1al, cualquiera con un radio que tenga acceso a la misma frecuencia y sin los c\u00f3digos activados podr\u00e1 escuchar la conversaci\u00f3n, son m\u00e1s bien una herramienta de filtrado que te ayuda a evitar escuchar transmisiones ajenas, pero no impiden que otros escuchen la tuya.<\/p>\n\n\n\n<h3 class=\"wp-block-heading\"><strong>\u00bfCu\u00e1ndo Son \u00datiles?<\/strong><\/h3>\n\n\n\n<ul class=\"wp-block-list\">\n<li>En ambientes con muchas personas usando radios, como en eventos, construcciones o \u00e1reas recreativas.<\/li>\n\n\n\n<li>Cuando se desea mantener la comunicaci\u00f3n clara con un grupo espec\u00edfico, evitando ruido de fondo.<\/li>\n<\/ul>\n\n\n\n<h3 class=\"wp-block-heading\"><strong>\u00bfC\u00f3mo elijo el mejor c\u00f3digo?<\/strong><\/h3>\n\n\n\n<p>No hay un \u201cmejor\u201d c\u00f3digo universal, si notas interferencia en una frecuencia, prueba cambiando a otro canal o a otro c\u00f3digo. Algunos radios tienen una funci\u00f3n llamada \u201cmonitor\u201d o \u201cescucha\u201d que permite o\u00edr todas las transmisiones en un canal sin importar el c\u00f3digo, lo cual puede ser \u00fatil para verificar interferencias.<\/p>\n\n\n\n<h3 class=\"wp-block-heading\"><strong>\u00bfY qu\u00e9 hay de los canales?<\/strong><\/h3>\n\n\n\n<p>Un canal en un radio FRS o GMRS combina una frecuencia con un c\u00f3digo de privacidad. As\u00ed que, por ejemplo, el canal 7 con el c\u00f3digo 15 es diferente al canal 7 con el c\u00f3digo 25, aunque ambos usan la misma frecuencia, esto permite crear m\u00faltiples subcanales dentro de una misma frecuencia.<\/p>\n\n\n\n<p><\/p>\n","protected":false},"excerpt":{"rendered":"<p>\u00bfQu\u00e9 son los C\u00f3digos de Privacidad en los Radios ? Los c\u00f3digos de privacidad, tambi\u00e9n conocidos como CTCSS (Sistema de Silenciamiento Controlado por Tono Sub-Audible) o DCS (Sistema Digital de Codificaci\u00f3n), no son realmente funciones de privacidad en el sentido estricto de la palabra. En realidad, no impiden que otros escuchen tu conversaci\u00f3n si est\u00e1n&hellip;&nbsp;<a href=\"https:\/\/wildhogoverland.com\/?page_id=3585\" rel=\"bookmark\">Read More &raquo;<span class=\"screen-reader-text\">C\u00f3digos de privacidad EN RADIOS RUGGED<\/span><\/a><\/p>\n","protected":false},"author":1,"featured_media":0,"parent":0,"menu_order":0,"comment_status":"closed","ping_status":"closed","template":"","meta":{"neve_meta_sidebar":"","neve_meta_container":"","neve_meta_enable_content_width":"","neve_meta_content_width":0,"neve_meta_title_alignment":"","neve_meta_author_avatar":"","neve_post_elements_order":"","neve_meta_disable_header":"","neve_meta_disable_footer":"","neve_meta_disable_title":"","neve_meta_reading_time":"","footnotes":""},"class_list":["post-3585","page","type-page","status-publish","hentry"],"_links":{"self":[{"href":"https:\/\/wildhogoverland.com\/index.php?rest_route=\/wp\/v2\/pages\/3585","targetHints":{"allow":["GET"]}}],"collection":[{"href":"https:\/\/wildhogoverland.com\/index.php?rest_route=\/wp\/v2\/pages"}],"about":[{"href":"https:\/\/wildhogoverland.com\/index.php?rest_route=\/wp\/v2\/types\/page"}],"author":[{"embeddable":true,"href":"https:\/\/wildhogoverland.com\/index.php?rest_route=\/wp\/v2\/users\/1"}],"replies":[{"embeddable":true,"href":"https:\/\/wildhogoverland.com\/index.php?rest_route=%2Fwp%2Fv2%2Fcomments&post=3585"}],"version-history":[{"count":4,"href":"https:\/\/wildhogoverland.com\/index.php?rest_route=\/wp\/v2\/pages\/3585\/revisions"}],"predecessor-version":[{"id":3591,"href":"https:\/\/wildhogoverland.com\/index.php?rest_route=\/wp\/v2\/pages\/3585\/revisions\/3591"}],"wp:attachment":[{"href":"https:\/\/wildhogoverland.com\/index.php?rest_route=%2Fwp%2Fv2%2Fmedia&parent=3585"}],"curies":[{"name":"wp","href":"https:\/\/api.w.org\/{rel}","templated":true}]}}