{"id":1025,"date":"2021-10-09T23:36:09","date_gmt":"2021-10-09T23:36:09","guid":{"rendered":"https:\/\/wildhogoverland.com\/?page_id=1025"},"modified":"2022-03-07T02:31:54","modified_gmt":"2022-03-07T02:31:54","slug":"1025-2","status":"publish","type":"page","link":"https:\/\/wildhogoverland.com\/?page_id=1025","title":{"rendered":""},"content":{"rendered":"\n<h2 class=\"has-text-align-center has-black-color has-text-color wp-block-heading\"><span style=\"color:#000000\" class=\"tadv-color\">Biograf\u00eda del R\u00edo Atoyac-Balsas. Un Art\u00edculo Geogr\u00e1fico Naturalmente Soez<\/span><\/h2>\n\n\n\n<p class=\"has-text-align-right\"><span style=\"color:#000000\" class=\"tadv-color\">AUTOR: @THE_ GREAT_OUTDOORS_MEXICO <\/span><\/p>\n\n\n\n<p class=\"has-text-align-right has-black-color has-text-color\"><a href=\"https:\/\/www.instagram.com\/the_great_outdoors_mexico\/\" target=\"_blank\" rel=\"noreferrer noopener\">https:\/\/www.instagram.com\/the_great_outdoors_mexico\/<\/a><\/p>\n\n\n\n<p><span style=\"color:#000000\" class=\"tadv-color\">Por superfluo que parezca, pronto te dar\u00e1s cuenta de que el verdadero tema de este art\u00edculo no es la caca en si misma, en adelante denominada \u201caquello\u201d, sino el muy inesperado y maravilloso recorrido que sigue, lo cual encierra una gran iron\u00eda.<\/span><\/p>\n\n\n\n<div id=\"attachment_2061\" class=\"wp-block-image is-style-default\"><figure class=\"aligncenter\"><img decoding=\"async\" src=\"https:\/\/tgomexico.com\/wp-content\/uploads\/Aquello-Inicio-Atoyac.jpg\" alt=\"\" class=\"wp-image-2061\"\/><figcaption><em>Inicio Atoyac<\/em><\/figcaption><\/figure><\/div>\n\n\n\n<p><\/p>\n\n\n\n<p><span style=\"color:#000000\" class=\"tadv-color\">Todo empieza en el km. 0, en las faldas de los volcanes Iztacz\u00edhuatl y Telap\u00f3n en el Estado de Puebla, muy cerca de R\u00edo Fr\u00edo, solo 2 kil\u00f3metros al norte de la Autopista-M\u00e9xico Puebla, como un&nbsp; cristalino arroyo de lluvias. Para quienes no lo sepan, el volc\u00e1n Telap\u00f3n es el tercero de los que forman la cordillera del Popo y el Izta y es la monta\u00f1a que se aprecia a la derecha de la autopista cuando se va de Puebla a M\u00e9xico. Pero antes de que de que hayan pasado siquiera seis kil\u00f3metros, la corriente pierde su inocencia con los primeros \u201caquellos\u201d de la poblaci\u00f3n de Santa Cruz Otatla y adquiere su famoso nombre de R\u00edo Atoyac prosiguiendo su camino hacia San Mart\u00edn Texmelucan donde contin\u00faa enriqueci\u00e9ndose, si as\u00ed lo podemos llamar, y se interna algunos kil\u00f3metros en el Estado de Tlaxcala, donde antes de regresar al Estado de Puebla entrando por el suroeste del Parque Industrial Finsa, o sea, por \u201cla derecha de la Volkswagen\u201d, recibe tambi\u00e9n las aguas a\u00fan inocentes del volc\u00e1n Malitzin.<\/span><\/p>\n\n\n\n<div id=\"attachment_2057\" class=\"wp-block-image is-style-default\"><figure class=\"aligncenter\"><img decoding=\"async\" src=\"https:\/\/tgomexico.com\/wp-content\/uploads\/Aquello-Lago-de-Valsequillo.jpg\" alt=\"\" class=\"wp-image-2057\"\/><figcaption><em>Lago de Valsequillo<\/em><\/figcaption><\/figure><\/div>\n\n\n\n<p><\/p>\n\n\n\n<p>A<span style=\"color:#000000\" class=\"tadv-color\">s\u00ed es como en el km. 63, armado de los torrentes del Iztacz\u00edhuatl, El Telap\u00f3n y La Malinche, pero a\u00fan no del Popocat\u00e9petl, se interna en la Ciudad de Puebla, donde casi no habr\u00e1 colonia acomodada que se le escape, como ver\u00e1n mas adelante. Empieza por cruzar la autopista debajo de un modesto puente que casi nadie nota, contin\u00faa bordeando el Boulevard Est\u00e9ban de Antu\u00f1ano, donde comienza a recibir sus m\u00e1s altas agresiones por parte de \u201caquello\u201d, no sin antes aromatizar al fraccionamiento Las Fuentes, a pesar de su alcurnia. Cruza debajo del puente colonial del Boulevard Forjadores (otrora carretera libre M\u00e9xico-Puebla), cruza la Recta a Cholula entre Zavaleta y Est\u00e9ban de Antu\u00f1ano, cruza el Boulevard Atlixco, donde ahora perfuma al fraccionamiento Villa Magna, y tambi\u00e9n los inunda de vez en cuando, a 300 metros de WalMart Las Animas. Contin\u00faa su recorrido por detr\u00e1s de la colonia Las Animas, con el mismo efecto para los distinguidos. Despu\u00e9s de cruzar la V\u00eda Atlixc\u00e1yotl justo en su inicio, recibe las Aguas del R\u00edo San Francisco, que corre entubado por el Boulevard 5 de Mayo. As\u00ed de fortalecido va m\u00e1s o menos paralelo a la V\u00eda Atlixc\u00e1yotl atufando al fraccionamiento La Vista, cu\u00e1l si su tarea fuese afectar a todo pirruris de las ciudad, m\u00e1s adelante hace lo mismo con los colonos de Bosques de Angel\u00f3polis y delimitando el extremo sur de la ciudad llega al lago de Valsequillo, que por lo tanto esta formado por la presa que contiene las aguas chocolatosas del Rio Atoyac, pero a\u00fan as\u00ed se ve bien desde lejos, atisbando por \u00faltimo las casas de verano de otros m\u00e1s a las orillas del lago, pero solo durante un rato, pues en alg\u00fan momento ser\u00e1 liberado para proseguir su camino, que en t\u00e9rminos pr\u00e1cticos, ni siquiera ha comenzado.<\/span><\/p>\n\n\n\n<div id=\"attachment_2064\" class=\"wp-block-image is-style-default\"><figure class=\"aligncenter\"><img decoding=\"async\" src=\"https:\/\/tgomexico.com\/wp-content\/uploads\/Aquello-Puente-de-Dios.jpg\" alt=\"\" class=\"wp-image-2064\"\/><figcaption><em>Puente de Dios<\/em><\/figcaption><\/figure><\/div>\n\n\n\n<p><\/p>\n\n\n\n<p><span style=\"color:#000000\" class=\"tadv-color\">En el km. 117, por el otro lado del lago de Valsequillo, en su extremo oriente, ya en el municipio de Tecali famoso por sus piezas de m\u00e1rmol, el Rio Atoyac contin\u00faa su camino, bien cargado de \u201caquello\u201d que ning\u00fan irresponsable gobierno se ha encargado de tratar, pero intentando recuperar su inocencia solo con la ayuda de la naturaleza, hacia los f\u00e9rtiles valles de Tepeaca y Tecamachalco donde pasa a formar parte de los vegetales y los animales que nos comemos, aunque no nos guste leerlo as\u00ed, y contin\u00faa a lo largo de la Sierra de Tecamachalco. Por cierto, dicha sierra comienza justo en la cima de la autopista Puebla-Atlixco en la poblaci\u00f3n de Chalchihuapan, en donde est\u00e1n las antenas de comunicaciones y la gente despega en parapente, y termina hasta Tehuac\u00e1n, Puebla. El Rio Atoyac logra cruzar esta sierra a trav\u00e9s de una ca\u00f1ada ubicada 20 km. al suroeste de Tecamachalco, denominada el Puente de Dios, despu\u00e9s de donde poco a poco se interna en los interminables bosques secos y polvosos de la sierra Mixteca de Puebla. Dicha sierra va a dar hasta Oaxaca y sus principales capitales en la \u00e9poca prehisp\u00e1nica, fueron la mism\u00edsima Cholula, Puebla en un extremo y Montealb\u00e1n, Oaxaca en el otro. Despu\u00e9s de cientos de kil\u00f3metros de recorrido entre paisajes monta\u00f1osos llenos de todo tipo plantas cact\u00e1ceas cubiertas de espinas, cruza la carretera entre Izucar de Matamoros y Acatl\u00e1n y mucho despu\u00e9s la carretera entre Izucar de Matamoros y Tehuitzingo debajo del denominado Puente el Marques. Esta regi\u00f3n que es atravesada por el r\u00edo Atoyac se conoce como la tierra caliente y el Estado de Puebla la comparte con los Estados de Oaxaca, Guerrero e inclusive Michoac\u00e1n.<\/span><\/p>\n\n\n\n<div id=\"attachment_2069\" class=\"wp-block-image is-style-default\"><figure class=\"aligncenter\"><img decoding=\"async\" src=\"https:\/\/tgomexico.com\/wp-content\/uploads\/Aquello-Puente-Marques-1.jpg\" alt=\"\" class=\"wp-image-2069\"\/><figcaption><em>Puente Marques<\/em><\/figcaption><\/figure><\/div>\n\n\n\n<p><\/p>\n\n\n\n<p><span style=\"color:#000000\" class=\"tadv-color\">Las regiones de la tierra caliente de estos estados, no solo comparten su paisaje y temperatura sino muchos aspectos sociales determinados por la inaccesibilidad del terreno. Son y han sido base de diversos grupos delincuenciales y subversivos, y por lo mismo tambi\u00e9n han sido refugio de independentistas y revolucionarios por igual, que despu\u00e9s de todo, tambi\u00e9n empezaron consider\u00e1ndose delincuentes. Para darnos m\u00e1s idea, a unos kil\u00f3metros del R\u00edo Atoyac, en Ixcamilpa de Guerrero perteneciente al Estado de Puebla pero en la frontera con Guerrero, se acuartel\u00f3 Vicente Guerrero durante la Independencia; Emiliano Zapata reclut\u00f3 gente de esta zona en la Revoluci\u00f3n y cerca de aqu\u00ed tambi\u00e9n naci\u00f3 el movimiento Antorcha Campesina del M\u00e9xico Moderno. Quien quiera que haya visitado esta regi\u00f3n sabr\u00e1 que aqu\u00ed se respira aire caliente, polvo, miseria e injusticia. A mi me toc\u00f3 sorprender a los ni\u00f1os hablando ingl\u00e9s en el kiosco de un z\u00f3calo y descubrir pueblos rec\u00f3nditos que tienen p\u00e1ginas de Internet asociadas con sus comunidades en Houston, Texas, u otras ciudades de Estados Unidos.<\/span><\/p>\n\n\n\n<p><span style=\"color:#000000\" class=\"tadv-color\">En el km. 307, para cuando termina su traves\u00eda dentro del estado de Puebla, el r\u00edo Atoyac ha descendido desde los 3,000 m. hasta los 700 m. sobre el nivel del mar, se ha abierto paso entre miles de meandros, cerros y monta\u00f1as, y ha recorrido mucho m\u00e1s de la distancia que existe desde Puebla hasta el Golfo de M\u00e9xico, pero curiosamente este r\u00edo no se dirige al Golfo de M\u00e9xico, lo cual parecer\u00eda lo m\u00e1s l\u00f3gico en t\u00e9rminos de distancias, sino al otro lado, hacia al Oceano Pac\u00edfico. Incre\u00edblemente, es hasta este punto, en el l\u00edmite con el Estado de Guerrero, cuando al fin recibe las aguas del volc\u00e1n Popocat\u00e9petl a trav\u00e9s del r\u00edo Nexapa, el cual se origin\u00f3 cerca del mismo punto en donde se origin\u00f3 el R\u00edo Atoyac pero del lado de Atlixco y llev\u00f3 un recorrido menos accidentado. El R\u00edo Atoyac delimita la frontera con Guerrero durante menos de 10 km. hasta que recibe las aguas del r\u00edo Tlapenco, que proviene de alg\u00fan lugar de Oaxaca y es a partir de este punto que se convierte en el famoso R\u00edo Balsas y \u201caquello\u201d se interna en el Estado de Guerrero, aun rodeado de vegetaci\u00f3n predominantemente de clima seco. Cabe mencionar que el citado r\u00edo Tlapenco se origina a 5 km. del origen del R\u00edo Salado, que se convierte en el R\u00edo Papaloapan y desemboca al Golfo de M\u00e9xico, lo cual significa que existe un conmensurable punto en estos 5 kil\u00f3metros de la Sierra de Oaxaca, en donde las aguas de un lado corren hacia el Golfo, mientras que las del otro corren hacia el Pac\u00edfico.<\/span><\/p>\n\n\n\n<div id=\"attachment_2070\" class=\"wp-block-image is-style-default\"><figure class=\"aligncenter\"><img decoding=\"async\" src=\"https:\/\/tgomexico.com\/wp-content\/uploads\/Aquello-Inicio-Rio-Balsas.jpg\" alt=\"\" class=\"wp-image-2070\"\/><figcaption><em>Inicio del Balsas<\/em><\/figcaption><\/figure><\/div>\n\n\n\n<p><\/p>\n\n\n\n<p><span style=\"color:#000000\" class=\"tadv-color\">Dentro de Guerrero, el ahora R\u00edo Balsas pasa junto a diversas poblaciones como Papalutla, donde hay balnearios locales, o Tlacozotitl\u00e1n donde est\u00e1 el santuario del Murci\u00e9lago que es una cueva en donde se pueden ver volar miles de murci\u00e9lagos al caer la tarde, as\u00ed como algunas otras pocas muy peque\u00f1as y aisladas poblaciones hasta llegar al km. 383 en donde cruza debajo de la conocida Autopista del Sol que corre entre la Ciudad de M\u00e9xico y Acapulco. Los mismos poblanos cuando viajan a Acapulco, pueden continuar viendo \u201caquello\u201d mismo desde el mirador del alt\u00edsimo Puente Solidaridad, por si lo extra\u00f1aban. A partir de este punto, el r\u00edo ya no va tan solo, pues pasa junto a diversas poblaciones hasta llegar al lago de la presa del Caracol en el Km. 437, que es como un Valsequillo gigante, pues de extremo a extremo mide mas de 25 km. y tiene una planta hidroel\u00e9ctrica de la C.F.E. Aqu\u00ed la vegetaci\u00f3n si bien no es tropical, ya no es tan seca.<\/span><\/p>\n\n\n\n<div id=\"attachment_2071\" class=\"wp-block-image is-style-default\"><figure class=\"aligncenter\"><img decoding=\"async\" src=\"https:\/\/tgomexico.com\/wp-content\/uploads\/Aquello-Totolapan.jpg\" alt=\"\" class=\"wp-image-2071\"\/><figcaption>Rio Balsas en Totolapan<\/figcaption><\/figure><\/div>\n\n\n\n<p class=\"has-black-color has-text-color\">Casi cien kil\u00f3metros m\u00e1s adelante, en el km. 523 a la altura de la de la poblaci\u00f3n de San Miguel Totolapan, Guerrero, <span style=\"color:#000000\" class=\"tadv-color\">pareciera que el r\u00edo al fin ha recuperado en sus aguas cristalinas la inocencia que perdi\u00f3 en Puebla, pero recuerden \u201caquello\u201d de que la materia no se destruye. Las \u00faltimas poblaciones del Estado de Guerrero que el r\u00edo conoce, son Tlapehuala y Ciudad Altamirano en el km. 723, casi juntas una de la otra. A partir de este punto el r\u00edo nuevamente se contamina. Desde el l\u00edmite con Puebla hasta el l\u00edmite con Michoac\u00e1n, el r\u00edo pr\u00e1cticamente no ha cambiado de latitud, lo cual significa que despu\u00e9s de tantas vueltas solo viaj\u00f3 hacia el oeste, aunque exista la idea de que estaba viajando hacia el sur.<\/span><\/p>\n\n\n\n<div id=\"attachment_2073\" class=\"wp-block-image is-style-default\"><figure class=\"aligncenter\"><img decoding=\"async\" src=\"https:\/\/tgomexico.com\/wp-content\/uploads\/Aquello-Rio-Balsas-en-Kayac.jpg\" alt=\"\" class=\"wp-image-2073\"\/><figcaption><em>R\u00edo Balsas Michoac\u00e1n<\/em><\/figcaption><\/figure><\/div>\n\n\n\n<p><\/p>\n\n\n\n<p><span style=\"color:#000000\" class=\"tadv-color\">Durante el resto del recorrido, el R\u00edo Balsas delimitar\u00e1 la frontera entre Guerrero y Michoac\u00e1n y se volver\u00e1 m\u00e1s solitario que nunca y con un caudal enorme, alcanzando en algunas partes casi 500 metros de ancho, mucho m\u00e1s que en sus modestos or\u00edgenes en el Iztacz\u00edhuatl en donde ni siquiera aspiraba a rebasar los 500 cent\u00edmetros. Es en esta regi\u00f3n, y esto es de mi cosecha, que \u201caquello\u201d pasa a formar parte de la mariguana que se fuman los gringos. As\u00ed es como en el km. 723, el r\u00edo alcanza el lago de la Presa del Infiernillo, su tercera presa y su m\u00e1s grande lago con m\u00e1s 30 km. de extremo a extremo. Solo traten de inferir la temperatura de este lugar a partir de su nombre. Aqu\u00ed el r\u00edo ya est\u00e1 a 200 metros sobre el nivel del mar y al fin se dirige al sur con su caudal reducido por la presa anterior hasta llegar a al lago de la Presa de la Villita en el km. 823, su cuarta presa, que apenas rivaliza en tama\u00f1o e importancia con la primera presa que el r\u00edo conoci\u00f3, la de Valsequillo. Aqu\u00ed el r\u00edo ya puede al fin ver palmeras.<\/span><\/p>\n\n\n\n<div id=\"attachment_2075\" class=\"wp-block-image is-style-default\"><figure class=\"aligncenter\"><img decoding=\"async\" src=\"https:\/\/tgomexico.com\/wp-content\/uploads\/Aquello-Lago-Presa-Infiernillo.jpg\" alt=\"\" class=\"wp-image-2075\"\/><figcaption><em>Presa Infiernillo<\/em><\/figcaption><\/figure><\/div>\n\n\n\n<p><\/p>\n\n\n\n<p><span style=\"color:#000000\" class=\"tadv-color\">Pocos kil\u00f3metros despu\u00e9s, en el km. 850, en la sucia ciudad y puerto de L\u00e1zaro C\u00e1rdenas, Michoac\u00e1n, en donde recibe su pil\u00f3n de \u201caquello\u201d, el r\u00edo finalmente desemboca al Oceano Pac\u00edfico, al otro extremo de la misma, lean bien \u201cla misma\u201d, incipiente bah\u00eda de Ixtapa, Zihuatanejo, de 60 kil\u00f3metros de di\u00e1metro, en donde los poblanos que creyeron que si bien tendr\u00edan que oler el r\u00edo toda su vida, nunca lo tocar\u00edan, ahora de hecho se ba\u00f1an en su aguas mientras vacacionan en Ixtapa.<\/span><\/p>\n\n\n\n<div id=\"attachment_2076\" class=\"wp-block-image is-style-default\"><figure class=\"aligncenter\"><img decoding=\"async\" src=\"https:\/\/tgomexico.com\/wp-content\/uploads\/Aquello-Lazaro-Cardenas.jpg\" alt=\"\" class=\"wp-image-2076\"\/><figcaption><em>R\u00edo Balsas \u2013 L\u00e1zaro C\u00e1rdenas<\/em><\/figcaption><\/figure><\/div>\n\n\n\n<p><\/p>\n\n\n\n<p><span style=\"color:#000000\" class=\"tadv-color\">As\u00ed es como despu\u00e9s de 850 kil\u00f3metros, 3,000 mil metros de altura y 40 grados cent\u00edgrados, desde pinos hasta palmeras pasando por cactus, con contribuciones de 5 estados, sin pagar aviones ni autopistas, el r\u00edo alcanz\u00f3 su destino que en cierta forma es a la vez esperado e inesperado, recorriendo un camino repleto de altas y bajas, bellezas y fealdades, encuentros y desencuentros, a veces solo, a veces acompa\u00f1ado, en resumen lleno de vueltas, con un inicio y un final dif\u00edcil, pero con muchas buenas cosas en medio, como la vida misma, 850 kil\u00f3metros, que son como 85 a\u00f1os. Pero \u00bfen d\u00f3nde termina aquello?, justo donde empez\u00f3, a ver si nos dan ganas de continuar el ciclo.<\/span><\/p>\n\n\n\n<p><\/p>\n\n\n\n<p><\/p>\n","protected":false},"excerpt":{"rendered":"<p>Biograf\u00eda del R\u00edo Atoyac-Balsas. Un Art\u00edculo Geogr\u00e1fico Naturalmente Soez AUTOR: @THE_ GREAT_OUTDOORS_MEXICO https:\/\/www.instagram.com\/the_great_outdoors_mexico\/ Por superfluo que parezca, pronto te dar\u00e1s cuenta de que el verdadero tema de este art\u00edculo no es la caca en si misma, en adelante denominada \u201caquello\u201d, sino el muy inesperado y maravilloso recorrido que sigue, lo cual encierra una gran iron\u00eda.&hellip;&nbsp;<a href=\"https:\/\/wildhogoverland.com\/?page_id=1025\" rel=\"bookmark\">Read More &raquo;<span class=\"screen-reader-text\"><\/span><\/a><\/p>\n","protected":false},"author":1,"featured_media":1037,"parent":0,"menu_order":0,"comment_status":"closed","ping_status":"closed","template":"","meta":{"neve_meta_sidebar":"","neve_meta_container":"","neve_meta_enable_content_width":"","neve_meta_content_width":0,"neve_meta_title_alignment":"","neve_meta_author_avatar":"","neve_post_elements_order":"","neve_meta_disable_header":"","neve_meta_disable_footer":"","neve_meta_disable_title":"","neve_meta_reading_time":"","footnotes":""},"class_list":["post-1025","page","type-page","status-publish","has-post-thumbnail","hentry"],"_links":{"self":[{"href":"https:\/\/wildhogoverland.com\/index.php?rest_route=\/wp\/v2\/pages\/1025","targetHints":{"allow":["GET"]}}],"collection":[{"href":"https:\/\/wildhogoverland.com\/index.php?rest_route=\/wp\/v2\/pages"}],"about":[{"href":"https:\/\/wildhogoverland.com\/index.php?rest_route=\/wp\/v2\/types\/page"}],"author":[{"embeddable":true,"href":"https:\/\/wildhogoverland.com\/index.php?rest_route=\/wp\/v2\/users\/1"}],"replies":[{"embeddable":true,"href":"https:\/\/wildhogoverland.com\/index.php?rest_route=%2Fwp%2Fv2%2Fcomments&post=1025"}],"version-history":[{"count":6,"href":"https:\/\/wildhogoverland.com\/index.php?rest_route=\/wp\/v2\/pages\/1025\/revisions"}],"predecessor-version":[{"id":1088,"href":"https:\/\/wildhogoverland.com\/index.php?rest_route=\/wp\/v2\/pages\/1025\/revisions\/1088"}],"wp:featuredmedia":[{"embeddable":true,"href":"https:\/\/wildhogoverland.com\/index.php?rest_route=\/wp\/v2\/media\/1037"}],"wp:attachment":[{"href":"https:\/\/wildhogoverland.com\/index.php?rest_route=%2Fwp%2Fv2%2Fmedia&parent=1025"}],"curies":[{"name":"wp","href":"https:\/\/api.w.org\/{rel}","templated":true}]}}